{"id":7437,"date":"2025-06-04T14:19:29","date_gmt":"2025-06-04T17:19:29","guid":{"rendered":"http:\/\/wp-paris-paris.test\/?product=givenchy-gentleman-reserve-privee-100-ml-set"},"modified":"2025-10-28T19:43:38","modified_gmt":"2025-10-28T22:43:38","slug":"givenchy-gentleman-reserve-privee-100-ml-set","status":"publish","type":"product","link":"https:\/\/parisparis.movilizame.com.ar\/?product=givenchy-gentleman-reserve-privee-100-ml-set","title":{"rendered":"GIVENCHY &#8211; GENTLEMAN RESERVE PRIVEE 100 ML SET"},"content":{"rendered":"<p><strong>El set incluye:<\/strong><br \/>\n&#8211; Gentleman Reserve Privee EDP 100ml.<br \/>\n&#8211; Shower gel 75 ml.<br \/>\n&#8211; Travel spray 12,5 ml.<\/p>\n<p><strong>Notas de salida:<\/strong>&nbsp;Bergamota.<br \/>\n<strong>Notas de coraz\u00f3n:<\/strong>&nbsp;Iris y casta\u00f1a.<br \/>\n<strong>Notas de fondo:<\/strong>&nbsp;Whisky, notas amaderadas y \u00e1mbar.<\/p>\n<p>Givenchy Gentleman Eau de Parfum Reserve Priv\u00e9e: la intensa fragancia para hombres inspirada en el whisky, en la que las elegantes notas florales contrastan con las profundidades amaderadas.<\/p>\n<p>Combinando la artesan\u00eda de la destilaci\u00f3n de whisky con el savoir-faire de la perfumer\u00eda, se revela una mezcla \u00fanica de perfumes para hombres para conocedores.<\/p>\n<p>\n&nbsp;<\/p>\n","protected":false},"excerpt":{"rendered":"<p>El set incluye: &#8211; Gentleman Reserve Privee EDP 100ml. &#8211; Shower gel 75 ml. &#8211; Travel spray 12,5 ml. Notas&#8230;<\/p>\n","protected":false},"featured_media":8148,"comment_status":"open","ping_status":"closed","template":"","meta":[],"product_brand":[1443],"product_cat":[],"product_tag":[],"class_list":{"0":"post-7437","1":"product","2":"type-product","3":"status-publish","4":"has-post-thumbnail","6":"product_brand-givenchy","8":"first","9":"instock","10":"shipping-taxable","11":"purchasable","12":"product-type-simple"},"_links":{"self":[{"href":"https:\/\/parisparis.movilizame.com.ar\/index.php?rest_route=\/wp\/v2\/product\/7437","targetHints":{"allow":["GET"]}}],"collection":[{"href":"https:\/\/parisparis.movilizame.com.ar\/index.php?rest_route=\/wp\/v2\/product"}],"about":[{"href":"https:\/\/parisparis.movilizame.com.ar\/index.php?rest_route=\/wp\/v2\/types\/product"}],"replies":[{"embeddable":true,"href":"https:\/\/parisparis.movilizame.com.ar\/index.php?rest_route=%2Fwp%2Fv2%2Fcomments&post=7437"}],"wp:featuredmedia":[{"embeddable":true,"href":"https:\/\/parisparis.movilizame.com.ar\/index.php?rest_route=\/wp\/v2\/media\/8148"}],"wp:attachment":[{"href":"https:\/\/parisparis.movilizame.com.ar\/index.php?rest_route=%2Fwp%2Fv2%2Fmedia&parent=7437"}],"wp:term":[{"taxonomy":"product_brand","embeddable":true,"href":"https:\/\/parisparis.movilizame.com.ar\/index.php?rest_route=%2Fwp%2Fv2%2Fproduct_brand&post=7437"},{"taxonomy":"product_cat","embeddable":true,"href":"https:\/\/parisparis.movilizame.com.ar\/index.php?rest_route=%2Fwp%2Fv2%2Fproduct_cat&post=7437"},{"taxonomy":"product_tag","embeddable":true,"href":"https:\/\/parisparis.movilizame.com.ar\/index.php?rest_route=%2Fwp%2Fv2%2Fproduct_tag&post=7437"}],"curies":[{"name":"wp","href":"https:\/\/api.w.org\/{rel}","templated":true}]}}