{"id":7430,"date":"2025-05-26T22:01:13","date_gmt":"2025-05-27T01:01:13","guid":{"rendered":"http:\/\/wp-paris-paris.test\/?product=delineador-fibra-liquido-hyper-precise-all-day-maybelline"},"modified":"2026-01-20T11:55:11","modified_gmt":"2026-01-20T14:55:11","slug":"delineador-fibra-liquido-hyper-precise-all-day-maybelline","status":"publish","type":"product","link":"https:\/\/parisparis.movilizame.com.ar\/?product=delineador-fibra-liquido-hyper-precise-all-day-maybelline","title":{"rendered":"MAYBELLINE &#8211; DELINEADOR FIBRA LIQUIDO HYPER PRECISE ALL DAY"},"content":{"rendered":"<p>El Delineador l\u00edquido Maybelline Hyper Precise All Day , es un delineador l\u00edquido que te da el m\u00e1ximo control para crear el delineado que quieras y adem\u00e1s dura 24 horas! Comenz\u00e1 por delinea la esquina interior del p\u00e1rpado, a lo largo de la l\u00ednea de las pesta\u00f1as siguiendo el contorno de tu ojo. Para un look m\u00e1s dram\u00e1tico, traza una l\u00ednea m\u00e1s gruesa en las esquinas exteriores. Beneficios: Larga duraci\u00f3n.Punta de alta precisi\u00f3n.<\/p>\n","protected":false},"excerpt":{"rendered":"<p>El Delineador l\u00edquido Maybelline Hyper Precise All Day , es un delineador l\u00edquido que te da el m\u00e1ximo control para&#8230;<\/p>\n","protected":false},"featured_media":8141,"comment_status":"open","ping_status":"closed","template":"","meta":[],"product_brand":[1429],"product_cat":[],"product_tag":[],"class_list":{"0":"post-7430","1":"product","2":"type-product","3":"status-publish","4":"has-post-thumbnail","6":"product_brand-maybelline","8":"first","9":"instock","10":"shipping-taxable","11":"purchasable","12":"product-type-simple"},"_links":{"self":[{"href":"https:\/\/parisparis.movilizame.com.ar\/index.php?rest_route=\/wp\/v2\/product\/7430","targetHints":{"allow":["GET"]}}],"collection":[{"href":"https:\/\/parisparis.movilizame.com.ar\/index.php?rest_route=\/wp\/v2\/product"}],"about":[{"href":"https:\/\/parisparis.movilizame.com.ar\/index.php?rest_route=\/wp\/v2\/types\/product"}],"replies":[{"embeddable":true,"href":"https:\/\/parisparis.movilizame.com.ar\/index.php?rest_route=%2Fwp%2Fv2%2Fcomments&post=7430"}],"wp:featuredmedia":[{"embeddable":true,"href":"https:\/\/parisparis.movilizame.com.ar\/index.php?rest_route=\/wp\/v2\/media\/8141"}],"wp:attachment":[{"href":"https:\/\/parisparis.movilizame.com.ar\/index.php?rest_route=%2Fwp%2Fv2%2Fmedia&parent=7430"}],"wp:term":[{"taxonomy":"product_brand","embeddable":true,"href":"https:\/\/parisparis.movilizame.com.ar\/index.php?rest_route=%2Fwp%2Fv2%2Fproduct_brand&post=7430"},{"taxonomy":"product_cat","embeddable":true,"href":"https:\/\/parisparis.movilizame.com.ar\/index.php?rest_route=%2Fwp%2Fv2%2Fproduct_cat&post=7430"},{"taxonomy":"product_tag","embeddable":true,"href":"https:\/\/parisparis.movilizame.com.ar\/index.php?rest_route=%2Fwp%2Fv2%2Fproduct_tag&post=7430"}],"curies":[{"name":"wp","href":"https:\/\/api.w.org\/{rel}","templated":true}]}}