{"id":7429,"date":"2025-05-26T21:53:26","date_gmt":"2025-05-27T00:53:26","guid":{"rendered":"http:\/\/wp-paris-paris.test\/?product=delineador-liquidor-tatoo-liner-play-maybellinetatoo-liner-play-shake-as"},"modified":"2026-01-20T11:56:40","modified_gmt":"2026-01-20T14:56:40","slug":"delineador-liquidor-tatoo-liner-play-maybellinetatoo-liner-play-shake-as","status":"publish","type":"product","link":"https:\/\/parisparis.movilizame.com.ar\/?product=delineador-liquidor-tatoo-liner-play-maybellinetatoo-liner-play-shake-as","title":{"rendered":"MAYBELLINE &#8211; DELINEADOR LIQUIDO TATOO LINER PLAY"},"content":{"rendered":"<p>\u00a1Consegu\u00ed un delineado ultra preciso y lleno de color! Conoc\u00e9 Tattoo Liner Play, el nuevo delineador de ojos l\u00edquido, en 6 colores distintos.<br \/>\nEs a prueba de agua, no se corre y no se transfiere. Dura hasta 48 horas y gracias a su aplicador de punta fina consegu\u00ed un delineado perfecto. Jug\u00e1 con el grosor, curvas o cualquier idea para tener un delineado \u00fanico.<br \/>\n\u00a1Divertite creando looks llenos de color!<\/p>\n<p>&#8211; Delineador l\u00edquido con aplicador de punta fina ultra preciso.<br \/>\n&#8211; Colores vibrantes que duran hasta 48 horas.<br \/>\n&#8211; A prueba de agua, no se corre y no se transfiere.<br \/>\n&#8211; Se remueve f\u00e1cilmente.<br \/>\n&#8211; Todo tipo de piel.<br \/>\n&#8211; D\u00eda y noche.<\/p>\n","protected":false},"excerpt":{"rendered":"<p>\u00a1Consegu\u00ed un delineado ultra preciso y lleno de color! Conoc\u00e9 Tattoo Liner Play, el nuevo delineador de ojos l\u00edquido, en&#8230;<\/p>\n","protected":false},"featured_media":8140,"comment_status":"open","ping_status":"closed","template":"","meta":[],"product_brand":[1429],"product_cat":[],"product_tag":[],"class_list":{"0":"post-7429","1":"product","2":"type-product","3":"status-publish","4":"has-post-thumbnail","6":"product_brand-maybelline","8":"first","9":"instock","10":"shipping-taxable","11":"purchasable","12":"product-type-simple"},"_links":{"self":[{"href":"https:\/\/parisparis.movilizame.com.ar\/index.php?rest_route=\/wp\/v2\/product\/7429","targetHints":{"allow":["GET"]}}],"collection":[{"href":"https:\/\/parisparis.movilizame.com.ar\/index.php?rest_route=\/wp\/v2\/product"}],"about":[{"href":"https:\/\/parisparis.movilizame.com.ar\/index.php?rest_route=\/wp\/v2\/types\/product"}],"replies":[{"embeddable":true,"href":"https:\/\/parisparis.movilizame.com.ar\/index.php?rest_route=%2Fwp%2Fv2%2Fcomments&post=7429"}],"wp:featuredmedia":[{"embeddable":true,"href":"https:\/\/parisparis.movilizame.com.ar\/index.php?rest_route=\/wp\/v2\/media\/8140"}],"wp:attachment":[{"href":"https:\/\/parisparis.movilizame.com.ar\/index.php?rest_route=%2Fwp%2Fv2%2Fmedia&parent=7429"}],"wp:term":[{"taxonomy":"product_brand","embeddable":true,"href":"https:\/\/parisparis.movilizame.com.ar\/index.php?rest_route=%2Fwp%2Fv2%2Fproduct_brand&post=7429"},{"taxonomy":"product_cat","embeddable":true,"href":"https:\/\/parisparis.movilizame.com.ar\/index.php?rest_route=%2Fwp%2Fv2%2Fproduct_cat&post=7429"},{"taxonomy":"product_tag","embeddable":true,"href":"https:\/\/parisparis.movilizame.com.ar\/index.php?rest_route=%2Fwp%2Fv2%2Fproduct_tag&post=7429"}],"curies":[{"name":"wp","href":"https:\/\/api.w.org\/{rel}","templated":true}]}}