{"id":7423,"date":"2025-05-14T12:54:31","date_gmt":"2025-05-14T15:54:31","guid":{"rendered":"http:\/\/wp-paris-paris.test\/?product=chip-skip-opi-tratamiento-esmalte"},"modified":"2025-11-04T18:54:14","modified_gmt":"2025-11-04T21:54:14","slug":"chip-skip-opi-tratamiento-esmalte","status":"publish","type":"product","link":"https:\/\/parisparis.movilizame.com.ar\/?product=chip-skip-opi-tratamiento-esmalte","title":{"rendered":"OPI &#8211; CHIP SKIP OPI TRATAMIENTO ESMALTE"},"content":{"rendered":"<p>Chip Skip es una capa protectora pre-base para u\u00f1as s\u00faper oleosas, previo al esmaltado de f\u00f3rmula tradicional Nail Lacquer.<\/p>\n<p>Con la aplicaci\u00f3n de una sola capa en las u\u00f1as naturales antes de aplicar la base o el esmalte, se evita el deterioro de la laca.<\/p>\n<p>Recomendaci\u00f3n: F\u00f3rmula patentada que prepara la superficie de la u\u00f1a para una mayor adherencia de la laca, alargando as\u00ed el perfecto estado de la manicura<\/p>\n","protected":false},"excerpt":{"rendered":"<p>Chip Skip es una capa protectora pre-base para u\u00f1as s\u00faper oleosas, previo al esmaltado de f\u00f3rmula tradicional Nail Lacquer. Con&#8230;<\/p>\n","protected":false},"featured_media":8134,"comment_status":"open","ping_status":"closed","template":"","meta":[],"product_brand":[1435],"product_cat":[],"product_tag":[],"class_list":{"0":"post-7423","1":"product","2":"type-product","3":"status-publish","4":"has-post-thumbnail","6":"product_brand-opi","8":"first","9":"instock","10":"shipping-taxable","11":"purchasable","12":"product-type-simple"},"_links":{"self":[{"href":"https:\/\/parisparis.movilizame.com.ar\/index.php?rest_route=\/wp\/v2\/product\/7423","targetHints":{"allow":["GET"]}}],"collection":[{"href":"https:\/\/parisparis.movilizame.com.ar\/index.php?rest_route=\/wp\/v2\/product"}],"about":[{"href":"https:\/\/parisparis.movilizame.com.ar\/index.php?rest_route=\/wp\/v2\/types\/product"}],"replies":[{"embeddable":true,"href":"https:\/\/parisparis.movilizame.com.ar\/index.php?rest_route=%2Fwp%2Fv2%2Fcomments&post=7423"}],"wp:featuredmedia":[{"embeddable":true,"href":"https:\/\/parisparis.movilizame.com.ar\/index.php?rest_route=\/wp\/v2\/media\/8134"}],"wp:attachment":[{"href":"https:\/\/parisparis.movilizame.com.ar\/index.php?rest_route=%2Fwp%2Fv2%2Fmedia&parent=7423"}],"wp:term":[{"taxonomy":"product_brand","embeddable":true,"href":"https:\/\/parisparis.movilizame.com.ar\/index.php?rest_route=%2Fwp%2Fv2%2Fproduct_brand&post=7423"},{"taxonomy":"product_cat","embeddable":true,"href":"https:\/\/parisparis.movilizame.com.ar\/index.php?rest_route=%2Fwp%2Fv2%2Fproduct_cat&post=7423"},{"taxonomy":"product_tag","embeddable":true,"href":"https:\/\/parisparis.movilizame.com.ar\/index.php?rest_route=%2Fwp%2Fv2%2Fproduct_tag&post=7423"}],"curies":[{"name":"wp","href":"https:\/\/api.w.org\/{rel}","templated":true}]}}