{"id":7421,"date":"2025-05-14T12:36:05","date_gmt":"2025-05-14T15:36:05","guid":{"rendered":"http:\/\/wp-paris-paris.test\/?product=opi-esmalte-start-to-finish-3-en-1"},"modified":"2025-11-04T18:54:28","modified_gmt":"2025-11-04T21:54:28","slug":"opi-esmalte-start-to-finish-3-en-1","status":"publish","type":"product","link":"https:\/\/parisparis.movilizame.com.ar\/?product=opi-esmalte-start-to-finish-3-en-1","title":{"rendered":"OPI &#8211; ESMALTE START TO FINISH 3 EN 1"},"content":{"rendered":"<h1>Start to Finish Tratamiento 3 en 1<\/h1>\n<p>Una Base Coat, Top Coat y un fortalecedor de u\u00f1as, todo en uno.<\/p>\n<p>Este fortalecedor de u\u00f1as con una f\u00f3rmula multitarea con vitaminas A y E cubre todas las necesidades en un solo envase. Consid\u00e9ralo una maravilla 3 en 1. Base Coat: Protege contra la decoloraci\u00f3n. Top Coat: Proporciona un brillo duradero. Fortalecedor: Ayuda a proteger las u\u00f1as contra el astillado, la descamaci\u00f3n y la rotura cuando se utiliza a diario. \u201c<\/p>\n","protected":false},"excerpt":{"rendered":"<p>Start to Finish Tratamiento 3 en 1 Una Base Coat, Top Coat y un fortalecedor de u\u00f1as, todo en uno&#8230;.<\/p>\n","protected":false},"featured_media":8132,"comment_status":"open","ping_status":"closed","template":"","meta":[],"product_brand":[1435],"product_cat":[],"product_tag":[],"class_list":{"0":"post-7421","1":"product","2":"type-product","3":"status-publish","4":"has-post-thumbnail","6":"product_brand-opi","8":"first","9":"instock","10":"shipping-taxable","11":"purchasable","12":"product-type-simple"},"_links":{"self":[{"href":"https:\/\/parisparis.movilizame.com.ar\/index.php?rest_route=\/wp\/v2\/product\/7421","targetHints":{"allow":["GET"]}}],"collection":[{"href":"https:\/\/parisparis.movilizame.com.ar\/index.php?rest_route=\/wp\/v2\/product"}],"about":[{"href":"https:\/\/parisparis.movilizame.com.ar\/index.php?rest_route=\/wp\/v2\/types\/product"}],"replies":[{"embeddable":true,"href":"https:\/\/parisparis.movilizame.com.ar\/index.php?rest_route=%2Fwp%2Fv2%2Fcomments&post=7421"}],"wp:featuredmedia":[{"embeddable":true,"href":"https:\/\/parisparis.movilizame.com.ar\/index.php?rest_route=\/wp\/v2\/media\/8132"}],"wp:attachment":[{"href":"https:\/\/parisparis.movilizame.com.ar\/index.php?rest_route=%2Fwp%2Fv2%2Fmedia&parent=7421"}],"wp:term":[{"taxonomy":"product_brand","embeddable":true,"href":"https:\/\/parisparis.movilizame.com.ar\/index.php?rest_route=%2Fwp%2Fv2%2Fproduct_brand&post=7421"},{"taxonomy":"product_cat","embeddable":true,"href":"https:\/\/parisparis.movilizame.com.ar\/index.php?rest_route=%2Fwp%2Fv2%2Fproduct_cat&post=7421"},{"taxonomy":"product_tag","embeddable":true,"href":"https:\/\/parisparis.movilizame.com.ar\/index.php?rest_route=%2Fwp%2Fv2%2Fproduct_tag&post=7421"}],"curies":[{"name":"wp","href":"https:\/\/api.w.org\/{rel}","templated":true}]}}