{"id":7420,"date":"2025-04-26T15:21:33","date_gmt":"2025-04-26T18:21:33","guid":{"rendered":"http:\/\/wp-paris-paris.test\/?product=yara-tous-edp-100-ml-arabe"},"modified":"2025-11-28T11:18:30","modified_gmt":"2025-11-28T14:18:30","slug":"yara-tous-edp-100-ml-arabe","status":"publish","type":"product","link":"https:\/\/parisparis.movilizame.com.ar\/?product=yara-tous-edp-100-ml-arabe","title":{"rendered":"LATAFFA &#8211; YARA TOUS EDP 100 ML"},"content":{"rendered":"<p>El perfume\u00a0<strong>Lattafa Yara Tous<\/strong>\u00a0es una fragancia sofisticada, moderna y femenina, dise\u00f1ada para mujeres que desean destacar con un aroma elegante pero cautivador. Pertenece a la colecci\u00f3n de Lattafa, conocida por sus aromas de alta calidad y caracter\u00edsticas \u00fanicas.<\/p>\n<h3>Notas principales:<\/h3>\n<ul>\n<li>Notas de Salida son mango, coco y maracuy\u00e1 (fruta de la pasi\u00f3n)<\/li>\n<li>Notas de Coraz\u00f3n son jazm\u00edn, flor de azahar del naranjo y heliotropo<\/li>\n<li>Notas de Fondo son vainilla, almizcle y cachemira.<\/li>\n<\/ul>\n<h3>Caracter\u00edsticas principales:<\/h3>\n<ul>\n<li><strong>Familia olfativa<\/strong>: Floral, frutal, amaderada.<\/li>\n<li><strong>Estaci\u00f3n ideal<\/strong>: Es una fragancia vers\u00e1til que puede usarse durante todo el a\u00f1o, pero destaca especialmente en primavera y verano.<\/li>\n<li><strong>Duraci\u00f3n<\/strong>: Larga duraci\u00f3n con una estela moderada a intensa, ideal para eventos especiales o uso diario.<\/li>\n<\/ul>\n<p><strong>Lattafa Yara Tous<\/strong>\u00a0es ideal para mujeres que buscan un aroma elegante pero juvenil, con una mezcla armoniosa de frescura y sensualidad. Su dise\u00f1o y perfil olfativo reflejan sofisticaci\u00f3n, convirti\u00e9ndolo en una opci\u00f3n perfecta para ocasiones formales o salidas nocturnas.<\/p>\n","protected":false},"excerpt":{"rendered":"<p>El perfume\u00a0Lattafa Yara Tous\u00a0es una fragancia sofisticada, moderna y femenina, dise\u00f1ada para mujeres que desean destacar con un aroma elegante&#8230;<\/p>\n","protected":false},"featured_media":8543,"comment_status":"open","ping_status":"closed","template":"","meta":[],"product_brand":[1412],"product_cat":[1375,1254,1352,1408],"product_tag":[],"class_list":{"0":"post-7420","1":"product","2":"type-product","3":"status-publish","4":"has-post-thumbnail","6":"product_brand-lataffa","7":"product_cat-fragancias","8":"product_cat-marcas-importadas-","9":"product_cat-lattafa","10":"product_cat-perfumes-arabes","12":"first","13":"instock","14":"shipping-taxable","15":"purchasable","16":"product-type-simple"},"_links":{"self":[{"href":"https:\/\/parisparis.movilizame.com.ar\/index.php?rest_route=\/wp\/v2\/product\/7420","targetHints":{"allow":["GET"]}}],"collection":[{"href":"https:\/\/parisparis.movilizame.com.ar\/index.php?rest_route=\/wp\/v2\/product"}],"about":[{"href":"https:\/\/parisparis.movilizame.com.ar\/index.php?rest_route=\/wp\/v2\/types\/product"}],"replies":[{"embeddable":true,"href":"https:\/\/parisparis.movilizame.com.ar\/index.php?rest_route=%2Fwp%2Fv2%2Fcomments&post=7420"}],"wp:featuredmedia":[{"embeddable":true,"href":"https:\/\/parisparis.movilizame.com.ar\/index.php?rest_route=\/wp\/v2\/media\/8543"}],"wp:attachment":[{"href":"https:\/\/parisparis.movilizame.com.ar\/index.php?rest_route=%2Fwp%2Fv2%2Fmedia&parent=7420"}],"wp:term":[{"taxonomy":"product_brand","embeddable":true,"href":"https:\/\/parisparis.movilizame.com.ar\/index.php?rest_route=%2Fwp%2Fv2%2Fproduct_brand&post=7420"},{"taxonomy":"product_cat","embeddable":true,"href":"https:\/\/parisparis.movilizame.com.ar\/index.php?rest_route=%2Fwp%2Fv2%2Fproduct_cat&post=7420"},{"taxonomy":"product_tag","embeddable":true,"href":"https:\/\/parisparis.movilizame.com.ar\/index.php?rest_route=%2Fwp%2Fv2%2Fproduct_tag&post=7420"}],"curies":[{"name":"wp","href":"https:\/\/api.w.org\/{rel}","templated":true}]}}