{"id":7418,"date":"2025-04-25T15:18:50","date_gmt":"2025-04-25T18:18:50","guid":{"rendered":"http:\/\/wp-paris-paris.test\/?product=victoria-edp-100-ml-arabe-x-100-ml"},"modified":"2025-11-15T11:10:12","modified_gmt":"2025-11-15T14:10:12","slug":"victoria-edp-100-ml-arabe-x-100-ml","status":"publish","type":"product","link":"https:\/\/parisparis.movilizame.com.ar\/?product=victoria-edp-100-ml-arabe-x-100-ml","title":{"rendered":"LATAFFA &#8211; VICTORIA EDP 100 ML"},"content":{"rendered":"<p>Perfume \u00e1rabe con notas de salida de pie de lim\u00f3n, en las notas de coraz\u00f3n encontramos nerol\u00ed, y en las notas de fondo tenemos vainilla.<\/p>\n<p>Es un perfume \u00e1rabe dulce y ligero, al aplicarlo se percibe un pie de lim\u00f3n muy pomposo, acompa\u00f1ado de vainilla y matices c\u00edtricos.<\/p>\n<p>Se siente delicado, avainillado, c\u00edtrico, suave y con toques atalcados.<\/p>\n<p><strong>Este perfume es del estilo Devotion, con matices m\u00e1s delicados y aireados.<\/strong><\/p>\n","protected":false},"excerpt":{"rendered":"<p>Perfume \u00e1rabe con notas de salida de pie de lim\u00f3n, en las notas de coraz\u00f3n encontramos nerol\u00ed, y en las&#8230;<\/p>\n","protected":false},"featured_media":8129,"comment_status":"open","ping_status":"closed","template":"","meta":[],"product_brand":[1412],"product_cat":[1375,1254,1352,1408],"product_tag":[],"class_list":{"0":"post-7418","1":"product","2":"type-product","3":"status-publish","4":"has-post-thumbnail","6":"product_brand-lataffa","7":"product_cat-fragancias","8":"product_cat-marcas-importadas-","9":"product_cat-lattafa","10":"product_cat-perfumes-arabes","12":"first","13":"instock","14":"shipping-taxable","15":"purchasable","16":"product-type-simple"},"_links":{"self":[{"href":"https:\/\/parisparis.movilizame.com.ar\/index.php?rest_route=\/wp\/v2\/product\/7418","targetHints":{"allow":["GET"]}}],"collection":[{"href":"https:\/\/parisparis.movilizame.com.ar\/index.php?rest_route=\/wp\/v2\/product"}],"about":[{"href":"https:\/\/parisparis.movilizame.com.ar\/index.php?rest_route=\/wp\/v2\/types\/product"}],"replies":[{"embeddable":true,"href":"https:\/\/parisparis.movilizame.com.ar\/index.php?rest_route=%2Fwp%2Fv2%2Fcomments&post=7418"}],"wp:featuredmedia":[{"embeddable":true,"href":"https:\/\/parisparis.movilizame.com.ar\/index.php?rest_route=\/wp\/v2\/media\/8129"}],"wp:attachment":[{"href":"https:\/\/parisparis.movilizame.com.ar\/index.php?rest_route=%2Fwp%2Fv2%2Fmedia&parent=7418"}],"wp:term":[{"taxonomy":"product_brand","embeddable":true,"href":"https:\/\/parisparis.movilizame.com.ar\/index.php?rest_route=%2Fwp%2Fv2%2Fproduct_brand&post=7418"},{"taxonomy":"product_cat","embeddable":true,"href":"https:\/\/parisparis.movilizame.com.ar\/index.php?rest_route=%2Fwp%2Fv2%2Fproduct_cat&post=7418"},{"taxonomy":"product_tag","embeddable":true,"href":"https:\/\/parisparis.movilizame.com.ar\/index.php?rest_route=%2Fwp%2Fv2%2Fproduct_tag&post=7418"}],"curies":[{"name":"wp","href":"https:\/\/api.w.org\/{rel}","templated":true}]}}