{"id":7411,"date":"2025-04-03T15:50:34","date_gmt":"2025-04-03T18:50:34","guid":{"rendered":"http:\/\/wp-paris-paris.test\/?product=cher-17-edp-100-ml"},"modified":"2025-11-06T12:10:04","modified_gmt":"2025-11-06T15:10:04","slug":"cher-17-edp-100-ml","status":"publish","type":"product","link":"https:\/\/parisparis.movilizame.com.ar\/?product=cher-17-edp-100-ml","title":{"rendered":"CHER &#8211; 17 EDP 100 ML"},"content":{"rendered":"<p>Una fragancia c\u00edtrica arom\u00e1tica, fresca y vers\u00e1til. Su salida es c\u00edtrica, personalizada con lim\u00f3n, anan\u00e1 y bergamota. Posee adem\u00e1s, un coraz\u00f3n diferente con la presencia de nuez moscada, combinada con violetas y jazm\u00edn. Su fondo marca una presencia masculina con notas de cedro, almizcle y s\u00e1ndalo. Una fragancia c\u00edtrica arom\u00e1tica, inspirada en Londres, cuna del academicismo y el m\u00e1ximo cr\u00e1ter creativo de occidente.<\/p>\n<p>Notas de Salida: lim\u00f3n, bergamota, anan\u00e1.<\/p>\n<p>Notas de Coraz\u00f3n: jazm\u00edn, nuez moscada, violeta.<\/p>\n<p>Notas de Fondo: s\u00e1ndalo, almizcle,cedro.<\/p>\n<p>Aroma: C\u00cdTRICA AROM\u00c1TICA.<\/p>\n","protected":false},"excerpt":{"rendered":"<p>Una fragancia c\u00edtrica arom\u00e1tica, fresca y vers\u00e1til. Su salida es c\u00edtrica, personalizada con lim\u00f3n, anan\u00e1 y bergamota. Posee adem\u00e1s, un&#8230;<\/p>\n","protected":false},"featured_media":8122,"comment_status":"open","ping_status":"closed","template":"","meta":[],"product_brand":[1438],"product_cat":[],"product_tag":[],"class_list":{"0":"post-7411","1":"product","2":"type-product","3":"status-publish","4":"has-post-thumbnail","6":"product_brand-cher","8":"first","9":"instock","10":"shipping-taxable","11":"purchasable","12":"product-type-simple"},"_links":{"self":[{"href":"https:\/\/parisparis.movilizame.com.ar\/index.php?rest_route=\/wp\/v2\/product\/7411","targetHints":{"allow":["GET"]}}],"collection":[{"href":"https:\/\/parisparis.movilizame.com.ar\/index.php?rest_route=\/wp\/v2\/product"}],"about":[{"href":"https:\/\/parisparis.movilizame.com.ar\/index.php?rest_route=\/wp\/v2\/types\/product"}],"replies":[{"embeddable":true,"href":"https:\/\/parisparis.movilizame.com.ar\/index.php?rest_route=%2Fwp%2Fv2%2Fcomments&post=7411"}],"wp:featuredmedia":[{"embeddable":true,"href":"https:\/\/parisparis.movilizame.com.ar\/index.php?rest_route=\/wp\/v2\/media\/8122"}],"wp:attachment":[{"href":"https:\/\/parisparis.movilizame.com.ar\/index.php?rest_route=%2Fwp%2Fv2%2Fmedia&parent=7411"}],"wp:term":[{"taxonomy":"product_brand","embeddable":true,"href":"https:\/\/parisparis.movilizame.com.ar\/index.php?rest_route=%2Fwp%2Fv2%2Fproduct_brand&post=7411"},{"taxonomy":"product_cat","embeddable":true,"href":"https:\/\/parisparis.movilizame.com.ar\/index.php?rest_route=%2Fwp%2Fv2%2Fproduct_cat&post=7411"},{"taxonomy":"product_tag","embeddable":true,"href":"https:\/\/parisparis.movilizame.com.ar\/index.php?rest_route=%2Fwp%2Fv2%2Fproduct_tag&post=7411"}],"curies":[{"name":"wp","href":"https:\/\/api.w.org\/{rel}","templated":true}]}}