{"id":7410,"date":"2025-03-19T15:36:22","date_gmt":"2025-03-19T18:36:22","guid":{"rendered":"http:\/\/wp-paris-paris.test\/?product=mayar-edp-100-ml-arabes"},"modified":"2025-11-17T17:53:58","modified_gmt":"2025-11-17T20:53:58","slug":"mayar-edp-100-ml-arabes","status":"publish","type":"product","link":"https:\/\/parisparis.movilizame.com.ar\/?product=mayar-edp-100-ml-arabes","title":{"rendered":"LATAFFA &#8211; MAYAR EDP 100 ML"},"content":{"rendered":"<p><strong>Mayar<\/strong>\u00a0de\u00a0<strong>Lattafa Perfumes<\/strong>\u00a0es una fragancia de la familia olfativa Floral Frutal FEMENINA.<\/p>\n<p><strong>Mayar<\/strong>\u00a0se lanz\u00f3 en 2022.<\/p>\n<p>Es la combinaci\u00f3n perfecta entre ingredientes que se potencian entre s\u00ed y hacen que sea posible trasladarnos a lugares \u00fanicos. Disfruta de esta fragancia dulce y frutal en todo momento!<\/p>\n<p>Por la combinaci\u00f3n de las notas frutales ademas de a lichi y frambuesas tambi\u00e9n se siente\u00a0maracuy\u00e1.<\/p>\n<p>Inspirado en ANGEL NOVA T. Mugler.<\/p>\n<p>Notas de Salida son lichi, frambuesa y hojas de violeta.<\/p>\n<p>Notas de Coraz\u00f3n son rosa blanca, peon\u00eda y jazm\u00edn.<\/p>\n<p>Notas de Fondo son almizcle y vainilla.<\/p>\n","protected":false},"excerpt":{"rendered":"<p>Mayar\u00a0de\u00a0Lattafa Perfumes\u00a0es una fragancia de la familia olfativa Floral Frutal FEMENINA. Mayar\u00a0se lanz\u00f3 en 2022. Es la combinaci\u00f3n perfecta entre&#8230;<\/p>\n","protected":false},"featured_media":8121,"comment_status":"open","ping_status":"closed","template":"","meta":[],"product_brand":[1412],"product_cat":[1375,1254,1352,1408],"product_tag":[],"class_list":{"0":"post-7410","1":"product","2":"type-product","3":"status-publish","4":"has-post-thumbnail","6":"product_brand-lataffa","7":"product_cat-fragancias","8":"product_cat-marcas-importadas-","9":"product_cat-lattafa","10":"product_cat-perfumes-arabes","12":"first","13":"instock","14":"shipping-taxable","15":"purchasable","16":"product-type-simple"},"_links":{"self":[{"href":"https:\/\/parisparis.movilizame.com.ar\/index.php?rest_route=\/wp\/v2\/product\/7410","targetHints":{"allow":["GET"]}}],"collection":[{"href":"https:\/\/parisparis.movilizame.com.ar\/index.php?rest_route=\/wp\/v2\/product"}],"about":[{"href":"https:\/\/parisparis.movilizame.com.ar\/index.php?rest_route=\/wp\/v2\/types\/product"}],"replies":[{"embeddable":true,"href":"https:\/\/parisparis.movilizame.com.ar\/index.php?rest_route=%2Fwp%2Fv2%2Fcomments&post=7410"}],"wp:featuredmedia":[{"embeddable":true,"href":"https:\/\/parisparis.movilizame.com.ar\/index.php?rest_route=\/wp\/v2\/media\/8121"}],"wp:attachment":[{"href":"https:\/\/parisparis.movilizame.com.ar\/index.php?rest_route=%2Fwp%2Fv2%2Fmedia&parent=7410"}],"wp:term":[{"taxonomy":"product_brand","embeddable":true,"href":"https:\/\/parisparis.movilizame.com.ar\/index.php?rest_route=%2Fwp%2Fv2%2Fproduct_brand&post=7410"},{"taxonomy":"product_cat","embeddable":true,"href":"https:\/\/parisparis.movilizame.com.ar\/index.php?rest_route=%2Fwp%2Fv2%2Fproduct_cat&post=7410"},{"taxonomy":"product_tag","embeddable":true,"href":"https:\/\/parisparis.movilizame.com.ar\/index.php?rest_route=%2Fwp%2Fv2%2Fproduct_tag&post=7410"}],"curies":[{"name":"wp","href":"https:\/\/api.w.org\/{rel}","templated":true}]}}