{"id":7409,"date":"2025-03-19T15:26:04","date_gmt":"2025-03-19T18:26:04","guid":{"rendered":"http:\/\/wp-paris-paris.test\/?product=quimmah-edp-100-ml-arabe"},"modified":"2025-11-12T11:36:21","modified_gmt":"2025-11-12T14:36:21","slug":"quimmah-edp-100-ml-arabe","status":"publish","type":"product","link":"https:\/\/parisparis.movilizame.com.ar\/?product=quimmah-edp-100-ml-arabe","title":{"rendered":"LATAFFA &#8211; QUIMMAH EDP 100 ML"},"content":{"rendered":"<p><strong>Qimmah<\/strong>&nbsp;for Women de Lattafa Perfumes es una fragancia de la familia olfativa femenina.<\/p>\n<p><strong>Qimmah<\/strong>&nbsp;for Women se lanz\u00f3 en 2022.<\/p>\n<p>Un lujo los detalles desde el packaging hasta el.jugo de la fragancia!<\/p>\n<p>Huele super bien! Tiene un aire al perfume Good girl de CH.<\/p>\n<p>Elegante y muy versatil. Para el d\u00eda, noche y cualquier estaci\u00f3n.<\/p>\n<p>Se siente mucho y dura por horas en piel.<\/p>\n<p>Tiene un aroma cremoso&#8230;<br \/>\nEs una vainilla delicada que predomina, le siguen almendra, caf\u00e9, cacao.<br \/>\nDespu\u00e9s los nardos y jazm\u00edn que aportan feminidad, y para el final se nota esas notas caracteristicas de los perfumes arabes con mucho s\u00e1ndalo, y eso lo hace especial !<\/p>\n<p><strong>Notas<\/strong>&nbsp;de Salida son almendra y caf\u00e9.<\/p>\n<p>Notas de Coraz\u00f3n son nardos, jazm\u00edn y haba tonka.<\/p>\n<p>Notas de Fondo son vainilla, s\u00e1ndalo y cacao.<\/p>\n","protected":false},"excerpt":{"rendered":"<p>Qimmah&nbsp;for Women de Lattafa Perfumes es una fragancia de la familia olfativa femenina. Qimmah&nbsp;for Women se lanz\u00f3 en 2022. Un&#8230;<\/p>\n","protected":false},"featured_media":8120,"comment_status":"open","ping_status":"closed","template":"","meta":[],"product_brand":[1412],"product_cat":[1375,1254,1352,1408],"product_tag":[],"class_list":{"0":"post-7409","1":"product","2":"type-product","3":"status-publish","4":"has-post-thumbnail","6":"product_brand-lataffa","7":"product_cat-fragancias","8":"product_cat-marcas-importadas-","9":"product_cat-lattafa","10":"product_cat-perfumes-arabes","12":"first","13":"instock","14":"shipping-taxable","15":"purchasable","16":"product-type-simple"},"_links":{"self":[{"href":"https:\/\/parisparis.movilizame.com.ar\/index.php?rest_route=\/wp\/v2\/product\/7409","targetHints":{"allow":["GET"]}}],"collection":[{"href":"https:\/\/parisparis.movilizame.com.ar\/index.php?rest_route=\/wp\/v2\/product"}],"about":[{"href":"https:\/\/parisparis.movilizame.com.ar\/index.php?rest_route=\/wp\/v2\/types\/product"}],"replies":[{"embeddable":true,"href":"https:\/\/parisparis.movilizame.com.ar\/index.php?rest_route=%2Fwp%2Fv2%2Fcomments&post=7409"}],"wp:featuredmedia":[{"embeddable":true,"href":"https:\/\/parisparis.movilizame.com.ar\/index.php?rest_route=\/wp\/v2\/media\/8120"}],"wp:attachment":[{"href":"https:\/\/parisparis.movilizame.com.ar\/index.php?rest_route=%2Fwp%2Fv2%2Fmedia&parent=7409"}],"wp:term":[{"taxonomy":"product_brand","embeddable":true,"href":"https:\/\/parisparis.movilizame.com.ar\/index.php?rest_route=%2Fwp%2Fv2%2Fproduct_brand&post=7409"},{"taxonomy":"product_cat","embeddable":true,"href":"https:\/\/parisparis.movilizame.com.ar\/index.php?rest_route=%2Fwp%2Fv2%2Fproduct_cat&post=7409"},{"taxonomy":"product_tag","embeddable":true,"href":"https:\/\/parisparis.movilizame.com.ar\/index.php?rest_route=%2Fwp%2Fv2%2Fproduct_tag&post=7409"}],"curies":[{"name":"wp","href":"https:\/\/api.w.org\/{rel}","templated":true}]}}