{"id":7408,"date":"2025-03-19T15:20:45","date_gmt":"2025-03-19T18:20:45","guid":{"rendered":"http:\/\/wp-paris-paris.test\/?product=asad-edp-100-ml-arabe-x-100-ml"},"modified":"2025-11-12T11:36:36","modified_gmt":"2025-11-12T14:36:36","slug":"asad-edp-100-ml-arabe-x-100-ml","status":"publish","type":"product","link":"https:\/\/parisparis.movilizame.com.ar\/?product=asad-edp-100-ml-arabe-x-100-ml","title":{"rendered":"LATAFFA &#8211; ASAD EDP 100 ML"},"content":{"rendered":"<p><strong>Asad<\/strong>&nbsp;de&nbsp;<strong>Lattafa Perfumes<\/strong>&nbsp;es una fragancia de la familia olfativa Oriental MASCULINA.&nbsp;<\/p>\n<p><strong>Asad<\/strong>&nbsp;se lanz\u00f3 en 2021.<\/p>\n<p>Esta cautivadora fragancia \u00c1mbar para Hombres cautiva desde el primer instante. Las Notas de Salida de pimienta negra, pi\u00f1a y tabaco establecen un tono audaz y enigm\u00e1tico. El coraz\u00f3n de pachul\u00ed, caf\u00e9 e iris teje una trama cautivadora, mientras las Notas de Fondo de vainilla, \u00e1mbar, Madera seca, benju\u00ed y l\u00e1dano crean una estela duradera.<\/p>\n<p>Asad es una declaraci\u00f3n de car\u00e1cter y estilo, una sinfon\u00eda olfativa que cautiva los sentidos y deja una impresi\u00f3n inolvidable.&nbsp;<\/p>\n<p>Notas de Salida son pimienta negra, tabaco y pi\u00f1a.<\/p>\n<p>Notas de Coraz\u00f3n son pachul\u00ed, caf\u00e9 y iris.<\/p>\n<p>Notas de Fondo son vainilla, \u00e1mbar, Madera seca, benju\u00ed y l\u00e1dano.<\/p>\n","protected":false},"excerpt":{"rendered":"<p>Asad&nbsp;de&nbsp;Lattafa Perfumes&nbsp;es una fragancia de la familia olfativa Oriental MASCULINA.&nbsp; Asad&nbsp;se lanz\u00f3 en 2021. Esta cautivadora fragancia \u00c1mbar para Hombres&#8230;<\/p>\n","protected":false},"featured_media":8119,"comment_status":"open","ping_status":"closed","template":"","meta":[],"product_brand":[1412],"product_cat":[1375,1254,1352,1408],"product_tag":[],"class_list":{"0":"post-7408","1":"product","2":"type-product","3":"status-publish","4":"has-post-thumbnail","6":"product_brand-lataffa","7":"product_cat-fragancias","8":"product_cat-marcas-importadas-","9":"product_cat-lattafa","10":"product_cat-perfumes-arabes","12":"first","13":"instock","14":"shipping-taxable","15":"purchasable","16":"product-type-simple"},"_links":{"self":[{"href":"https:\/\/parisparis.movilizame.com.ar\/index.php?rest_route=\/wp\/v2\/product\/7408","targetHints":{"allow":["GET"]}}],"collection":[{"href":"https:\/\/parisparis.movilizame.com.ar\/index.php?rest_route=\/wp\/v2\/product"}],"about":[{"href":"https:\/\/parisparis.movilizame.com.ar\/index.php?rest_route=\/wp\/v2\/types\/product"}],"replies":[{"embeddable":true,"href":"https:\/\/parisparis.movilizame.com.ar\/index.php?rest_route=%2Fwp%2Fv2%2Fcomments&post=7408"}],"wp:featuredmedia":[{"embeddable":true,"href":"https:\/\/parisparis.movilizame.com.ar\/index.php?rest_route=\/wp\/v2\/media\/8119"}],"wp:attachment":[{"href":"https:\/\/parisparis.movilizame.com.ar\/index.php?rest_route=%2Fwp%2Fv2%2Fmedia&parent=7408"}],"wp:term":[{"taxonomy":"product_brand","embeddable":true,"href":"https:\/\/parisparis.movilizame.com.ar\/index.php?rest_route=%2Fwp%2Fv2%2Fproduct_brand&post=7408"},{"taxonomy":"product_cat","embeddable":true,"href":"https:\/\/parisparis.movilizame.com.ar\/index.php?rest_route=%2Fwp%2Fv2%2Fproduct_cat&post=7408"},{"taxonomy":"product_tag","embeddable":true,"href":"https:\/\/parisparis.movilizame.com.ar\/index.php?rest_route=%2Fwp%2Fv2%2Fproduct_tag&post=7408"}],"curies":[{"name":"wp","href":"https:\/\/api.w.org\/{rel}","templated":true}]}}