{"id":7407,"date":"2025-03-19T15:03:38","date_gmt":"2025-03-19T18:03:38","guid":{"rendered":"http:\/\/wp-paris-paris.test\/?product=emaan-lataffa-edp-100-ml-arabe-x-100-ml"},"modified":"2025-11-15T11:15:23","modified_gmt":"2025-11-15T14:15:23","slug":"emaan-lataffa-edp-100-ml-arabe-x-100-ml","status":"publish","type":"product","link":"https:\/\/parisparis.movilizame.com.ar\/?product=emaan-lataffa-edp-100-ml-arabe-x-100-ml","title":{"rendered":"LATAFFA &#8211; EMAAN EDP 100 ML"},"content":{"rendered":"<p>Un verdadero lujo los detalles en el estuche y el frasco una Joya revestido en terciopelo azul!<\/p>\n<p>Emaan\u00a0de\u00a0Lattafa Perfumes\u00a0es una fragancia de la familia olfativa Chipre Floral FEMENINA.<\/p>\n<p>Una inspiradora interpretaci\u00f3n de My Way de Armani.<\/p>\n<p>Esta fragancia floral blanca destaca por su nota principal de nardo, junto con una linda salida c\u00edtrica y una base amaderada!<\/p>\n<p>Con una performance excelente!<\/p>\n<p>Las Notas de Salida son flor de azahar del naranjo, bergamota y grosellas negras.<br \/>\nNotas de Coraz\u00f3n son nardos, jazm\u00edn y cal\u00e9ndula.<br \/>\nNotas de Fondo son vainilla, almizcle, pachul\u00ed y cedro.<\/p>\n","protected":false},"excerpt":{"rendered":"<p>Un verdadero lujo los detalles en el estuche y el frasco una Joya revestido en terciopelo azul! Emaan\u00a0de\u00a0Lattafa Perfumes\u00a0es una&#8230;<\/p>\n","protected":false},"featured_media":8118,"comment_status":"open","ping_status":"closed","template":"","meta":[],"product_brand":[1412],"product_cat":[1375,1254,1352,1408],"product_tag":[],"class_list":{"0":"post-7407","1":"product","2":"type-product","3":"status-publish","4":"has-post-thumbnail","6":"product_brand-lataffa","7":"product_cat-fragancias","8":"product_cat-marcas-importadas-","9":"product_cat-lattafa","10":"product_cat-perfumes-arabes","12":"first","13":"instock","14":"shipping-taxable","15":"purchasable","16":"product-type-simple"},"_links":{"self":[{"href":"https:\/\/parisparis.movilizame.com.ar\/index.php?rest_route=\/wp\/v2\/product\/7407","targetHints":{"allow":["GET"]}}],"collection":[{"href":"https:\/\/parisparis.movilizame.com.ar\/index.php?rest_route=\/wp\/v2\/product"}],"about":[{"href":"https:\/\/parisparis.movilizame.com.ar\/index.php?rest_route=\/wp\/v2\/types\/product"}],"replies":[{"embeddable":true,"href":"https:\/\/parisparis.movilizame.com.ar\/index.php?rest_route=%2Fwp%2Fv2%2Fcomments&post=7407"}],"wp:featuredmedia":[{"embeddable":true,"href":"https:\/\/parisparis.movilizame.com.ar\/index.php?rest_route=\/wp\/v2\/media\/8118"}],"wp:attachment":[{"href":"https:\/\/parisparis.movilizame.com.ar\/index.php?rest_route=%2Fwp%2Fv2%2Fmedia&parent=7407"}],"wp:term":[{"taxonomy":"product_brand","embeddable":true,"href":"https:\/\/parisparis.movilizame.com.ar\/index.php?rest_route=%2Fwp%2Fv2%2Fproduct_brand&post=7407"},{"taxonomy":"product_cat","embeddable":true,"href":"https:\/\/parisparis.movilizame.com.ar\/index.php?rest_route=%2Fwp%2Fv2%2Fproduct_cat&post=7407"},{"taxonomy":"product_tag","embeddable":true,"href":"https:\/\/parisparis.movilizame.com.ar\/index.php?rest_route=%2Fwp%2Fv2%2Fproduct_tag&post=7407"}],"curies":[{"name":"wp","href":"https:\/\/api.w.org\/{rel}","templated":true}]}}