{"id":7394,"date":"2025-02-25T22:08:56","date_gmt":"2025-02-26T01:08:56","guid":{"rendered":"http:\/\/wp-paris-paris.test\/?product=vinyl-ink-labial-liquido-brillante-maybelline"},"modified":"2026-01-20T11:57:40","modified_gmt":"2026-01-20T14:57:40","slug":"vinyl-ink-labial-liquido-brillante-maybelline","status":"publish","type":"product","link":"https:\/\/parisparis.movilizame.com.ar\/?product=vinyl-ink-labial-liquido-brillante-maybelline","title":{"rendered":"MAYBELLINE &#8211; VINYL INK LABIAL LIQUIDO BRILLANTE"},"content":{"rendered":"<p>Llega el color de labios l\u00edquido Super Stay Vinyl Ink de larga duraci\u00f3n, para un color vinilo resistente al difuminado y hasta 16&nbsp;horas de duraci\u00f3n.<\/p>\n<p>Su f\u00f3rmula Color Lock de larga duraci\u00f3n desaf\u00eda el difuminado y la transferencia con un brillo instant\u00e1neo.<\/p>\n<p>Ag\u00edtalo antes de usarlo y apl\u00edcatelo sobre los labios limpios y secos.<\/p>\n<p>Disponible en 5 nuevos tonos<\/p>\n<p>15 PEACHY<\/p>\n<p>40 WITTI<\/p>\n<p>55 ROYAL&nbsp;<\/p>\n<p>95 CAPTIVATED<\/p>\n<p>100 CHARMED<\/p>\n","protected":false},"excerpt":{"rendered":"<p>Llega el color de labios l\u00edquido Super Stay Vinyl Ink de larga duraci\u00f3n, para un color vinilo resistente al difuminado&#8230;<\/p>\n","protected":false},"featured_media":8106,"comment_status":"open","ping_status":"closed","template":"","meta":[],"product_brand":[1429],"product_cat":[],"product_tag":[],"class_list":{"0":"post-7394","1":"product","2":"type-product","3":"status-publish","4":"has-post-thumbnail","6":"product_brand-maybelline","8":"first","9":"instock","10":"shipping-taxable","11":"purchasable","12":"product-type-simple"},"_links":{"self":[{"href":"https:\/\/parisparis.movilizame.com.ar\/index.php?rest_route=\/wp\/v2\/product\/7394","targetHints":{"allow":["GET"]}}],"collection":[{"href":"https:\/\/parisparis.movilizame.com.ar\/index.php?rest_route=\/wp\/v2\/product"}],"about":[{"href":"https:\/\/parisparis.movilizame.com.ar\/index.php?rest_route=\/wp\/v2\/types\/product"}],"replies":[{"embeddable":true,"href":"https:\/\/parisparis.movilizame.com.ar\/index.php?rest_route=%2Fwp%2Fv2%2Fcomments&post=7394"}],"wp:featuredmedia":[{"embeddable":true,"href":"https:\/\/parisparis.movilizame.com.ar\/index.php?rest_route=\/wp\/v2\/media\/8106"}],"wp:attachment":[{"href":"https:\/\/parisparis.movilizame.com.ar\/index.php?rest_route=%2Fwp%2Fv2%2Fmedia&parent=7394"}],"wp:term":[{"taxonomy":"product_brand","embeddable":true,"href":"https:\/\/parisparis.movilizame.com.ar\/index.php?rest_route=%2Fwp%2Fv2%2Fproduct_brand&post=7394"},{"taxonomy":"product_cat","embeddable":true,"href":"https:\/\/parisparis.movilizame.com.ar\/index.php?rest_route=%2Fwp%2Fv2%2Fproduct_cat&post=7394"},{"taxonomy":"product_tag","embeddable":true,"href":"https:\/\/parisparis.movilizame.com.ar\/index.php?rest_route=%2Fwp%2Fv2%2Fproduct_tag&post=7394"}],"curies":[{"name":"wp","href":"https:\/\/api.w.org\/{rel}","templated":true}]}}