{"id":7391,"date":"2025-02-25T21:37:29","date_gmt":"2025-02-26T00:37:29","guid":{"rendered":"http:\/\/wp-paris-paris.test\/?product=yara-candy-edp-100-ml-lataffa-arabe-x-100-ml"},"modified":"2025-11-15T11:16:50","modified_gmt":"2025-11-15T14:16:50","slug":"yara-candy-edp-100-ml-lataffa-arabe-x-100-ml","status":"publish","type":"product","link":"https:\/\/parisparis.movilizame.com.ar\/?product=yara-candy-edp-100-ml-lataffa-arabe-x-100-ml","title":{"rendered":"LATAFFA &#8211; YARA CANDY EDP 100 ML"},"content":{"rendered":"<p>Yara Candy de Lattafa Perfumes, perfume femenino que pertenece a la familia floral frutal gourmand, conocido\u00a0por sus deliciosas notas dulces y afrutadas. Lanzado en 2024, este perfume ha ganado popularidad r\u00e1pidamente y se ha convertido en un \u00e9xito.<\/p>\n<p>Yara Candy abre un portal a un mundo de aromas exquisitos y notas seductoras, y es el acompa\u00f1amiento olfativo perfecto femenino de acordes florales, afrutados y gourmand en sus perfumes.<\/p>\n<p>La combinaci\u00f3n de la vigorizante mandarina y la suculenta efervescencia de la fresa en las notas de salida crea un estallido inicial de frescor, seguido de un aroma delicado y tropical, que lo convierte en una experiencia olfativa verdaderamente \u00fanica y refrescante. El coraz\u00f3n de la fragancia es una celebraci\u00f3n de lo delicioso, con deliciosas notas de gardenia y fresa que desprenden una esencia dulce y floral, mientras que las notas de fondo de vainilla, almizcle y \u00e1mbar aportan un trasfondo c\u00e1lido y sensual, dando como resultado un aroma irresistiblemente seductor y duradero.<\/p>\n<p>Lo que distingue a Yara Candy es su atractivo universal, que trasciende la edad y la estaci\u00f3n. Emana un aroma dulce y afrutado con un toque de elegancia, que lo hace adecuado para usuarias de todas las edades y perfecto para cualquier \u00e9poca del a\u00f1o. La estela deliciosa y duradera de esta fragancia la convierte en una elecci\u00f3n vers\u00e1til y muy apreciada para diversas ocasiones, ya sea un d\u00eda de paseo informal o un evento nocturno especial. La cuidada mezcla de notas, con una dulzura predominante y un toque floral y frutal, contribuye al encanto perdurable de Yara Candy, estableci\u00e9ndolo como un aroma de referencia para muchas mujeres que buscan una firma olfativa desenfadada pero sofisticada.<\/p>\n","protected":false},"excerpt":{"rendered":"<p>Yara Candy de Lattafa Perfumes, perfume femenino que pertenece a la familia floral frutal gourmand, conocido\u00a0por sus deliciosas notas dulces&#8230;<\/p>\n","protected":false},"featured_media":8103,"comment_status":"open","ping_status":"closed","template":"","meta":[],"product_brand":[1412],"product_cat":[1375,1254,1352,1408],"product_tag":[],"class_list":{"0":"post-7391","1":"product","2":"type-product","3":"status-publish","4":"has-post-thumbnail","6":"product_brand-lataffa","7":"product_cat-fragancias","8":"product_cat-marcas-importadas-","9":"product_cat-lattafa","10":"product_cat-perfumes-arabes","12":"first","13":"instock","14":"shipping-taxable","15":"purchasable","16":"product-type-simple"},"_links":{"self":[{"href":"https:\/\/parisparis.movilizame.com.ar\/index.php?rest_route=\/wp\/v2\/product\/7391","targetHints":{"allow":["GET"]}}],"collection":[{"href":"https:\/\/parisparis.movilizame.com.ar\/index.php?rest_route=\/wp\/v2\/product"}],"about":[{"href":"https:\/\/parisparis.movilizame.com.ar\/index.php?rest_route=\/wp\/v2\/types\/product"}],"replies":[{"embeddable":true,"href":"https:\/\/parisparis.movilizame.com.ar\/index.php?rest_route=%2Fwp%2Fv2%2Fcomments&post=7391"}],"wp:featuredmedia":[{"embeddable":true,"href":"https:\/\/parisparis.movilizame.com.ar\/index.php?rest_route=\/wp\/v2\/media\/8103"}],"wp:attachment":[{"href":"https:\/\/parisparis.movilizame.com.ar\/index.php?rest_route=%2Fwp%2Fv2%2Fmedia&parent=7391"}],"wp:term":[{"taxonomy":"product_brand","embeddable":true,"href":"https:\/\/parisparis.movilizame.com.ar\/index.php?rest_route=%2Fwp%2Fv2%2Fproduct_brand&post=7391"},{"taxonomy":"product_cat","embeddable":true,"href":"https:\/\/parisparis.movilizame.com.ar\/index.php?rest_route=%2Fwp%2Fv2%2Fproduct_cat&post=7391"},{"taxonomy":"product_tag","embeddable":true,"href":"https:\/\/parisparis.movilizame.com.ar\/index.php?rest_route=%2Fwp%2Fv2%2Fproduct_tag&post=7391"}],"curies":[{"name":"wp","href":"https:\/\/api.w.org\/{rel}","templated":true}]}}