{"id":7384,"date":"2025-02-24T22:50:41","date_gmt":"2025-02-25T01:50:41","guid":{"rendered":"http:\/\/wp-paris-paris.test\/?product=rimmel-delineador-en-fibra-ink-ultimate-liner-001"},"modified":"2025-11-04T19:03:58","modified_gmt":"2025-11-04T22:03:58","slug":"rimmel-delineador-en-fibra-ink-ultimate-liner-001","status":"publish","type":"product","link":"https:\/\/parisparis.movilizame.com.ar\/?product=rimmel-delineador-en-fibra-ink-ultimate-liner-001","title":{"rendered":"RIMMEL &#8211; DELINEADOR EN FIBRA INK ULTIMATE LINER 001"},"content":{"rendered":"<p>Es un delineador l\u00edquido intensamente pigmentado que dura horas.<\/p>\n<p>Ofrece un acabado mate ultra negro de alto impacto<\/p>\n<p>La f\u00f3rmula resistente al agua y a prueba de manchas es f\u00e1cil de aplicar.<\/p>\n<p>La punta de fieltro de precisi\u00f3n s\u00faper afilada se desliza sobre la sombra de ojos.<\/p>\n<p>El delinador de ojos Wonder\u00ednk Extreme Wear est\u00e1 probado por oftalm\u00f3logos, es seguro para ojos sensibles.<\/p>\n","protected":false},"excerpt":{"rendered":"<p>Es un delineador l\u00edquido intensamente pigmentado que dura horas. Ofrece un acabado mate ultra negro de alto impacto La f\u00f3rmula&#8230;<\/p>\n","protected":false},"featured_media":8096,"comment_status":"open","ping_status":"closed","template":"","meta":[],"product_brand":[1436],"product_cat":[],"product_tag":[],"class_list":{"0":"post-7384","1":"product","2":"type-product","3":"status-publish","4":"has-post-thumbnail","6":"product_brand-rimmel","8":"first","9":"instock","10":"shipping-taxable","11":"purchasable","12":"product-type-simple"},"_links":{"self":[{"href":"https:\/\/parisparis.movilizame.com.ar\/index.php?rest_route=\/wp\/v2\/product\/7384","targetHints":{"allow":["GET"]}}],"collection":[{"href":"https:\/\/parisparis.movilizame.com.ar\/index.php?rest_route=\/wp\/v2\/product"}],"about":[{"href":"https:\/\/parisparis.movilizame.com.ar\/index.php?rest_route=\/wp\/v2\/types\/product"}],"replies":[{"embeddable":true,"href":"https:\/\/parisparis.movilizame.com.ar\/index.php?rest_route=%2Fwp%2Fv2%2Fcomments&post=7384"}],"wp:featuredmedia":[{"embeddable":true,"href":"https:\/\/parisparis.movilizame.com.ar\/index.php?rest_route=\/wp\/v2\/media\/8096"}],"wp:attachment":[{"href":"https:\/\/parisparis.movilizame.com.ar\/index.php?rest_route=%2Fwp%2Fv2%2Fmedia&parent=7384"}],"wp:term":[{"taxonomy":"product_brand","embeddable":true,"href":"https:\/\/parisparis.movilizame.com.ar\/index.php?rest_route=%2Fwp%2Fv2%2Fproduct_brand&post=7384"},{"taxonomy":"product_cat","embeddable":true,"href":"https:\/\/parisparis.movilizame.com.ar\/index.php?rest_route=%2Fwp%2Fv2%2Fproduct_cat&post=7384"},{"taxonomy":"product_tag","embeddable":true,"href":"https:\/\/parisparis.movilizame.com.ar\/index.php?rest_route=%2Fwp%2Fv2%2Fproduct_tag&post=7384"}],"curies":[{"name":"wp","href":"https:\/\/api.w.org\/{rel}","templated":true}]}}