{"id":7382,"date":"2025-02-24T14:41:01","date_gmt":"2025-02-24T17:41:01","guid":{"rendered":"http:\/\/wp-paris-paris.test\/?product=club-de-nuit-untold-105-ml-armaf-x-100-ml"},"modified":"2025-11-15T11:43:57","modified_gmt":"2025-11-15T14:43:57","slug":"club-de-nuit-untold-105-ml-armaf-x-100-ml","status":"publish","type":"product","link":"https:\/\/parisparis.movilizame.com.ar\/?product=club-de-nuit-untold-105-ml-armaf-x-100-ml","title":{"rendered":"ARMAF &#8211; CLUB DE NUIT UNTOLD 105 ML"},"content":{"rendered":"<p>Fragancia UNISEX<\/p>\n<p>Una experiencia olfativa \u00fanica y emocionante. Con sus notas complejas y su composici\u00f3n equilibrada, Club de Nuit Untold se presenta como una opci\u00f3n vers\u00e1til para diversos momentos y situaciones.<\/p>\n<ul>\n<li><strong>Notas de Salida:<\/strong>\n<ul>\n<li>Azares<\/li>\n<li>Azafr\u00e1n<\/li>\n<li>Jazm\u00edn<\/li>\n<\/ul>\n<\/li>\n<li><strong>Notas de Coraz\u00f3n:<\/strong>\n<ul>\n<li>Ambar<\/li>\n<li>Resina de Abeto<\/li>\n<li>Madera de \u00c1mbar<\/li>\n<\/ul>\n<\/li>\n<li><strong>Notas de Fondo:<\/strong>\n<ul>\n<li>Pralin\u00e9<\/li>\n<li>Almizcle Blanco<\/li>\n<li>Musgo de Roble<\/li>\n<\/ul>\n<\/li>\n<\/ul>\n<p>Alta duraci\u00f3n y proyecci\u00f3n<\/p>\n<ul>\n<li>Inspiraci\u00f3n en la prestigiosa fragancia Baccarat Rouge 540<\/li>\n<\/ul>\n","protected":false},"excerpt":{"rendered":"<p>Fragancia UNISEX Una experiencia olfativa \u00fanica y emocionante. Con sus notas complejas y su composici\u00f3n equilibrada, Club de Nuit Untold&#8230;<\/p>\n","protected":false},"featured_media":8094,"comment_status":"open","ping_status":"closed","template":"","meta":[],"product_brand":[1415],"product_cat":[],"product_tag":[],"class_list":{"0":"post-7382","1":"product","2":"type-product","3":"status-publish","4":"has-post-thumbnail","6":"product_brand-armaf","8":"first","9":"instock","10":"shipping-taxable","11":"purchasable","12":"product-type-simple"},"_links":{"self":[{"href":"https:\/\/parisparis.movilizame.com.ar\/index.php?rest_route=\/wp\/v2\/product\/7382","targetHints":{"allow":["GET"]}}],"collection":[{"href":"https:\/\/parisparis.movilizame.com.ar\/index.php?rest_route=\/wp\/v2\/product"}],"about":[{"href":"https:\/\/parisparis.movilizame.com.ar\/index.php?rest_route=\/wp\/v2\/types\/product"}],"replies":[{"embeddable":true,"href":"https:\/\/parisparis.movilizame.com.ar\/index.php?rest_route=%2Fwp%2Fv2%2Fcomments&post=7382"}],"wp:featuredmedia":[{"embeddable":true,"href":"https:\/\/parisparis.movilizame.com.ar\/index.php?rest_route=\/wp\/v2\/media\/8094"}],"wp:attachment":[{"href":"https:\/\/parisparis.movilizame.com.ar\/index.php?rest_route=%2Fwp%2Fv2%2Fmedia&parent=7382"}],"wp:term":[{"taxonomy":"product_brand","embeddable":true,"href":"https:\/\/parisparis.movilizame.com.ar\/index.php?rest_route=%2Fwp%2Fv2%2Fproduct_brand&post=7382"},{"taxonomy":"product_cat","embeddable":true,"href":"https:\/\/parisparis.movilizame.com.ar\/index.php?rest_route=%2Fwp%2Fv2%2Fproduct_cat&post=7382"},{"taxonomy":"product_tag","embeddable":true,"href":"https:\/\/parisparis.movilizame.com.ar\/index.php?rest_route=%2Fwp%2Fv2%2Fproduct_tag&post=7382"}],"curies":[{"name":"wp","href":"https:\/\/api.w.org\/{rel}","templated":true}]}}