{"id":7363,"date":"2024-10-19T18:31:16","date_gmt":"2024-10-19T21:31:16","guid":{"rendered":"http:\/\/wp-paris-paris.test\/?product=le-bon-rouge-edp-marchand-d-aromes-set"},"modified":"2025-11-06T12:27:02","modified_gmt":"2025-11-06T15:27:02","slug":"le-bon-rouge-edp-marchand-d-aromes-set","status":"publish","type":"product","link":"https:\/\/parisparis.movilizame.com.ar\/?product=le-bon-rouge-edp-marchand-d-aromes-set","title":{"rendered":"MARCHAND DE AROMES- LE BON ROUGE EDP 110 ML SET"},"content":{"rendered":"<p><a title=\"Marchand D\u00b4Aromes\" href=\"https:\/\/www.marchandaromes.com.ar\/\">Inicio<\/a>\u00a0\/\u00a0<a title=\"Eau de Parfums\" href=\"https:\/\/www.marchandaromes.com.ar\/eau-de-parfums\">Eau de Parfums<\/a>\u00a0\/\u00a0<a title=\"Pour Femme\" href=\"https:\/\/www.marchandaromes.com.ar\/eau-de-parfums\/pour-femme\">Pour Femme<\/a>\u00a0\/\u00a0Le Bon Rouge &#8211; Cadeau Special<\/p>\n<p><strong><strong>LE BON ROUGE<\/strong><\/strong><\/p>\n<p><strong>Cadeau Special<\/strong><\/p>\n<p><strong>Eau de Parfum 110 ml &amp; Parfumer de Voyage<\/strong><\/p>\n<p><strong>\u00c1MBAR FLORAL GOURMAND<\/strong><\/p>\n<p><strong>Un eau de parfum luminoso y distintivo (14% de dosificaci\u00f3n) dise\u00f1ado con expertos perfumistas con las notas justas y equilibradas para que cada acorde vaya tomando forma en la piel a medida que va transitando la fragancia.\u00a0\u00a0<\/strong><\/p>\n<p><strong>Las notas a\u00e9reas c\u00edtricas y el brillo del azafr\u00e1n te transportan al coraz\u00f3n de las esencias minerales del \u00e1mbar gris y los tonos amaderados del cedro reci\u00e9n cortado.\u00a0 Su descenlace de ambroxan y algod\u00f3n de az\u00facar le otorga ese sello que s\u00f3lo las grandes fragancias dejan en la piel.<\/strong><\/p>\n<p><em><strong>Pir\u00e1mide Olfativa<\/strong><\/em><\/p>\n<p><strong>Salida:\u00a0<\/strong>azafr\u00e1n y naranja<\/p>\n<p><strong>Coraz\u00f3n:<\/strong>\u00a0jazm\u00edn y amberwood<\/p>\n<p><strong>Base:\u00a0<\/strong>son resina de abeto, algod\u00f3n de az\u00facar\u00a0y cedro.<\/p>\n<p><strong>Este eau de parfum es luminoso y distintivo, dejando sobre la piel una estela floral, ambarina y amaderada.<\/strong><\/p>\n<p><strong>Esta propuesta olfativa puede gustarle tanto a mujeres como a hombres.\u00a0<\/strong><\/p>\n<p><strong>Presentado en un estuche de edici\u00f3n limitada exclusiva de lanzamiento.\u00a0 Posee el perfume de 110ml y un perfumero recargable con el logo de la marca.\u00a0 Sus detalles de calidad lo distinguen, estuche con stamping y relieves, tinta oro, etiqueta enol\u00f3gica con stamping, c\u00f3digo QR interactivo.\u00a0<\/strong><\/p>\n<p><a href=\"https:\/\/www.marchandaromes.com.ar\/productos\/le-bon-rouge\/#\"><img decoding=\"async\" src=\"https:\/\/acdn.mitiendanube.com\/stores\/001\/356\/042\/products\/img_5244-653f041d1b720a14cb17241767157275-240-0.webp\" alt=\"Le Bon Rouge - Cadeau Special - comprar online\" \/><\/a><\/p>\n<p><a href=\"https:\/\/www.marchandaromes.com.ar\/productos\/le-bon-rouge\/#\"><img decoding=\"async\" src=\"https:\/\/acdn.mitiendanube.com\/stores\/001\/356\/042\/products\/082024_mda_le-bon-rouge-1024-x-1024-01-b7e10fce85ff6610fc17241766254922-240-0.webp\" alt=\"Le Bon Rouge - Cadeau Special en internet\" \/><\/a><\/p>\n<p><a href=\"https:\/\/www.marchandaromes.com.ar\/productos\/le-bon-rouge\/#\"><img decoding=\"async\" src=\"https:\/\/acdn.mitiendanube.com\/stores\/001\/356\/042\/products\/082024_mda_le-bon-rouge-1024-x-1024-02-815b106277c417062b17241766309936-240-0.webp\" alt=\"Le Bon Rouge - Cadeau Special - Marchand D\u00b4Aromes\" \/><\/a><\/p>\n<p>Nuevo<\/p>\n<p><img decoding=\"async\" src=\"https:\/\/acdn.mitiendanube.com\/stores\/001\/356\/042\/products\/082024_mda_le-bon-rouge-1024-x-1024-03-2617449d66326e1cd717241765534759-240-0.webp\" alt=\"Le Bon Rouge - Cadeau Special\" \/><\/p>\n<p><img decoding=\"async\" src=\"https:\/\/acdn.mitiendanube.com\/stores\/001\/356\/042\/products\/img_5244-653f041d1b720a14cb17241767157275-240-0.webp\" alt=\"Le Bon Rouge - Cadeau Special - comprar online\" \/><\/p>\n<p><img decoding=\"async\" src=\"https:\/\/acdn.mitiendanube.com\/stores\/001\/356\/042\/products\/082024_mda_le-bon-rouge-1024-x-1024-01-b7e10fce85ff6610fc17241766254922-240-0.webp\" alt=\"Le Bon Rouge - Cadeau Special en internet\" \/><\/p>\n<p><img decoding=\"async\" src=\"https:\/\/acdn.mitiendanube.com\/stores\/001\/356\/042\/products\/082024_mda_le-bon-rouge-1024-x-1024-02-815b106277c417062b17241766309936-240-0.webp\" alt=\"Le Bon Rouge - Cadeau Special - Marchand D\u00b4Aromes\" \/><\/p>\n<p>&nbsp;<\/p>\n","protected":false},"excerpt":{"rendered":"<p>Inicio\u00a0\/\u00a0Eau de Parfums\u00a0\/\u00a0Pour Femme\u00a0\/\u00a0Le Bon Rouge &#8211; Cadeau Special LE BON ROUGE Cadeau Special Eau de Parfum 110 ml &amp;&#8230;<\/p>\n","protected":false},"featured_media":8075,"comment_status":"open","ping_status":"closed","template":"","meta":[],"product_brand":[1451],"product_cat":[],"product_tag":[],"class_list":{"0":"post-7363","1":"product","2":"type-product","3":"status-publish","4":"has-post-thumbnail","6":"product_brand-marchand-de-aromes","8":"first","9":"instock","10":"shipping-taxable","11":"purchasable","12":"product-type-simple"},"_links":{"self":[{"href":"https:\/\/parisparis.movilizame.com.ar\/index.php?rest_route=\/wp\/v2\/product\/7363","targetHints":{"allow":["GET"]}}],"collection":[{"href":"https:\/\/parisparis.movilizame.com.ar\/index.php?rest_route=\/wp\/v2\/product"}],"about":[{"href":"https:\/\/parisparis.movilizame.com.ar\/index.php?rest_route=\/wp\/v2\/types\/product"}],"replies":[{"embeddable":true,"href":"https:\/\/parisparis.movilizame.com.ar\/index.php?rest_route=%2Fwp%2Fv2%2Fcomments&post=7363"}],"wp:featuredmedia":[{"embeddable":true,"href":"https:\/\/parisparis.movilizame.com.ar\/index.php?rest_route=\/wp\/v2\/media\/8075"}],"wp:attachment":[{"href":"https:\/\/parisparis.movilizame.com.ar\/index.php?rest_route=%2Fwp%2Fv2%2Fmedia&parent=7363"}],"wp:term":[{"taxonomy":"product_brand","embeddable":true,"href":"https:\/\/parisparis.movilizame.com.ar\/index.php?rest_route=%2Fwp%2Fv2%2Fproduct_brand&post=7363"},{"taxonomy":"product_cat","embeddable":true,"href":"https:\/\/parisparis.movilizame.com.ar\/index.php?rest_route=%2Fwp%2Fv2%2Fproduct_cat&post=7363"},{"taxonomy":"product_tag","embeddable":true,"href":"https:\/\/parisparis.movilizame.com.ar\/index.php?rest_route=%2Fwp%2Fv2%2Fproduct_tag&post=7363"}],"curies":[{"name":"wp","href":"https:\/\/api.w.org\/{rel}","templated":true}]}}