{"id":7356,"date":"2024-07-28T21:57:20","date_gmt":"2024-07-29T00:57:20","guid":{"rendered":"http:\/\/wp-paris-paris.test\/?product=lifter-gloss-brillo-labial-con-acido-hialuronico"},"modified":"2026-01-20T11:58:31","modified_gmt":"2026-01-20T14:58:31","slug":"lifter-gloss-brillo-labial-con-acido-hialuronico","status":"publish","type":"product","link":"https:\/\/parisparis.movilizame.com.ar\/?product=lifter-gloss-brillo-labial-con-acido-hialuronico","title":{"rendered":"MAYBELLINE &#8211; LIFTER GLOSS BRILLO LABIAL CON \u00c1CIDO HIALUR\u00d3NICO"},"content":{"rendered":"<p>Los brillos de labios de Maybelline ofrecen algo m\u00e1s que un simple acabado vistoso. Consigue unos labios de aspecto redensificado e hidrataci\u00f3n duradera en tonos transparentes, rosas y nudes. Aporta brillo a tu look manteniendo unos labios hidratados y no pegajosos.<\/p>\n<p>Lifter Gloss Bronzed de Maybelline NY consigue labios brillantes y bronceados con apariencia redensificada. Sin relleno. Ahora en 5&nbsp;tonos bronceados inspirados en la hora dorada, esta f\u00f3rmula de brillo labial con \u00e1cido hialur\u00f3nico aporta una hidrataci\u00f3n duradera y labios m\u00e1s carnosos.<\/p>\n","protected":false},"excerpt":{"rendered":"<p>Los brillos de labios de Maybelline ofrecen algo m\u00e1s que un simple acabado vistoso. Consigue unos labios de aspecto redensificado&#8230;<\/p>\n","protected":false},"featured_media":8068,"comment_status":"open","ping_status":"closed","template":"","meta":[],"product_brand":[1429],"product_cat":[],"product_tag":[],"class_list":{"0":"post-7356","1":"product","2":"type-product","3":"status-publish","4":"has-post-thumbnail","6":"product_brand-maybelline","8":"first","9":"instock","10":"shipping-taxable","11":"purchasable","12":"product-type-simple"},"_links":{"self":[{"href":"https:\/\/parisparis.movilizame.com.ar\/index.php?rest_route=\/wp\/v2\/product\/7356","targetHints":{"allow":["GET"]}}],"collection":[{"href":"https:\/\/parisparis.movilizame.com.ar\/index.php?rest_route=\/wp\/v2\/product"}],"about":[{"href":"https:\/\/parisparis.movilizame.com.ar\/index.php?rest_route=\/wp\/v2\/types\/product"}],"replies":[{"embeddable":true,"href":"https:\/\/parisparis.movilizame.com.ar\/index.php?rest_route=%2Fwp%2Fv2%2Fcomments&post=7356"}],"wp:featuredmedia":[{"embeddable":true,"href":"https:\/\/parisparis.movilizame.com.ar\/index.php?rest_route=\/wp\/v2\/media\/8068"}],"wp:attachment":[{"href":"https:\/\/parisparis.movilizame.com.ar\/index.php?rest_route=%2Fwp%2Fv2%2Fmedia&parent=7356"}],"wp:term":[{"taxonomy":"product_brand","embeddable":true,"href":"https:\/\/parisparis.movilizame.com.ar\/index.php?rest_route=%2Fwp%2Fv2%2Fproduct_brand&post=7356"},{"taxonomy":"product_cat","embeddable":true,"href":"https:\/\/parisparis.movilizame.com.ar\/index.php?rest_route=%2Fwp%2Fv2%2Fproduct_cat&post=7356"},{"taxonomy":"product_tag","embeddable":true,"href":"https:\/\/parisparis.movilizame.com.ar\/index.php?rest_route=%2Fwp%2Fv2%2Fproduct_tag&post=7356"}],"curies":[{"name":"wp","href":"https:\/\/api.w.org\/{rel}","templated":true}]}}