{"id":7355,"date":"2024-07-28T21:51:48","date_gmt":"2024-07-29T00:51:48","guid":{"rendered":"http:\/\/wp-paris-paris.test\/?product=colorstay-limitless-matte-liquid-lipstick"},"modified":"2025-11-04T19:10:32","modified_gmt":"2025-11-04T22:10:32","slug":"colorstay-limitless-matte-liquid-lipstick","status":"publish","type":"product","link":"https:\/\/parisparis.movilizame.com.ar\/?product=colorstay-limitless-matte-liquid-lipstick","title":{"rendered":"REVLON &#8211; ColorStay Limitless Matte\u2122 Liquid Lipstick"},"content":{"rendered":"<p>Mate sin l\u00edmites. Por fin, un labial mate 24h de duraci\u00f3n que te lo ofrece todo. Larga duraci\u00f3n y m\u00e1ximo confort.<\/p>\n<p>Con ingredientes 100% veganos, este labial l\u00edquido tiene una f\u00f3rmula que no es tirante y es apto para labios sensibles.<\/p>\n<p>Formulado con triple \u00e1cido hialur\u00f3nico + extracto de ar\u00e1ndano reciclado antioxidante.<\/p>\n<p>Disponible VARIEDAD de&nbsp;tonos vibrantes!<\/p>\n","protected":false},"excerpt":{"rendered":"<p>Mate sin l\u00edmites. Por fin, un labial mate 24h de duraci\u00f3n que te lo ofrece todo. Larga duraci\u00f3n y m\u00e1ximo&#8230;<\/p>\n","protected":false},"featured_media":8067,"comment_status":"open","ping_status":"closed","template":"","meta":[],"product_brand":[1428],"product_cat":[],"product_tag":[],"class_list":{"0":"post-7355","1":"product","2":"type-product","3":"status-publish","4":"has-post-thumbnail","6":"product_brand-revlon","8":"first","9":"instock","10":"shipping-taxable","11":"purchasable","12":"product-type-simple"},"_links":{"self":[{"href":"https:\/\/parisparis.movilizame.com.ar\/index.php?rest_route=\/wp\/v2\/product\/7355","targetHints":{"allow":["GET"]}}],"collection":[{"href":"https:\/\/parisparis.movilizame.com.ar\/index.php?rest_route=\/wp\/v2\/product"}],"about":[{"href":"https:\/\/parisparis.movilizame.com.ar\/index.php?rest_route=\/wp\/v2\/types\/product"}],"replies":[{"embeddable":true,"href":"https:\/\/parisparis.movilizame.com.ar\/index.php?rest_route=%2Fwp%2Fv2%2Fcomments&post=7355"}],"wp:featuredmedia":[{"embeddable":true,"href":"https:\/\/parisparis.movilizame.com.ar\/index.php?rest_route=\/wp\/v2\/media\/8067"}],"wp:attachment":[{"href":"https:\/\/parisparis.movilizame.com.ar\/index.php?rest_route=%2Fwp%2Fv2%2Fmedia&parent=7355"}],"wp:term":[{"taxonomy":"product_brand","embeddable":true,"href":"https:\/\/parisparis.movilizame.com.ar\/index.php?rest_route=%2Fwp%2Fv2%2Fproduct_brand&post=7355"},{"taxonomy":"product_cat","embeddable":true,"href":"https:\/\/parisparis.movilizame.com.ar\/index.php?rest_route=%2Fwp%2Fv2%2Fproduct_cat&post=7355"},{"taxonomy":"product_tag","embeddable":true,"href":"https:\/\/parisparis.movilizame.com.ar\/index.php?rest_route=%2Fwp%2Fv2%2Fproduct_tag&post=7355"}],"curies":[{"name":"wp","href":"https:\/\/api.w.org\/{rel}","templated":true}]}}