{"id":7350,"date":"2024-07-08T22:38:29","date_gmt":"2024-07-09T01:38:29","guid":{"rendered":"http:\/\/wp-paris-paris.test\/?product=mascara-de-pestanas-maybelline-falsies-surreal"},"modified":"2026-01-20T11:59:19","modified_gmt":"2026-01-20T14:59:19","slug":"mascara-de-pestanas-maybelline-falsies-surreal","status":"publish","type":"product","link":"https:\/\/parisparis.movilizame.com.ar\/?product=mascara-de-pestanas-maybelline-falsies-surreal","title":{"rendered":"MAYBELLINE &#8211; MASCARA DE PESTA\u00d1AS FALSIES SURREAL"},"content":{"rendered":"<p>Alarga tus pesta\u00f1as y dales una nueva dimensi\u00f3n.<\/p>\n<p><strong>Propiedades:<\/strong><\/p>\n<ul>\n<li>cubre las pesta\u00f1as con un color negro intenso, las alarga hasta un 36 % y les aporta hasta 10 veces m\u00e1s de volumen<\/li>\n<li>el cepillo combina cerdas de distintos largos, para extender cada pesta\u00f1a desde la ra\u00edz<\/li>\n<li>la m\u00e1scara de pesta\u00f1as no se corre, no forma grumos ni se desvanece<\/li>\n<li>es muy resistente, dura hasta 24 horas<\/li>\n<li>apta para ojos sensibles y para quienes utilizan lentes de contacto<\/li>\n<\/ul>\n<p><strong>Composici\u00f3n:<\/strong><\/p>\n<ul>\n<li>producto vegano<\/li>\n<li>producto oftalmol\u00f3gicamente probado<\/li>\n<\/ul>\n<p><strong>Modo de aplicaci\u00f3n:<\/strong><br \/>\nPeina las pesta\u00f1as desde la ra\u00edz hasta la punta con el aplicador de Maybelline The Falsies Surreal y lograr\u00e1s unas pesta\u00f1as m\u00e1s largas y voluminosas al instante. Puedes aplicar varias capas si fuera necesario.<\/p>\n","protected":false},"excerpt":{"rendered":"<p>Alarga tus pesta\u00f1as y dales una nueva dimensi\u00f3n. Propiedades: cubre las pesta\u00f1as con un color negro intenso, las alarga hasta&#8230;<\/p>\n","protected":false},"featured_media":8062,"comment_status":"open","ping_status":"closed","template":"","meta":[],"product_brand":[1429],"product_cat":[],"product_tag":[],"class_list":{"0":"post-7350","1":"product","2":"type-product","3":"status-publish","4":"has-post-thumbnail","6":"product_brand-maybelline","8":"first","9":"instock","10":"shipping-taxable","11":"purchasable","12":"product-type-simple"},"_links":{"self":[{"href":"https:\/\/parisparis.movilizame.com.ar\/index.php?rest_route=\/wp\/v2\/product\/7350","targetHints":{"allow":["GET"]}}],"collection":[{"href":"https:\/\/parisparis.movilizame.com.ar\/index.php?rest_route=\/wp\/v2\/product"}],"about":[{"href":"https:\/\/parisparis.movilizame.com.ar\/index.php?rest_route=\/wp\/v2\/types\/product"}],"replies":[{"embeddable":true,"href":"https:\/\/parisparis.movilizame.com.ar\/index.php?rest_route=%2Fwp%2Fv2%2Fcomments&post=7350"}],"wp:featuredmedia":[{"embeddable":true,"href":"https:\/\/parisparis.movilizame.com.ar\/index.php?rest_route=\/wp\/v2\/media\/8062"}],"wp:attachment":[{"href":"https:\/\/parisparis.movilizame.com.ar\/index.php?rest_route=%2Fwp%2Fv2%2Fmedia&parent=7350"}],"wp:term":[{"taxonomy":"product_brand","embeddable":true,"href":"https:\/\/parisparis.movilizame.com.ar\/index.php?rest_route=%2Fwp%2Fv2%2Fproduct_brand&post=7350"},{"taxonomy":"product_cat","embeddable":true,"href":"https:\/\/parisparis.movilizame.com.ar\/index.php?rest_route=%2Fwp%2Fv2%2Fproduct_cat&post=7350"},{"taxonomy":"product_tag","embeddable":true,"href":"https:\/\/parisparis.movilizame.com.ar\/index.php?rest_route=%2Fwp%2Fv2%2Fproduct_tag&post=7350"}],"curies":[{"name":"wp","href":"https:\/\/api.w.org\/{rel}","templated":true}]}}