{"id":7331,"date":"2024-04-13T15:13:43","date_gmt":"2024-04-13T18:13:43","guid":{"rendered":"http:\/\/wp-paris-paris.test\/?product=perfumero-recargable-portatil-4-ml"},"modified":"2025-11-04T19:15:00","modified_gmt":"2025-11-04T22:15:00","slug":"perfumero-recargable-portatil-4-ml","status":"publish","type":"product","link":"https:\/\/parisparis.movilizame.com.ar\/?product=perfumero-recargable-portatil-4-ml","title":{"rendered":"JESSAMY &#8211; PERFUMERO RECARGABLE PORTATIL X 4 ML"},"content":{"rendered":"<p>IMPORTANTE: CONSULTAR COLORES DISPONIBLES<br \/>\nLa mini botella atomizadora de perfume es lo suficientemente peque\u00f1a y ligera para meterla en el bolsillo o en el bolso, haciendo que disfrutes de una fragancia maravillosa en cada momento.<br \/>\nCuando asistas&nbsp;a una fiesta, pasa tiempo en vacaciones o en un viaje de negocios, es una gran herramienta para mantenerte oliendo fresco y darte confianza.<br \/>\nBotella peque\u00f1a recargable de Perfume de 5ML, atomizador de aluminio port\u00e1til, botella de Perfume de repuesto para viaje.<\/p>\n<p>Puntos importantes:<br \/>\nBotellas de pulverizaci\u00f3n Capacidad 5 Ml, transparente en el interior para ver f\u00e1cilmente cu\u00e1nto perfume queda.<br \/>\nUso amplio perfecto para guardar tu perfume, colonia, despu\u00e9s del afeitado, desmaquillante y as\u00ed sucesivamente.<br \/>\nTe da un spray de perfume recargable con tecnolog\u00eda f\u00e1cil de llenar, fresco cuando est\u00e1s en movimiento todo el d\u00eda.<br \/>\nEsta botella atomizadora de perfume es de tama\u00f1o pr\u00e1ctico de viaje. F\u00e1cil de usar y f\u00e1cil de llenar\/rellenar, simplemente presiona la parte inferior contra tu medidor de perfume favorito y sigue haciendo clic hasta que se rellene.<\/p>\n<p>C\u00f3mo utilizar:<br \/>\nAntes de rellenar el perfume, retire las tapas de los atomizadores, roc\u00ede varias veces para descargar el gas en el atomizador de perfume.<br \/>\nRetire la tapa del frasco de perfume grande y verifique el tama\u00f1o del tubo del frasco de perfume grande. Di\u00e1metro del tubo &lt;=3 mm, longitud del tubo &lt;=7 mm.<br \/>\nInserte el atomizador verticalmente en el tubo de la botella de perfume, presione hacia arriba y hacia abajo varias veces hasta que se vuelva a llenar.<br \/>\nMonitoree la ventana visual clara para asegurar que la l\u00ednea de agua m\u00e1s alta no exceda el punto m\u00e1s alto de la ventana.<br \/>\nTermine de llenar, intente rociar 1-2 veces para acelerar el cierre del puerto de llenado.<br \/>\nDespu\u00e9s del uso, cierre la tapa y ll\u00e9vela con usted, adecuada para viajar.<\/p>\n<p>Especificaciones:<br \/>\nMaterial: Aluminio<br \/>\nColor: Plateado, Negro, Dorado, Fucsia, Rosado, Azul, Lila, Rojo (Consultar los colores disponible).<br \/>\nCapacidad: 5ML.<\/p>\n<p>Incluye:<br \/>\n1 Atomizadores de 8ML.<\/p>\n","protected":false},"excerpt":{"rendered":"<p>IMPORTANTE: CONSULTAR COLORES DISPONIBLES La mini botella atomizadora de perfume es lo suficientemente peque\u00f1a y ligera para meterla en el&#8230;<\/p>\n","protected":false},"featured_media":8044,"comment_status":"open","ping_status":"closed","template":"","meta":[],"product_brand":[1456],"product_cat":[],"product_tag":[],"class_list":{"0":"post-7331","1":"product","2":"type-product","3":"status-publish","4":"has-post-thumbnail","6":"product_brand-jessamy","8":"first","9":"instock","10":"shipping-taxable","11":"purchasable","12":"product-type-simple"},"_links":{"self":[{"href":"https:\/\/parisparis.movilizame.com.ar\/index.php?rest_route=\/wp\/v2\/product\/7331","targetHints":{"allow":["GET"]}}],"collection":[{"href":"https:\/\/parisparis.movilizame.com.ar\/index.php?rest_route=\/wp\/v2\/product"}],"about":[{"href":"https:\/\/parisparis.movilizame.com.ar\/index.php?rest_route=\/wp\/v2\/types\/product"}],"replies":[{"embeddable":true,"href":"https:\/\/parisparis.movilizame.com.ar\/index.php?rest_route=%2Fwp%2Fv2%2Fcomments&post=7331"}],"wp:featuredmedia":[{"embeddable":true,"href":"https:\/\/parisparis.movilizame.com.ar\/index.php?rest_route=\/wp\/v2\/media\/8044"}],"wp:attachment":[{"href":"https:\/\/parisparis.movilizame.com.ar\/index.php?rest_route=%2Fwp%2Fv2%2Fmedia&parent=7331"}],"wp:term":[{"taxonomy":"product_brand","embeddable":true,"href":"https:\/\/parisparis.movilizame.com.ar\/index.php?rest_route=%2Fwp%2Fv2%2Fproduct_brand&post=7331"},{"taxonomy":"product_cat","embeddable":true,"href":"https:\/\/parisparis.movilizame.com.ar\/index.php?rest_route=%2Fwp%2Fv2%2Fproduct_cat&post=7331"},{"taxonomy":"product_tag","embeddable":true,"href":"https:\/\/parisparis.movilizame.com.ar\/index.php?rest_route=%2Fwp%2Fv2%2Fproduct_tag&post=7331"}],"curies":[{"name":"wp","href":"https:\/\/api.w.org\/{rel}","templated":true}]}}