{"id":7328,"date":"2024-04-10T13:37:42","date_gmt":"2024-04-10T16:37:42","guid":{"rendered":"http:\/\/wp-paris-paris.test\/?product=brocha-de-maquillaje-angular"},"modified":"2025-11-04T19:15:38","modified_gmt":"2025-11-04T22:15:38","slug":"brocha-de-maquillaje-angular","status":"publish","type":"product","link":"https:\/\/parisparis.movilizame.com.ar\/?product=brocha-de-maquillaje-angular","title":{"rendered":"GET THE LOOK &#8211; BROCHA DE MAQUILLAJE ANGULAR"},"content":{"rendered":"<h3>Descripci\u00f3n:<\/h3>\n<p>La brocha para polvo angular Get The Look es ideal para la aplicaci\u00f3n de maquillaje en polvo.<\/p>\n<p>Permite una aplicaci\u00f3n precisa del rubor y base. Con punta biselada de abundantes cerdas sint\u00e9ticas, llega a los lugares m\u00e1s dif\u00edciles del rostro.<\/p>\n<h3>Beneficios:<\/h3>\n<p>-Ideal para aplicaci\u00f3n de maquillaje en polvo en rostro y cuello.<\/p>\n<p>-Cerdas sint\u00e9ticas suaves con formato biselado.<\/p>\n<p>-Distribuye el maquillaje uniformemente.<\/p>\n<p>-Mayor cobertura.<\/p>\n<p>-Acabado ligero y bien difuminado de la base.<\/p>\n<p>-Aplicaci\u00f3n suave y uniforme.<\/p>\n<p>-Para uso profesional o personal.<\/p>\n<p>-F\u00e1cil de usar.<\/p>\n<p>-F\u00e1cil de limpiar.<\/p>\n<h3>Modo de uso:<\/h3>\n<p>-Aplicar el producto con movimientos suaves desde el centro hacia los bordes del rostro.<\/p>\n","protected":false},"excerpt":{"rendered":"<p>Descripci\u00f3n: La brocha para polvo angular Get The Look es ideal para la aplicaci\u00f3n de maquillaje en polvo. Permite una&#8230;<\/p>\n","protected":false},"featured_media":8041,"comment_status":"open","ping_status":"closed","template":"","meta":[],"product_brand":[1457],"product_cat":[],"product_tag":[],"class_list":{"0":"post-7328","1":"product","2":"type-product","3":"status-publish","4":"has-post-thumbnail","6":"product_brand-get-the-look","8":"first","9":"instock","10":"shipping-taxable","11":"purchasable","12":"product-type-simple"},"_links":{"self":[{"href":"https:\/\/parisparis.movilizame.com.ar\/index.php?rest_route=\/wp\/v2\/product\/7328","targetHints":{"allow":["GET"]}}],"collection":[{"href":"https:\/\/parisparis.movilizame.com.ar\/index.php?rest_route=\/wp\/v2\/product"}],"about":[{"href":"https:\/\/parisparis.movilizame.com.ar\/index.php?rest_route=\/wp\/v2\/types\/product"}],"replies":[{"embeddable":true,"href":"https:\/\/parisparis.movilizame.com.ar\/index.php?rest_route=%2Fwp%2Fv2%2Fcomments&post=7328"}],"wp:featuredmedia":[{"embeddable":true,"href":"https:\/\/parisparis.movilizame.com.ar\/index.php?rest_route=\/wp\/v2\/media\/8041"}],"wp:attachment":[{"href":"https:\/\/parisparis.movilizame.com.ar\/index.php?rest_route=%2Fwp%2Fv2%2Fmedia&parent=7328"}],"wp:term":[{"taxonomy":"product_brand","embeddable":true,"href":"https:\/\/parisparis.movilizame.com.ar\/index.php?rest_route=%2Fwp%2Fv2%2Fproduct_brand&post=7328"},{"taxonomy":"product_cat","embeddable":true,"href":"https:\/\/parisparis.movilizame.com.ar\/index.php?rest_route=%2Fwp%2Fv2%2Fproduct_cat&post=7328"},{"taxonomy":"product_tag","embeddable":true,"href":"https:\/\/parisparis.movilizame.com.ar\/index.php?rest_route=%2Fwp%2Fv2%2Fproduct_tag&post=7328"}],"curies":[{"name":"wp","href":"https:\/\/api.w.org\/{rel}","templated":true}]}}