{"id":7324,"date":"2024-04-10T12:52:03","date_gmt":"2024-04-10T15:52:03","guid":{"rendered":"http:\/\/wp-paris-paris.test\/?product=set-de-brochas-de-maquillaje-x-5-con-pouch"},"modified":"2025-11-04T19:15:54","modified_gmt":"2025-11-04T22:15:54","slug":"set-de-brochas-de-maquillaje-x-5-con-pouch","status":"publish","type":"product","link":"https:\/\/parisparis.movilizame.com.ar\/?product=set-de-brochas-de-maquillaje-x-5-con-pouch","title":{"rendered":"GET THE LOOK &#8211; SET DE BROCHAS DE MAQUILLAJE X 5 CON POUCH"},"content":{"rendered":"<h3>Descripci\u00f3n:<\/h3>\n<p>Set de Brochas de Maquillaje Get The Look con Estuche x 5 un.<\/p>\n<p>5 Brochas de Maquillaje + un estuche de regalo.<\/p>\n<p>Este Set de Brochas es ideal para todos tus maquillajes.<\/p>\n<p>Permite una aplicaci\u00f3n suave del maquillaje, esparciendo f\u00e1cilmente los productos en la piel gracias a sus cerdas densas y con puntas redondeadas.<\/p>\n<h3>Beneficios:<\/h3>\n<p>Para un maquillaje natural, uniforme y de larga duraci\u00f3n. Esta brocha es ideal para la aplicaci\u00f3n de maquillajes l\u00edquidos, cremosos o en polvo para todas las \u00e1reas del rostro y cuello. Tambi\u00e9n se utiliza para la aplicaci\u00f3n de maquillaje en \u00e1reas estrat\u00e9gicas del rostro, utilizando una t\u00e9cnica de contouring.<\/p>\n<h3>Modo de Uso:<\/h3>\n<p>Esparcir el maquillaje de manera uniforme sobre la piel con suaves movimientos circulares, dejando una cobertura fina. Lavar con agua y jab\u00f3n neutro, retirar el exceso de agua y dejar secar en posici\u00f3n horizontal.<\/p>\n","protected":false},"excerpt":{"rendered":"<p>Descripci\u00f3n: Set de Brochas de Maquillaje Get The Look con Estuche x 5 un. 5 Brochas de Maquillaje + un&#8230;<\/p>\n","protected":false},"featured_media":8037,"comment_status":"open","ping_status":"closed","template":"","meta":[],"product_brand":[1457],"product_cat":[],"product_tag":[],"class_list":{"0":"post-7324","1":"product","2":"type-product","3":"status-publish","4":"has-post-thumbnail","6":"product_brand-get-the-look","8":"first","9":"instock","10":"shipping-taxable","11":"purchasable","12":"product-type-simple"},"_links":{"self":[{"href":"https:\/\/parisparis.movilizame.com.ar\/index.php?rest_route=\/wp\/v2\/product\/7324","targetHints":{"allow":["GET"]}}],"collection":[{"href":"https:\/\/parisparis.movilizame.com.ar\/index.php?rest_route=\/wp\/v2\/product"}],"about":[{"href":"https:\/\/parisparis.movilizame.com.ar\/index.php?rest_route=\/wp\/v2\/types\/product"}],"replies":[{"embeddable":true,"href":"https:\/\/parisparis.movilizame.com.ar\/index.php?rest_route=%2Fwp%2Fv2%2Fcomments&post=7324"}],"wp:featuredmedia":[{"embeddable":true,"href":"https:\/\/parisparis.movilizame.com.ar\/index.php?rest_route=\/wp\/v2\/media\/8037"}],"wp:attachment":[{"href":"https:\/\/parisparis.movilizame.com.ar\/index.php?rest_route=%2Fwp%2Fv2%2Fmedia&parent=7324"}],"wp:term":[{"taxonomy":"product_brand","embeddable":true,"href":"https:\/\/parisparis.movilizame.com.ar\/index.php?rest_route=%2Fwp%2Fv2%2Fproduct_brand&post=7324"},{"taxonomy":"product_cat","embeddable":true,"href":"https:\/\/parisparis.movilizame.com.ar\/index.php?rest_route=%2Fwp%2Fv2%2Fproduct_cat&post=7324"},{"taxonomy":"product_tag","embeddable":true,"href":"https:\/\/parisparis.movilizame.com.ar\/index.php?rest_route=%2Fwp%2Fv2%2Fproduct_tag&post=7324"}],"curies":[{"name":"wp","href":"https:\/\/api.w.org\/{rel}","templated":true}]}}