{"id":7322,"date":"2024-04-02T14:14:55","date_gmt":"2024-04-02T17:14:55","guid":{"rendered":"http:\/\/wp-paris-paris.test\/?product=opi-repair-mode-serum-fortalecedor-reparador-9-ml"},"modified":"2025-11-04T19:16:13","modified_gmt":"2025-11-04T22:16:13","slug":"opi-repair-mode-serum-fortalecedor-reparador-9-ml","status":"publish","type":"product","link":"https:\/\/parisparis.movilizame.com.ar\/?product=opi-repair-mode-serum-fortalecedor-reparador-9-ml","title":{"rendered":"OPI &#8211; REPAIR MODE SERUM FORTALECEDOR REPARADOR X 9 ML"},"content":{"rendered":"<h2>Se aplica 2 veces al d\u00eda por 6 d\u00edas.<\/h2>\n<p>La tecnolog\u00eda patentada Ulti-Plex repara la estructura de queratina de las u\u00f1as penetrando en la superficie para crear nuevos enlaces DENTRO de la u\u00f1a natural.<\/p>\n<p>\u00bfQuieres eliminar el da\u00f1o en las u\u00f1as? Modo de reparaci\u00f3n. \u00bfQuieres evitar da\u00f1os en las u\u00f1as causados por cosas como el lavado de manos o productos de limpieza? \u00a1Ding ding ding! Modo de reparaci\u00f3n.<\/p>\n<p>Este revolucionario suero para u\u00f1as que fortalece los v\u00ednculos reprograma completamente las u\u00f1as, lo que da como resultado una reparaci\u00f3n de queratina de las u\u00f1as del 99 %.<\/p>\n<p>Las u\u00f1as lucen mejoradas despu\u00e9s de la primera aplicaci\u00f3n y, con el uso continuo, puede esperar u\u00f1as m\u00e1s suaves y fuertes, resistentes a la rotura y con una apariencia mejorada.<\/p>\n<p>Es una reparaci\u00f3n como nunca antes.<\/p>\n<p>&nbsp;<\/p>\n","protected":false},"excerpt":{"rendered":"<p>Se aplica 2 veces al d\u00eda por 6 d\u00edas. La tecnolog\u00eda patentada Ulti-Plex repara la estructura de queratina de las&#8230;<\/p>\n","protected":false},"featured_media":8035,"comment_status":"open","ping_status":"closed","template":"","meta":[],"product_brand":[1435],"product_cat":[],"product_tag":[],"class_list":{"0":"post-7322","1":"product","2":"type-product","3":"status-publish","4":"has-post-thumbnail","6":"product_brand-opi","8":"first","9":"instock","10":"shipping-taxable","11":"purchasable","12":"product-type-simple"},"_links":{"self":[{"href":"https:\/\/parisparis.movilizame.com.ar\/index.php?rest_route=\/wp\/v2\/product\/7322","targetHints":{"allow":["GET"]}}],"collection":[{"href":"https:\/\/parisparis.movilizame.com.ar\/index.php?rest_route=\/wp\/v2\/product"}],"about":[{"href":"https:\/\/parisparis.movilizame.com.ar\/index.php?rest_route=\/wp\/v2\/types\/product"}],"replies":[{"embeddable":true,"href":"https:\/\/parisparis.movilizame.com.ar\/index.php?rest_route=%2Fwp%2Fv2%2Fcomments&post=7322"}],"wp:featuredmedia":[{"embeddable":true,"href":"https:\/\/parisparis.movilizame.com.ar\/index.php?rest_route=\/wp\/v2\/media\/8035"}],"wp:attachment":[{"href":"https:\/\/parisparis.movilizame.com.ar\/index.php?rest_route=%2Fwp%2Fv2%2Fmedia&parent=7322"}],"wp:term":[{"taxonomy":"product_brand","embeddable":true,"href":"https:\/\/parisparis.movilizame.com.ar\/index.php?rest_route=%2Fwp%2Fv2%2Fproduct_brand&post=7322"},{"taxonomy":"product_cat","embeddable":true,"href":"https:\/\/parisparis.movilizame.com.ar\/index.php?rest_route=%2Fwp%2Fv2%2Fproduct_cat&post=7322"},{"taxonomy":"product_tag","embeddable":true,"href":"https:\/\/parisparis.movilizame.com.ar\/index.php?rest_route=%2Fwp%2Fv2%2Fproduct_tag&post=7322"}],"curies":[{"name":"wp","href":"https:\/\/api.w.org\/{rel}","templated":true}]}}