{"id":7316,"date":"2024-01-22T21:41:31","date_gmt":"2024-01-23T00:41:31","guid":{"rendered":"http:\/\/wp-paris-paris.test\/?product=paco-rabanne-fame-blooming-pink-x80ml"},"modified":"2026-03-02T12:59:36","modified_gmt":"2026-03-02T15:59:36","slug":"paco-rabanne-fame-blooming-pink-x80ml","status":"publish","type":"product","link":"https:\/\/parisparis.movilizame.com.ar\/?product=paco-rabanne-fame-blooming-pink-x80ml","title":{"rendered":"PACO RABANNE &#8211; FAME BLOOMING PINK 80 ML"},"content":{"rendered":"<p>&nbsp;Las Notas de Salida: mango y bergamota<\/p>\n<p>Notas de Coraz\u00f3n:&nbsp;jazm\u00edn y incienso de ol\u00edbano<\/p>\n<p>Notas de Fondo: vainilla y s\u00e1ndalo.<\/p>\n","protected":false},"excerpt":{"rendered":"<p>&nbsp;Las Notas de Salida: mango y bergamota Notas de Coraz\u00f3n:&nbsp;jazm\u00edn y incienso de ol\u00edbano Notas de Fondo: vainilla y s\u00e1ndalo.<\/p>\n","protected":false},"featured_media":8029,"comment_status":"open","ping_status":"closed","template":"","meta":[],"product_brand":[1413],"product_cat":[],"product_tag":[],"class_list":{"0":"post-7316","1":"product","2":"type-product","3":"status-publish","4":"has-post-thumbnail","6":"product_brand-paco-rabanne","8":"first","9":"instock","10":"shipping-taxable","11":"purchasable","12":"product-type-simple"},"_links":{"self":[{"href":"https:\/\/parisparis.movilizame.com.ar\/index.php?rest_route=\/wp\/v2\/product\/7316","targetHints":{"allow":["GET"]}}],"collection":[{"href":"https:\/\/parisparis.movilizame.com.ar\/index.php?rest_route=\/wp\/v2\/product"}],"about":[{"href":"https:\/\/parisparis.movilizame.com.ar\/index.php?rest_route=\/wp\/v2\/types\/product"}],"replies":[{"embeddable":true,"href":"https:\/\/parisparis.movilizame.com.ar\/index.php?rest_route=%2Fwp%2Fv2%2Fcomments&post=7316"}],"wp:featuredmedia":[{"embeddable":true,"href":"https:\/\/parisparis.movilizame.com.ar\/index.php?rest_route=\/wp\/v2\/media\/8029"}],"wp:attachment":[{"href":"https:\/\/parisparis.movilizame.com.ar\/index.php?rest_route=%2Fwp%2Fv2%2Fmedia&parent=7316"}],"wp:term":[{"taxonomy":"product_brand","embeddable":true,"href":"https:\/\/parisparis.movilizame.com.ar\/index.php?rest_route=%2Fwp%2Fv2%2Fproduct_brand&post=7316"},{"taxonomy":"product_cat","embeddable":true,"href":"https:\/\/parisparis.movilizame.com.ar\/index.php?rest_route=%2Fwp%2Fv2%2Fproduct_cat&post=7316"},{"taxonomy":"product_tag","embeddable":true,"href":"https:\/\/parisparis.movilizame.com.ar\/index.php?rest_route=%2Fwp%2Fv2%2Fproduct_tag&post=7316"}],"curies":[{"name":"wp","href":"https:\/\/api.w.org\/{rel}","templated":true}]}}