{"id":7306,"date":"2023-11-02T13:59:22","date_gmt":"2023-11-02T16:59:22","guid":{"rendered":"http:\/\/wp-paris-paris.test\/?product=mascara-de-pestanas-dorothy-gray"},"modified":"2025-12-04T11:30:22","modified_gmt":"2025-12-04T14:30:22","slug":"mascara-de-pestanas-dorothy-gray","status":"publish","type":"product","link":"https:\/\/parisparis.movilizame.com.ar\/?product=mascara-de-pestanas-dorothy-gray","title":{"rendered":"DOROTHY GRAY &#8211; MASCARA DE PESTA\u00d1AS WATER PROOF EXTRABLACK"},"content":{"rendered":"<p>Cepillo dise\u00f1ado con cerdas cortas y largas para peinar las pesta\u00f1as, levantarlas y lograr el m\u00e1ximo volumen.<\/p>\n<p>Luc\u00ed tus pesta\u00f1as ultra negras y con un volumen extremo.<\/p>\n<p>&nbsp;<\/p>\n<p>DISPONIBLE:<\/p>\n<p>&#8211; XXL VOLUMEN<\/p>\n<p>&#8211; ULTRA DEFINICI\u00d2N WATERPROOF<\/p>\n<p>&#8211; WATERPROOF EXTRA BLACK<\/p>\n","protected":false},"excerpt":{"rendered":"<p>Cepillo dise\u00f1ado con cerdas cortas y largas para peinar las pesta\u00f1as, levantarlas y lograr el m\u00e1ximo volumen. Luc\u00ed tus pesta\u00f1as&#8230;<\/p>\n","protected":false},"featured_media":8019,"comment_status":"open","ping_status":"closed","template":"","meta":[],"product_brand":[1433],"product_cat":[],"product_tag":[],"class_list":{"0":"post-7306","1":"product","2":"type-product","3":"status-publish","4":"has-post-thumbnail","6":"product_brand-dorothy-gray","8":"first","9":"instock","10":"shipping-taxable","11":"purchasable","12":"product-type-simple"},"_links":{"self":[{"href":"https:\/\/parisparis.movilizame.com.ar\/index.php?rest_route=\/wp\/v2\/product\/7306","targetHints":{"allow":["GET"]}}],"collection":[{"href":"https:\/\/parisparis.movilizame.com.ar\/index.php?rest_route=\/wp\/v2\/product"}],"about":[{"href":"https:\/\/parisparis.movilizame.com.ar\/index.php?rest_route=\/wp\/v2\/types\/product"}],"replies":[{"embeddable":true,"href":"https:\/\/parisparis.movilizame.com.ar\/index.php?rest_route=%2Fwp%2Fv2%2Fcomments&post=7306"}],"wp:featuredmedia":[{"embeddable":true,"href":"https:\/\/parisparis.movilizame.com.ar\/index.php?rest_route=\/wp\/v2\/media\/8019"}],"wp:attachment":[{"href":"https:\/\/parisparis.movilizame.com.ar\/index.php?rest_route=%2Fwp%2Fv2%2Fmedia&parent=7306"}],"wp:term":[{"taxonomy":"product_brand","embeddable":true,"href":"https:\/\/parisparis.movilizame.com.ar\/index.php?rest_route=%2Fwp%2Fv2%2Fproduct_brand&post=7306"},{"taxonomy":"product_cat","embeddable":true,"href":"https:\/\/parisparis.movilizame.com.ar\/index.php?rest_route=%2Fwp%2Fv2%2Fproduct_cat&post=7306"},{"taxonomy":"product_tag","embeddable":true,"href":"https:\/\/parisparis.movilizame.com.ar\/index.php?rest_route=%2Fwp%2Fv2%2Fproduct_tag&post=7306"}],"curies":[{"name":"wp","href":"https:\/\/api.w.org\/{rel}","templated":true}]}}