{"id":7303,"date":"2023-10-09T14:28:58","date_gmt":"2023-10-09T17:28:58","guid":{"rendered":"http:\/\/wp-paris-paris.test\/?product=protector-solar-facial-efecto-seco-fps-50"},"modified":"2025-11-04T19:18:36","modified_gmt":"2025-11-04T22:18:36","slug":"protector-solar-facial-efecto-seco-fps-50","status":"publish","type":"product","link":"https:\/\/parisparis.movilizame.com.ar\/?product=protector-solar-facial-efecto-seco-fps-50","title":{"rendered":"DERMAGLOS &#8211; PROTECTOR SOLAR FACIAL EFECTO SECO FPS 50"},"content":{"rendered":"<p>Especialmente indicado para&nbsp;<strong>hidratar y nutrir la piel muy sensible del rostro<\/strong>, posee una f\u00f3rmula enriquecida con Vitamina A, Vitamina E y Alanto\u00edna que brindan sensaci\u00f3n de suavidad y tersura a la piel. Previene el&nbsp;<strong>envejecimiento prematuro de la piel<\/strong>&nbsp;producido por los rayos solares UVA\/UVB y la aparici\u00f3n de manchas y de arrugas. Absorbe el&nbsp;<strong>exceso de oleosidad de la piel<\/strong>, dejando un&nbsp;<strong>efecto matificante en el rostro<\/strong>.<br \/>\nProtege tu edad del sol.<\/p>\n<ul>\n<li>Efecto seco y matificante<\/li>\n<li>R\u00e1pida absorci\u00f3n e hidrataci\u00f3n inmediata<\/li>\n<li>Emulsi\u00f3n de textura liviana<\/li>\n<li>Previene manchas y arrugas<\/li>\n<\/ul>\n<p>CONTENIFO: 50gr<\/p>\n","protected":false},"excerpt":{"rendered":"<p>Especialmente indicado para&nbsp;hidratar y nutrir la piel muy sensible del rostro, posee una f\u00f3rmula enriquecida con Vitamina A, Vitamina E&#8230;<\/p>\n","protected":false},"featured_media":8016,"comment_status":"open","ping_status":"closed","template":"","meta":[],"product_brand":[1440],"product_cat":[],"product_tag":[],"class_list":{"0":"post-7303","1":"product","2":"type-product","3":"status-publish","4":"has-post-thumbnail","6":"product_brand-dermaglos","8":"first","9":"instock","10":"shipping-taxable","11":"purchasable","12":"product-type-simple"},"_links":{"self":[{"href":"https:\/\/parisparis.movilizame.com.ar\/index.php?rest_route=\/wp\/v2\/product\/7303","targetHints":{"allow":["GET"]}}],"collection":[{"href":"https:\/\/parisparis.movilizame.com.ar\/index.php?rest_route=\/wp\/v2\/product"}],"about":[{"href":"https:\/\/parisparis.movilizame.com.ar\/index.php?rest_route=\/wp\/v2\/types\/product"}],"replies":[{"embeddable":true,"href":"https:\/\/parisparis.movilizame.com.ar\/index.php?rest_route=%2Fwp%2Fv2%2Fcomments&post=7303"}],"wp:featuredmedia":[{"embeddable":true,"href":"https:\/\/parisparis.movilizame.com.ar\/index.php?rest_route=\/wp\/v2\/media\/8016"}],"wp:attachment":[{"href":"https:\/\/parisparis.movilizame.com.ar\/index.php?rest_route=%2Fwp%2Fv2%2Fmedia&parent=7303"}],"wp:term":[{"taxonomy":"product_brand","embeddable":true,"href":"https:\/\/parisparis.movilizame.com.ar\/index.php?rest_route=%2Fwp%2Fv2%2Fproduct_brand&post=7303"},{"taxonomy":"product_cat","embeddable":true,"href":"https:\/\/parisparis.movilizame.com.ar\/index.php?rest_route=%2Fwp%2Fv2%2Fproduct_cat&post=7303"},{"taxonomy":"product_tag","embeddable":true,"href":"https:\/\/parisparis.movilizame.com.ar\/index.php?rest_route=%2Fwp%2Fv2%2Fproduct_tag&post=7303"}],"curies":[{"name":"wp","href":"https:\/\/api.w.org\/{rel}","templated":true}]}}