{"id":7300,"date":"2023-10-05T20:30:40","date_gmt":"2023-10-05T23:30:40","guid":{"rendered":"http:\/\/wp-paris-paris.test\/?product=sally-hansen-esmalte-miracle-gel-get-mod-789"},"modified":"2025-10-13T12:24:56","modified_gmt":"2025-10-13T15:24:56","slug":"sally-hansen-esmalte-miracle-gel-get-mod-789","status":"publish","type":"product","link":"https:\/\/parisparis.movilizame.com.ar\/?product=sally-hansen-esmalte-miracle-gel-get-mod-789","title":{"rendered":"SALLY HANSEN &#8211; ESMALTE MIRACLE GEL GET MOD 789"},"content":{"rendered":"<p>La manicura en gel se ha vuelto m\u00e1s f\u00e1cil que nunca con el esmalte de u\u00f1as Miracle Gel de Sally Hansen, la \u00fanica manicura en gel de dos pasos que se utiliza sin necesidad de l\u00e1mpara UV. Esmaltes de u\u00f1as de secado r\u00e1pido y f\u00e1ciles de usar. Brindan un brillo impecable de manicura de gel de sal\u00f3n, pero sin la l\u00e1mpara UV o la capa base. Formulado con tecnolog\u00eda patentada para un uso m\u00e1s prolongado. Proporciona hasta 14 d\u00edas de color y brillo. Resultados duraderos y de apariencia profesional.<\/p>\n<p><strong>CONSULTAR TONOS DISPONIBLES<\/strong><\/p>\n","protected":false},"excerpt":{"rendered":"<p>La manicura en gel se ha vuelto m\u00e1s f\u00e1cil que nunca con el esmalte de u\u00f1as Miracle Gel de Sally&#8230;<\/p>\n","protected":false},"featured_media":8013,"comment_status":"open","ping_status":"closed","template":"","meta":[],"product_brand":[1437],"product_cat":[],"product_tag":[],"class_list":{"0":"post-7300","1":"product","2":"type-product","3":"status-publish","4":"has-post-thumbnail","6":"product_brand-sally-hansen","8":"first","9":"instock","10":"shipping-taxable","11":"purchasable","12":"product-type-simple"},"_links":{"self":[{"href":"https:\/\/parisparis.movilizame.com.ar\/index.php?rest_route=\/wp\/v2\/product\/7300","targetHints":{"allow":["GET"]}}],"collection":[{"href":"https:\/\/parisparis.movilizame.com.ar\/index.php?rest_route=\/wp\/v2\/product"}],"about":[{"href":"https:\/\/parisparis.movilizame.com.ar\/index.php?rest_route=\/wp\/v2\/types\/product"}],"replies":[{"embeddable":true,"href":"https:\/\/parisparis.movilizame.com.ar\/index.php?rest_route=%2Fwp%2Fv2%2Fcomments&post=7300"}],"wp:featuredmedia":[{"embeddable":true,"href":"https:\/\/parisparis.movilizame.com.ar\/index.php?rest_route=\/wp\/v2\/media\/8013"}],"wp:attachment":[{"href":"https:\/\/parisparis.movilizame.com.ar\/index.php?rest_route=%2Fwp%2Fv2%2Fmedia&parent=7300"}],"wp:term":[{"taxonomy":"product_brand","embeddable":true,"href":"https:\/\/parisparis.movilizame.com.ar\/index.php?rest_route=%2Fwp%2Fv2%2Fproduct_brand&post=7300"},{"taxonomy":"product_cat","embeddable":true,"href":"https:\/\/parisparis.movilizame.com.ar\/index.php?rest_route=%2Fwp%2Fv2%2Fproduct_cat&post=7300"},{"taxonomy":"product_tag","embeddable":true,"href":"https:\/\/parisparis.movilizame.com.ar\/index.php?rest_route=%2Fwp%2Fv2%2Fproduct_tag&post=7300"}],"curies":[{"name":"wp","href":"https:\/\/api.w.org\/{rel}","templated":true}]}}