{"id":7298,"date":"2023-10-05T19:51:11","date_gmt":"2023-10-05T22:51:11","guid":{"rendered":"http:\/\/wp-paris-paris.test\/?product=acondicionador-40-aloe-vera"},"modified":"2025-10-13T12:34:06","modified_gmt":"2025-10-13T15:34:06","slug":"acondicionador-40-aloe-vera","status":"publish","type":"product","link":"https:\/\/parisparis.movilizame.com.ar\/?product=acondicionador-40-aloe-vera","title":{"rendered":"NATURALOE &#8211; ACONDICIONADOR 40% ALOE VERA"},"content":{"rendered":"<p>Desarrollado con\u00a0<strong>Active Keratin, aloe vera puro, Aceites de Palta &amp; Oliva<\/strong>, este acondicionador promueven una profunda nutrici\u00f3n e hidrataci\u00f3n del cabello. Su sistema transforma el cabello y lo deja incre\u00edblemente liso, menos encrespado, suave y f\u00e1cil de peinar. Elimina el frizz y favorece el alisado del cabello, logrando resultados visibles para un lacio perfecto.Como resultado un cabello lacio, brillante, suave, facilitando el alisado.<\/p>\n","protected":false},"excerpt":{"rendered":"<p>Desarrollado con\u00a0Active Keratin, aloe vera puro, Aceites de Palta &amp; Oliva, este acondicionador promueven una profunda nutrici\u00f3n e hidrataci\u00f3n del&#8230;<\/p>\n","protected":false},"featured_media":0,"comment_status":"open","ping_status":"closed","template":"","meta":[],"product_brand":[1464],"product_cat":[],"product_tag":[],"class_list":{"0":"post-7298","1":"product","2":"type-product","3":"status-publish","5":"product_brand-naturaloe","7":"first","8":"instock","9":"shipping-taxable","10":"purchasable","11":"product-type-simple"},"_links":{"self":[{"href":"https:\/\/parisparis.movilizame.com.ar\/index.php?rest_route=\/wp\/v2\/product\/7298","targetHints":{"allow":["GET"]}}],"collection":[{"href":"https:\/\/parisparis.movilizame.com.ar\/index.php?rest_route=\/wp\/v2\/product"}],"about":[{"href":"https:\/\/parisparis.movilizame.com.ar\/index.php?rest_route=\/wp\/v2\/types\/product"}],"replies":[{"embeddable":true,"href":"https:\/\/parisparis.movilizame.com.ar\/index.php?rest_route=%2Fwp%2Fv2%2Fcomments&post=7298"}],"wp:attachment":[{"href":"https:\/\/parisparis.movilizame.com.ar\/index.php?rest_route=%2Fwp%2Fv2%2Fmedia&parent=7298"}],"wp:term":[{"taxonomy":"product_brand","embeddable":true,"href":"https:\/\/parisparis.movilizame.com.ar\/index.php?rest_route=%2Fwp%2Fv2%2Fproduct_brand&post=7298"},{"taxonomy":"product_cat","embeddable":true,"href":"https:\/\/parisparis.movilizame.com.ar\/index.php?rest_route=%2Fwp%2Fv2%2Fproduct_cat&post=7298"},{"taxonomy":"product_tag","embeddable":true,"href":"https:\/\/parisparis.movilizame.com.ar\/index.php?rest_route=%2Fwp%2Fv2%2Fproduct_tag&post=7298"}],"curies":[{"name":"wp","href":"https:\/\/api.w.org\/{rel}","templated":true}]}}