{"id":7296,"date":"2023-10-05T19:38:43","date_gmt":"2023-10-05T22:38:43","guid":{"rendered":"http:\/\/wp-paris-paris.test\/?product=shampoo-control-caida-60-aloe-vera"},"modified":"2025-10-13T12:36:18","modified_gmt":"2025-10-13T15:36:18","slug":"shampoo-control-caida-60-aloe-vera","status":"publish","type":"product","link":"https:\/\/parisparis.movilizame.com.ar\/?product=shampoo-control-caida-60-aloe-vera","title":{"rendered":"NATURALOE &#8211; SHAMPOO CONTROL CA\u00cdDA 60% Aloe Vera"},"content":{"rendered":"<p>Su f\u00f3rmula especialmente desarrollado para todo tipo de cabellos.&nbsp;<strong>60% Aloe vera puro:<\/strong>&nbsp;expulsa los dep\u00f3sitos de grasa que obstruyen los fol\u00edculos pilosos permitiendo que los nutrientes y vitaminas penetren con mayor facilidad.&nbsp;<strong>La Ortiga,<\/strong>&nbsp;contribuye a detener la ca\u00edda gracias a sus propiedades estimulantes y regeneradoras.&nbsp;<strong>D-Pantenol,<\/strong>&nbsp;humectante de larga duraci\u00f3n, mejorando su brillo y previniendo su deterioro.Dejando un resultado de cabello sano, fuerte y brillante. Se controla y trata la causa de la ca\u00edda.<\/p>\n","protected":false},"excerpt":{"rendered":"<p>Su f\u00f3rmula especialmente desarrollado para todo tipo de cabellos.&nbsp;60% Aloe vera puro:&nbsp;expulsa los dep\u00f3sitos de grasa que obstruyen los fol\u00edculos&#8230;<\/p>\n","protected":false},"featured_media":8011,"comment_status":"open","ping_status":"closed","template":"","meta":[],"product_brand":[1464],"product_cat":[],"product_tag":[],"class_list":{"0":"post-7296","1":"product","2":"type-product","3":"status-publish","4":"has-post-thumbnail","6":"product_brand-naturaloe","8":"first","9":"instock","10":"shipping-taxable","11":"purchasable","12":"product-type-simple"},"_links":{"self":[{"href":"https:\/\/parisparis.movilizame.com.ar\/index.php?rest_route=\/wp\/v2\/product\/7296","targetHints":{"allow":["GET"]}}],"collection":[{"href":"https:\/\/parisparis.movilizame.com.ar\/index.php?rest_route=\/wp\/v2\/product"}],"about":[{"href":"https:\/\/parisparis.movilizame.com.ar\/index.php?rest_route=\/wp\/v2\/types\/product"}],"replies":[{"embeddable":true,"href":"https:\/\/parisparis.movilizame.com.ar\/index.php?rest_route=%2Fwp%2Fv2%2Fcomments&post=7296"}],"wp:featuredmedia":[{"embeddable":true,"href":"https:\/\/parisparis.movilizame.com.ar\/index.php?rest_route=\/wp\/v2\/media\/8011"}],"wp:attachment":[{"href":"https:\/\/parisparis.movilizame.com.ar\/index.php?rest_route=%2Fwp%2Fv2%2Fmedia&parent=7296"}],"wp:term":[{"taxonomy":"product_brand","embeddable":true,"href":"https:\/\/parisparis.movilizame.com.ar\/index.php?rest_route=%2Fwp%2Fv2%2Fproduct_brand&post=7296"},{"taxonomy":"product_cat","embeddable":true,"href":"https:\/\/parisparis.movilizame.com.ar\/index.php?rest_route=%2Fwp%2Fv2%2Fproduct_cat&post=7296"},{"taxonomy":"product_tag","embeddable":true,"href":"https:\/\/parisparis.movilizame.com.ar\/index.php?rest_route=%2Fwp%2Fv2%2Fproduct_tag&post=7296"}],"curies":[{"name":"wp","href":"https:\/\/api.w.org\/{rel}","templated":true}]}}