{"id":7288,"date":"2023-10-03T19:27:17","date_gmt":"2023-10-03T22:27:17","guid":{"rendered":"http:\/\/wp-paris-paris.test\/?product=revlon-professional-all-in-one"},"modified":"2025-10-13T12:50:34","modified_gmt":"2025-10-13T15:50:34","slug":"revlon-professional-all-in-one","status":"publish","type":"product","link":"https:\/\/parisparis.movilizame.com.ar\/?product=revlon-professional-all-in-one","title":{"rendered":"REVLON &#8211; PROFESSIONAL ALL IN ONE"},"content":{"rendered":"<p>&nbsp;<\/p>\n<p>Revlon Professional UniqOne All In One Treatment&nbsp;ofrece un tratamiento capilar&nbsp;que cumple con un rendimiento profesional excepcional. En particular, este producto se convierte en un aut\u00e9ntico aliado para conseguir un cabello sano, brillante y sedoso que nunca. Su f\u00f3rmula combina ingredientes perfectos con la capacidad de sumar 10 beneficios en un solo producto. En este sentido, este spray multiusos repara el cabello seco y da\u00f1ado en profundidad, fortaleciendo la fibra y reduciendo la rotura. A su vez, acondiciona, desenreda, controla el encrespamiento e hidrata instant\u00e1neamente el cabello. Finalmente, facilita todo el proceso de peinado, dejando el cabello visiblemente m\u00e1s sano y suave al tacto. Uno de los toques especiales de este spray es el hecho de que su ic\u00f3nica fragancia permanece en el cabello por mucho tiempo. En particular, sus notas que recuerdan a un elegante ramo de flores blancas y verdes se vuelven f\u00e1cilmente inconfundibles. Adem\u00e1s, este spray tambi\u00e9n cuenta con una composici\u00f3n enriquecida con innumerables beneficios para el cabello. Es decir, el ciclopentasiloxano proporciona una sensaci\u00f3n suave y sedosa al cabello. Por otro lado, el Pantenol, una vitamina nutritiva con potentes propiedades calmantes y fortalecedoras, contribuye a mejorar el brillo del cabello y previene las puntas abiertas. Adem\u00e1s, este componente es capaz de penetrar profundamente en la fibra capilar, protegi\u00e9ndola desde el interior. Por \u00faltimo, los filtros solares protegen el cabello de los da\u00f1os solares y de los rayos UV, evitando as\u00ed que se seque o que su color se desvanezca. En definitiva, este spray promueve instant\u00e1neamente resultados profesionales en todo tipo de cabello. Estos, a su vez, se vuelven visiblemente mucho m\u00e1s sanos, cuidados y protegidos. Adem\u00e1s, todo el cabello adquiere as\u00ed un nuevo aspecto lujosamente brillante, suave y totalmente revitalizado.<\/p>\n","protected":false},"excerpt":{"rendered":"<p>&nbsp; Revlon Professional UniqOne All In One Treatment&nbsp;ofrece un tratamiento capilar&nbsp;que cumple con un rendimiento profesional excepcional. En particular, este&#8230;<\/p>\n","protected":false},"featured_media":8003,"comment_status":"open","ping_status":"closed","template":"","meta":[],"product_brand":[1428],"product_cat":[],"product_tag":[],"class_list":{"0":"post-7288","1":"product","2":"type-product","3":"status-publish","4":"has-post-thumbnail","6":"product_brand-revlon","8":"first","9":"instock","10":"shipping-taxable","11":"purchasable","12":"product-type-simple"},"_links":{"self":[{"href":"https:\/\/parisparis.movilizame.com.ar\/index.php?rest_route=\/wp\/v2\/product\/7288","targetHints":{"allow":["GET"]}}],"collection":[{"href":"https:\/\/parisparis.movilizame.com.ar\/index.php?rest_route=\/wp\/v2\/product"}],"about":[{"href":"https:\/\/parisparis.movilizame.com.ar\/index.php?rest_route=\/wp\/v2\/types\/product"}],"replies":[{"embeddable":true,"href":"https:\/\/parisparis.movilizame.com.ar\/index.php?rest_route=%2Fwp%2Fv2%2Fcomments&post=7288"}],"wp:featuredmedia":[{"embeddable":true,"href":"https:\/\/parisparis.movilizame.com.ar\/index.php?rest_route=\/wp\/v2\/media\/8003"}],"wp:attachment":[{"href":"https:\/\/parisparis.movilizame.com.ar\/index.php?rest_route=%2Fwp%2Fv2%2Fmedia&parent=7288"}],"wp:term":[{"taxonomy":"product_brand","embeddable":true,"href":"https:\/\/parisparis.movilizame.com.ar\/index.php?rest_route=%2Fwp%2Fv2%2Fproduct_brand&post=7288"},{"taxonomy":"product_cat","embeddable":true,"href":"https:\/\/parisparis.movilizame.com.ar\/index.php?rest_route=%2Fwp%2Fv2%2Fproduct_cat&post=7288"},{"taxonomy":"product_tag","embeddable":true,"href":"https:\/\/parisparis.movilizame.com.ar\/index.php?rest_route=%2Fwp%2Fv2%2Fproduct_tag&post=7288"}],"curies":[{"name":"wp","href":"https:\/\/api.w.org\/{rel}","templated":true}]}}