{"id":7285,"date":"2023-10-02T22:09:20","date_gmt":"2023-10-03T01:09:20","guid":{"rendered":"http:\/\/wp-paris-paris.test\/?product=shampoo-vitamino-color-x-1500ml"},"modified":"2025-11-04T19:19:19","modified_gmt":"2025-11-04T22:19:19","slug":"shampoo-vitamino-color-x-1500ml","status":"publish","type":"product","link":"https:\/\/parisparis.movilizame.com.ar\/?product=shampoo-vitamino-color-x-1500ml","title":{"rendered":"LOREAL &#8211; SHAMPOO VITAMINO COLOR x 1500ml"},"content":{"rendered":"<p>Este shampoo profesional limpia suavemente el cabello con color y hace que el color dure hasta 8 semanas*. El cabello con color es 6* veces m\u00e1s brillante y luce m\u00e1s radiante. El cabello se siente m\u00e1s ligero, manejable y suave. F\u00f3rmula enriquecida con resveratrol, un poderoso antioxidante para un cabello con color perfecto de sal\u00f3n. *shampoo + acondicionador<\/p>\n<p>Modo de empleo: aplicar uniformemente sobre el cabello mojado y masajee hasta hacer espuma. Enjuague bien. Repita el proceso si es necesario. En caso de contacto con los ojos, enju\u00e1guelos inmediatamente.<\/p>\n","protected":false},"excerpt":{"rendered":"<p>Este shampoo profesional limpia suavemente el cabello con color y hace que el color dure hasta 8 semanas*. El cabello&#8230;<\/p>\n","protected":false},"featured_media":0,"comment_status":"open","ping_status":"closed","template":"","meta":[],"product_brand":[1430],"product_cat":[],"product_tag":[],"class_list":{"0":"post-7285","1":"product","2":"type-product","3":"status-publish","5":"product_brand-loreal","7":"first","8":"instock","9":"shipping-taxable","10":"purchasable","11":"product-type-simple"},"_links":{"self":[{"href":"https:\/\/parisparis.movilizame.com.ar\/index.php?rest_route=\/wp\/v2\/product\/7285","targetHints":{"allow":["GET"]}}],"collection":[{"href":"https:\/\/parisparis.movilizame.com.ar\/index.php?rest_route=\/wp\/v2\/product"}],"about":[{"href":"https:\/\/parisparis.movilizame.com.ar\/index.php?rest_route=\/wp\/v2\/types\/product"}],"replies":[{"embeddable":true,"href":"https:\/\/parisparis.movilizame.com.ar\/index.php?rest_route=%2Fwp%2Fv2%2Fcomments&post=7285"}],"wp:attachment":[{"href":"https:\/\/parisparis.movilizame.com.ar\/index.php?rest_route=%2Fwp%2Fv2%2Fmedia&parent=7285"}],"wp:term":[{"taxonomy":"product_brand","embeddable":true,"href":"https:\/\/parisparis.movilizame.com.ar\/index.php?rest_route=%2Fwp%2Fv2%2Fproduct_brand&post=7285"},{"taxonomy":"product_cat","embeddable":true,"href":"https:\/\/parisparis.movilizame.com.ar\/index.php?rest_route=%2Fwp%2Fv2%2Fproduct_cat&post=7285"},{"taxonomy":"product_tag","embeddable":true,"href":"https:\/\/parisparis.movilizame.com.ar\/index.php?rest_route=%2Fwp%2Fv2%2Fproduct_tag&post=7285"}],"curies":[{"name":"wp","href":"https:\/\/api.w.org\/{rel}","templated":true}]}}