{"id":7278,"date":"2023-10-02T15:10:08","date_gmt":"2023-10-02T18:10:08","guid":{"rendered":"http:\/\/wp-paris-paris.test\/?product=shampoo-pelo-mixto"},"modified":"2026-02-04T17:49:59","modified_gmt":"2026-02-04T20:49:59","slug":"shampoo-pelo-mixto","status":"publish","type":"product","link":"https:\/\/parisparis.movilizame.com.ar\/?product=shampoo-pelo-mixto","title":{"rendered":"CAPILATIS &#8211; PELO MIXTO SHAMPOO 420 ML"},"content":{"rendered":"<p><strong>El Shampoo Pelo Mixto est\u00e1 formulado con Ortiga Blanca y Rosa Mosqueta<\/strong>, una combinaci\u00f3n de extractos naturales puros cuya acci\u00f3n selectiva elimina el exceso de oleosidad en las ra\u00edces y cuero cabelludo graso, manteniendo el cuidado e hidrataci\u00f3n en las puntas.<\/p>\n<p>Shampoo de uso frecuente que\u00a0<strong>otorga suavidad y brillo, logrando un perfecto balance entre pureza e hidrataci\u00f3n<\/strong>.<\/p>\n<p>SIN SILICONAS. SIN PARABENOS. SIN COLORANTES.<\/p>\n<p>Contenido: 420 ml<\/p>\n<p><strong>Modo de uso:<\/strong><\/p>\n<p><strong>Aplicar y masajear sobre el cabello h\u00famedo hasta formar espuma. Dejar actuar unos minutos y enjuagar con agua tibia. Repetir la operaci\u00f3n.<\/strong>\u00a0Mantener fuera del alcance de los ni\u00f1os. En caso de contacto con los ojos enjuagar con abundante agua, sin restregar. De percibir alguna reacci\u00f3n desfavorable, suspender su uso y consultar a un m\u00e9dico. Este producto no est\u00e1 formulado para su uso en ni\u00f1os.<\/p>\n<p>&nbsp;<\/p>\n","protected":false},"excerpt":{"rendered":"<p>El Shampoo Pelo Mixto est\u00e1 formulado con Ortiga Blanca y Rosa Mosqueta, una combinaci\u00f3n de extractos naturales puros cuya acci\u00f3n&#8230;<\/p>\n","protected":false},"featured_media":8671,"comment_status":"open","ping_status":"closed","template":"","meta":[],"product_brand":[1458],"product_cat":[],"product_tag":[],"class_list":{"0":"post-7278","1":"product","2":"type-product","3":"status-publish","4":"has-post-thumbnail","6":"product_brand-capilatis","8":"first","9":"instock","10":"shipping-taxable","11":"purchasable","12":"product-type-simple"},"_links":{"self":[{"href":"https:\/\/parisparis.movilizame.com.ar\/index.php?rest_route=\/wp\/v2\/product\/7278","targetHints":{"allow":["GET"]}}],"collection":[{"href":"https:\/\/parisparis.movilizame.com.ar\/index.php?rest_route=\/wp\/v2\/product"}],"about":[{"href":"https:\/\/parisparis.movilizame.com.ar\/index.php?rest_route=\/wp\/v2\/types\/product"}],"replies":[{"embeddable":true,"href":"https:\/\/parisparis.movilizame.com.ar\/index.php?rest_route=%2Fwp%2Fv2%2Fcomments&post=7278"}],"wp:featuredmedia":[{"embeddable":true,"href":"https:\/\/parisparis.movilizame.com.ar\/index.php?rest_route=\/wp\/v2\/media\/8671"}],"wp:attachment":[{"href":"https:\/\/parisparis.movilizame.com.ar\/index.php?rest_route=%2Fwp%2Fv2%2Fmedia&parent=7278"}],"wp:term":[{"taxonomy":"product_brand","embeddable":true,"href":"https:\/\/parisparis.movilizame.com.ar\/index.php?rest_route=%2Fwp%2Fv2%2Fproduct_brand&post=7278"},{"taxonomy":"product_cat","embeddable":true,"href":"https:\/\/parisparis.movilizame.com.ar\/index.php?rest_route=%2Fwp%2Fv2%2Fproduct_cat&post=7278"},{"taxonomy":"product_tag","embeddable":true,"href":"https:\/\/parisparis.movilizame.com.ar\/index.php?rest_route=%2Fwp%2Fv2%2Fproduct_tag&post=7278"}],"curies":[{"name":"wp","href":"https:\/\/api.w.org\/{rel}","templated":true}]}}