{"id":7276,"date":"2023-10-02T14:34:20","date_gmt":"2023-10-02T17:34:20","guid":{"rendered":"http:\/\/wp-paris-paris.test\/?product=mascarilla-capilar-ph-extra-acido"},"modified":"2026-02-04T17:37:53","modified_gmt":"2026-02-04T20:37:53","slug":"mascarilla-capilar-ph-extra-acido","status":"publish","type":"product","link":"https:\/\/parisparis.movilizame.com.ar\/?product=mascarilla-capilar-ph-extra-acido","title":{"rendered":"CAPILATIS &#8211; MASCARILLA CAPILAR PH EXTRA ACIDO 170 GR"},"content":{"rendered":"<p>La Mascarilla Capilar pH Extra \u00c1cido&nbsp;nutre de forma&nbsp;profunda y repara los cabellos te\u00f1idos.&nbsp;Ayuda a mantener la cut\u00edcula capilar cerrada, evitando que se pierdan componentes esenciales.&nbsp;Su pH extra \u00e1cido&nbsp;neutraliza los efectos negativos de los&nbsp;procesos de tinci\u00f3n.&nbsp;Preserva la intensidad&nbsp;y duraci\u00f3n del color.&nbsp;Formulada con Frutos Rojos&nbsp;+ Copol\u00edmero&nbsp;Protector del color. Ideal para uso frecuente y luego de realizar la coloraci\u00f3n.<\/p>\n<p>MODO DE USO: Distribuir sobre el cabello limpio y h\u00famedo. Dejar actuar 5 minutos. Enjuagar con agua tibia, secar y modelar como de costumbre.<\/p>\n","protected":false},"excerpt":{"rendered":"<p>La Mascarilla Capilar pH Extra \u00c1cido&nbsp;nutre de forma&nbsp;profunda y repara los cabellos te\u00f1idos.&nbsp;Ayuda a mantener la cut\u00edcula capilar cerrada, evitando&#8230;<\/p>\n","protected":false},"featured_media":7997,"comment_status":"open","ping_status":"closed","template":"","meta":[],"product_brand":[1458],"product_cat":[],"product_tag":[],"class_list":{"0":"post-7276","1":"product","2":"type-product","3":"status-publish","4":"has-post-thumbnail","6":"product_brand-capilatis","8":"first","9":"instock","10":"shipping-taxable","11":"purchasable","12":"product-type-simple"},"_links":{"self":[{"href":"https:\/\/parisparis.movilizame.com.ar\/index.php?rest_route=\/wp\/v2\/product\/7276","targetHints":{"allow":["GET"]}}],"collection":[{"href":"https:\/\/parisparis.movilizame.com.ar\/index.php?rest_route=\/wp\/v2\/product"}],"about":[{"href":"https:\/\/parisparis.movilizame.com.ar\/index.php?rest_route=\/wp\/v2\/types\/product"}],"replies":[{"embeddable":true,"href":"https:\/\/parisparis.movilizame.com.ar\/index.php?rest_route=%2Fwp%2Fv2%2Fcomments&post=7276"}],"wp:featuredmedia":[{"embeddable":true,"href":"https:\/\/parisparis.movilizame.com.ar\/index.php?rest_route=\/wp\/v2\/media\/7997"}],"wp:attachment":[{"href":"https:\/\/parisparis.movilizame.com.ar\/index.php?rest_route=%2Fwp%2Fv2%2Fmedia&parent=7276"}],"wp:term":[{"taxonomy":"product_brand","embeddable":true,"href":"https:\/\/parisparis.movilizame.com.ar\/index.php?rest_route=%2Fwp%2Fv2%2Fproduct_brand&post=7276"},{"taxonomy":"product_cat","embeddable":true,"href":"https:\/\/parisparis.movilizame.com.ar\/index.php?rest_route=%2Fwp%2Fv2%2Fproduct_cat&post=7276"},{"taxonomy":"product_tag","embeddable":true,"href":"https:\/\/parisparis.movilizame.com.ar\/index.php?rest_route=%2Fwp%2Fv2%2Fproduct_tag&post=7276"}],"curies":[{"name":"wp","href":"https:\/\/api.w.org\/{rel}","templated":true}]}}