{"id":7275,"date":"2023-10-02T14:28:22","date_gmt":"2023-10-02T17:28:22","guid":{"rendered":"http:\/\/wp-paris-paris.test\/?product=shampoo-tratante-para-la-caida"},"modified":"2026-02-03T12:40:13","modified_gmt":"2026-02-03T15:40:13","slug":"shampoo-tratante-para-la-caida","status":"publish","type":"product","link":"https:\/\/parisparis.movilizame.com.ar\/?product=shampoo-tratante-para-la-caida","title":{"rendered":"CAPILATIS &#8211;  SHAMPOO TRATANTE PARA LA CA\u00cdDA"},"content":{"rendered":"<p>El Shampoo Tratante Ortiga contribuye a detener la ca\u00edda del cabello El extracto de Ortiga fortalece la fibra capilar y contribuye a la oxigenaci\u00f3n del bulbo capilar, logrando una profunda limpieza. Los componentes naturales de la Ortiga penetran en la cut\u00edcula del cabello hidrat\u00e1ndola en profundidad y forman un film protector que la fortalece, d\u00e1ndole m\u00e1s cuerpo y brillo.<\/p>\n","protected":false},"excerpt":{"rendered":"<p>El Shampoo Tratante Ortiga contribuye a detener la ca\u00edda del cabello El extracto de Ortiga fortalece la fibra capilar y&#8230;<\/p>\n","protected":false},"featured_media":7996,"comment_status":"open","ping_status":"closed","template":"","meta":[],"product_brand":[1458],"product_cat":[],"product_tag":[],"class_list":{"0":"post-7275","1":"product","2":"type-product","3":"status-publish","4":"has-post-thumbnail","6":"product_brand-capilatis","8":"first","9":"instock","10":"shipping-taxable","11":"purchasable","12":"product-type-simple"},"_links":{"self":[{"href":"https:\/\/parisparis.movilizame.com.ar\/index.php?rest_route=\/wp\/v2\/product\/7275","targetHints":{"allow":["GET"]}}],"collection":[{"href":"https:\/\/parisparis.movilizame.com.ar\/index.php?rest_route=\/wp\/v2\/product"}],"about":[{"href":"https:\/\/parisparis.movilizame.com.ar\/index.php?rest_route=\/wp\/v2\/types\/product"}],"replies":[{"embeddable":true,"href":"https:\/\/parisparis.movilizame.com.ar\/index.php?rest_route=%2Fwp%2Fv2%2Fcomments&post=7275"}],"wp:featuredmedia":[{"embeddable":true,"href":"https:\/\/parisparis.movilizame.com.ar\/index.php?rest_route=\/wp\/v2\/media\/7996"}],"wp:attachment":[{"href":"https:\/\/parisparis.movilizame.com.ar\/index.php?rest_route=%2Fwp%2Fv2%2Fmedia&parent=7275"}],"wp:term":[{"taxonomy":"product_brand","embeddable":true,"href":"https:\/\/parisparis.movilizame.com.ar\/index.php?rest_route=%2Fwp%2Fv2%2Fproduct_brand&post=7275"},{"taxonomy":"product_cat","embeddable":true,"href":"https:\/\/parisparis.movilizame.com.ar\/index.php?rest_route=%2Fwp%2Fv2%2Fproduct_cat&post=7275"},{"taxonomy":"product_tag","embeddable":true,"href":"https:\/\/parisparis.movilizame.com.ar\/index.php?rest_route=%2Fwp%2Fv2%2Fproduct_tag&post=7275"}],"curies":[{"name":"wp","href":"https:\/\/api.w.org\/{rel}","templated":true}]}}