{"id":7272,"date":"2023-09-30T21:28:57","date_gmt":"2023-10-01T00:28:57","guid":{"rendered":"http:\/\/wp-paris-paris.test\/?product=ampolla-7-oleos-magicos-ultra-reparacion"},"modified":"2025-12-17T19:46:30","modified_gmt":"2025-12-17T22:46:30","slug":"ampolla-7-oleos-magicos-ultra-reparacion","status":"publish","type":"product","link":"https:\/\/parisparis.movilizame.com.ar\/?product=ampolla-7-oleos-magicos-ultra-reparacion","title":{"rendered":"INECTO &#8211; 7 OLEOS MAGICOS AMPOLLA ULTRA REPARACION 15 ML"},"content":{"rendered":"<p><em><strong>Ampolla 7 Oleos M\u00e1gicos para cabellos secos y da\u00f1ados.<\/strong><\/em><\/p>\n<p><strong>COMPONENTES:<\/strong><br \/>\n<em>Shock de Humectaci\u00f3n y brillo para el cabello seco y da\u00f1ado<br \/>\nOLEO DE ARGAN<br \/>\n\u2022 Aporta altas dosis de humectaci\u00f3n<br \/>\nOLEO DE MACADAMIA<br \/>\n\u2022 Reestructura el pelo<br \/>\nOLEO DE COCO<br \/>\n\u2022 Revitaliza la fibra capilar<br \/>\nOLEO DE PALTA<br \/>\n\u2022 Repara el cabello da\u00f1ado<br \/>\nOLIVA<br \/>\n\u2022 Otorga brillo y luminosidad<\/em><\/p>\n<p><strong>ACCI\u00d3N:<\/strong><br \/>\nShock de humectaci\u00f3n para cabellos resecos y maltratados.<br \/>\nBrillo y reparaci\u00f3n para el pelo seco.<br \/>\nRepara el da\u00f1o producido por diferentes factores qu\u00edmicos y t\u00e9rmicos.<\/p>\n<p><strong>MODO DE USO:<\/strong><br \/>\nLavar el cabello con shampoo Inecto, enjuagar y luego colocar la ampolla, se distribuye en todo el pelo y se masajea hasta obtener una espuma homog\u00e9nea dejar actuar 3 minutos y enjuagar con abundante agua tibia. Se utiliza toda la ampolla, esta operaci\u00f3n puede repetirse una vez por semana si el cabello est\u00e1 muy da\u00f1ado.<\/p>\n","protected":false},"excerpt":{"rendered":"<p>Ampolla 7 Oleos M\u00e1gicos para cabellos secos y da\u00f1ados. COMPONENTES: Shock de Humectaci\u00f3n y brillo para el cabello seco y&#8230;<\/p>\n","protected":false},"featured_media":8658,"comment_status":"open","ping_status":"closed","template":"","meta":[],"product_brand":[1431],"product_cat":[],"product_tag":[],"class_list":{"0":"post-7272","1":"product","2":"type-product","3":"status-publish","4":"has-post-thumbnail","6":"product_brand-inecto","8":"first","9":"instock","10":"shipping-taxable","11":"purchasable","12":"product-type-simple"},"_links":{"self":[{"href":"https:\/\/parisparis.movilizame.com.ar\/index.php?rest_route=\/wp\/v2\/product\/7272","targetHints":{"allow":["GET"]}}],"collection":[{"href":"https:\/\/parisparis.movilizame.com.ar\/index.php?rest_route=\/wp\/v2\/product"}],"about":[{"href":"https:\/\/parisparis.movilizame.com.ar\/index.php?rest_route=\/wp\/v2\/types\/product"}],"replies":[{"embeddable":true,"href":"https:\/\/parisparis.movilizame.com.ar\/index.php?rest_route=%2Fwp%2Fv2%2Fcomments&post=7272"}],"wp:featuredmedia":[{"embeddable":true,"href":"https:\/\/parisparis.movilizame.com.ar\/index.php?rest_route=\/wp\/v2\/media\/8658"}],"wp:attachment":[{"href":"https:\/\/parisparis.movilizame.com.ar\/index.php?rest_route=%2Fwp%2Fv2%2Fmedia&parent=7272"}],"wp:term":[{"taxonomy":"product_brand","embeddable":true,"href":"https:\/\/parisparis.movilizame.com.ar\/index.php?rest_route=%2Fwp%2Fv2%2Fproduct_brand&post=7272"},{"taxonomy":"product_cat","embeddable":true,"href":"https:\/\/parisparis.movilizame.com.ar\/index.php?rest_route=%2Fwp%2Fv2%2Fproduct_cat&post=7272"},{"taxonomy":"product_tag","embeddable":true,"href":"https:\/\/parisparis.movilizame.com.ar\/index.php?rest_route=%2Fwp%2Fv2%2Fproduct_tag&post=7272"}],"curies":[{"name":"wp","href":"https:\/\/api.w.org\/{rel}","templated":true}]}}