{"id":7271,"date":"2023-09-30T20:57:20","date_gmt":"2023-09-30T23:57:20","guid":{"rendered":"http:\/\/wp-paris-paris.test\/?product=acondicionador-detox-purificante-x-400ml"},"modified":"2025-12-17T19:48:20","modified_gmt":"2025-12-17T22:48:20","slug":"acondicionador-detox-purificante-x-400ml","status":"publish","type":"product","link":"https:\/\/parisparis.movilizame.com.ar\/?product=acondicionador-detox-purificante-x-400ml","title":{"rendered":"INECTO &#8211;  DETOX PURIFICANTE ACONDICIONADOR 400 ML"},"content":{"rendered":"<p><strong>COMPONENTES:<\/strong><br \/>\n<em>EXTRACTO DE PEPINO<br \/>\n\u2022 Hidrata<br \/>\n\u2022 Purifica la fibra capilar y el cuero cabelludo<\/em><br \/>\n<em>MORINGA<\/em><br \/>\n<em>\u2022 Elimina toxinas de la fibra capilar<br \/>\n\u2022 Regula la secreci\u00f3n de las gl\u00e1ndulas sebaceas<br \/>\n\u2022 Nutre el cabello<\/em><\/p>\n<p><strong>ACCI\u00d3N:<\/strong><br \/>\nDiferentes factores afectan nuestro cuero cabelludo y fibra capilar, haciendo que nuestro pelo luzca sin brillo. Inecto desarroll\u00f3 un tratamiento Detox que combina la delicada eficacia de purificaci\u00f3n del pepino con la acci\u00f3n reguladora y desintoxicante de la moringa, un blend natural que purifica el cuero cabelludo y devuelve al cabello un aspecto sano y brillante.<br \/>\nEl detox capilar es imprescindible para disfrutar de un cabello sano y lleno de vida. Al igual que ocurre con el resto de nuestro organismo, el pelo debe purificarse para eliminar todas las sustancias que pueden estar atac\u00e1ndolo, la coloraci\u00f3n, alisados, permanentes y diferentes tratamientos qu\u00edmicos van dejando restos en la fibra capilar y en el cuero cabelludo, por eso es necesario realizar un tratamiento detox.<\/p>\n","protected":false},"excerpt":{"rendered":"<p>COMPONENTES: EXTRACTO DE PEPINO \u2022 Hidrata \u2022 Purifica la fibra capilar y el cuero cabelludo MORINGA \u2022 Elimina toxinas de&#8230;<\/p>\n","protected":false},"featured_media":7993,"comment_status":"open","ping_status":"closed","template":"","meta":[],"product_brand":[1431],"product_cat":[],"product_tag":[],"class_list":{"0":"post-7271","1":"product","2":"type-product","3":"status-publish","4":"has-post-thumbnail","6":"product_brand-inecto","8":"first","9":"instock","10":"shipping-taxable","11":"purchasable","12":"product-type-simple"},"_links":{"self":[{"href":"https:\/\/parisparis.movilizame.com.ar\/index.php?rest_route=\/wp\/v2\/product\/7271","targetHints":{"allow":["GET"]}}],"collection":[{"href":"https:\/\/parisparis.movilizame.com.ar\/index.php?rest_route=\/wp\/v2\/product"}],"about":[{"href":"https:\/\/parisparis.movilizame.com.ar\/index.php?rest_route=\/wp\/v2\/types\/product"}],"replies":[{"embeddable":true,"href":"https:\/\/parisparis.movilizame.com.ar\/index.php?rest_route=%2Fwp%2Fv2%2Fcomments&post=7271"}],"wp:featuredmedia":[{"embeddable":true,"href":"https:\/\/parisparis.movilizame.com.ar\/index.php?rest_route=\/wp\/v2\/media\/7993"}],"wp:attachment":[{"href":"https:\/\/parisparis.movilizame.com.ar\/index.php?rest_route=%2Fwp%2Fv2%2Fmedia&parent=7271"}],"wp:term":[{"taxonomy":"product_brand","embeddable":true,"href":"https:\/\/parisparis.movilizame.com.ar\/index.php?rest_route=%2Fwp%2Fv2%2Fproduct_brand&post=7271"},{"taxonomy":"product_cat","embeddable":true,"href":"https:\/\/parisparis.movilizame.com.ar\/index.php?rest_route=%2Fwp%2Fv2%2Fproduct_cat&post=7271"},{"taxonomy":"product_tag","embeddable":true,"href":"https:\/\/parisparis.movilizame.com.ar\/index.php?rest_route=%2Fwp%2Fv2%2Fproduct_tag&post=7271"}],"curies":[{"name":"wp","href":"https:\/\/api.w.org\/{rel}","templated":true}]}}