{"id":7254,"date":"2023-09-29T14:02:22","date_gmt":"2023-09-29T17:02:22","guid":{"rendered":"http:\/\/wp-paris-paris.test\/?product=mascara-de-pestanas-the-colossal-go-extreme-maybelline"},"modified":"2026-01-20T12:01:57","modified_gmt":"2026-01-20T15:01:57","slug":"mascara-de-pestanas-the-colossal-go-extreme-maybelline","status":"publish","type":"product","link":"https:\/\/parisparis.movilizame.com.ar\/?product=mascara-de-pestanas-the-colossal-go-extreme-maybelline","title":{"rendered":"MAYBELLINE &#8211; MASCARA DE PESTA\u00d1AS THE COLOSSAL GO EXTREME"},"content":{"rendered":"<p><strong>DISPONIBLE: COM\u00daN Y WATERPROOF<\/strong><\/p>\n<p>M\u00e1scara de pesta\u00f1as para lograr pesta\u00f1as extremas con una sola pasada.Su f\u00f3rmula con col\u00e1geno y mega brush aporta un volume extremo.<\/p>\n<p>Su cepillo ergom\u00e9trico deposita el doble de f\u00f3rmula para dar un volumen intenso pero sin dejar grumos.<\/p>\n","protected":false},"excerpt":{"rendered":"<p>DISPONIBLE: COM\u00daN Y WATERPROOF M\u00e1scara de pesta\u00f1as para lograr pesta\u00f1as extremas con una sola pasada.Su f\u00f3rmula con col\u00e1geno y mega&#8230;<\/p>\n","protected":false},"featured_media":7977,"comment_status":"open","ping_status":"closed","template":"","meta":[],"product_brand":[1429],"product_cat":[],"product_tag":[],"class_list":{"0":"post-7254","1":"product","2":"type-product","3":"status-publish","4":"has-post-thumbnail","6":"product_brand-maybelline","8":"first","9":"instock","10":"shipping-taxable","11":"purchasable","12":"product-type-simple"},"_links":{"self":[{"href":"https:\/\/parisparis.movilizame.com.ar\/index.php?rest_route=\/wp\/v2\/product\/7254","targetHints":{"allow":["GET"]}}],"collection":[{"href":"https:\/\/parisparis.movilizame.com.ar\/index.php?rest_route=\/wp\/v2\/product"}],"about":[{"href":"https:\/\/parisparis.movilizame.com.ar\/index.php?rest_route=\/wp\/v2\/types\/product"}],"replies":[{"embeddable":true,"href":"https:\/\/parisparis.movilizame.com.ar\/index.php?rest_route=%2Fwp%2Fv2%2Fcomments&post=7254"}],"wp:featuredmedia":[{"embeddable":true,"href":"https:\/\/parisparis.movilizame.com.ar\/index.php?rest_route=\/wp\/v2\/media\/7977"}],"wp:attachment":[{"href":"https:\/\/parisparis.movilizame.com.ar\/index.php?rest_route=%2Fwp%2Fv2%2Fmedia&parent=7254"}],"wp:term":[{"taxonomy":"product_brand","embeddable":true,"href":"https:\/\/parisparis.movilizame.com.ar\/index.php?rest_route=%2Fwp%2Fv2%2Fproduct_brand&post=7254"},{"taxonomy":"product_cat","embeddable":true,"href":"https:\/\/parisparis.movilizame.com.ar\/index.php?rest_route=%2Fwp%2Fv2%2Fproduct_cat&post=7254"},{"taxonomy":"product_tag","embeddable":true,"href":"https:\/\/parisparis.movilizame.com.ar\/index.php?rest_route=%2Fwp%2Fv2%2Fproduct_tag&post=7254"}],"curies":[{"name":"wp","href":"https:\/\/api.w.org\/{rel}","templated":true}]}}