{"id":7253,"date":"2023-09-29T13:49:50","date_gmt":"2023-09-29T16:49:50","guid":{"rendered":"http:\/\/wp-paris-paris.test\/?product=mascara-de-pestanas-sky-high-cosmic-black-maybelline"},"modified":"2026-01-20T12:02:22","modified_gmt":"2026-01-20T15:02:22","slug":"mascara-de-pestanas-sky-high-cosmic-black-maybelline","status":"publish","type":"product","link":"https:\/\/parisparis.movilizame.com.ar\/?product=mascara-de-pestanas-sky-high-cosmic-black-maybelline","title":{"rendered":"MAYBELLINE &#8211; MASCARA DE PESTA\u00d1AS SKY HIGH COSMIC BLACK"},"content":{"rendered":"<p>M\u00e1scara de pesta\u00f1as Lash Sensational Sky High Cosmic Black&nbsp;para una longitud sin l\u00edmites + volumen redefinido en tus pesta\u00f1as.<br \/>\nPero&#8230; \u00bfy si vamos m\u00e1s all\u00e1? Ahora, mayor intensidad en tu mirada gracias a sus pigmentos ultra negros. \u00a1Ya no tienes que elegir entre longitud, volumen e intensidad!<br \/>\nSu innovador cepillo c\u00f3nico flexible alcanza cada una de tus pesta\u00f1as sin dejar grumos y su f\u00f3rmula con extracto de bamb\u00fa y pigmentos ultra negros es ligera y s\u00faper f\u00e1cil de aplicar.<br \/>\nConsigue unas #PESTA\u00d1ASCONALTURA con una intensidad de otra galaxia. Now, the sky is the limit.<br \/>\n&nbsp;<\/p>\n","protected":false},"excerpt":{"rendered":"<p>M\u00e1scara de pesta\u00f1as Lash Sensational Sky High Cosmic Black&nbsp;para una longitud sin l\u00edmites + volumen redefinido en tus pesta\u00f1as. Pero&#8230;&#8230;<\/p>\n","protected":false},"featured_media":7976,"comment_status":"open","ping_status":"closed","template":"","meta":[],"product_brand":[1429],"product_cat":[],"product_tag":[],"class_list":{"0":"post-7253","1":"product","2":"type-product","3":"status-publish","4":"has-post-thumbnail","6":"product_brand-maybelline","8":"first","9":"instock","10":"shipping-taxable","11":"purchasable","12":"product-type-simple"},"_links":{"self":[{"href":"https:\/\/parisparis.movilizame.com.ar\/index.php?rest_route=\/wp\/v2\/product\/7253","targetHints":{"allow":["GET"]}}],"collection":[{"href":"https:\/\/parisparis.movilizame.com.ar\/index.php?rest_route=\/wp\/v2\/product"}],"about":[{"href":"https:\/\/parisparis.movilizame.com.ar\/index.php?rest_route=\/wp\/v2\/types\/product"}],"replies":[{"embeddable":true,"href":"https:\/\/parisparis.movilizame.com.ar\/index.php?rest_route=%2Fwp%2Fv2%2Fcomments&post=7253"}],"wp:featuredmedia":[{"embeddable":true,"href":"https:\/\/parisparis.movilizame.com.ar\/index.php?rest_route=\/wp\/v2\/media\/7976"}],"wp:attachment":[{"href":"https:\/\/parisparis.movilizame.com.ar\/index.php?rest_route=%2Fwp%2Fv2%2Fmedia&parent=7253"}],"wp:term":[{"taxonomy":"product_brand","embeddable":true,"href":"https:\/\/parisparis.movilizame.com.ar\/index.php?rest_route=%2Fwp%2Fv2%2Fproduct_brand&post=7253"},{"taxonomy":"product_cat","embeddable":true,"href":"https:\/\/parisparis.movilizame.com.ar\/index.php?rest_route=%2Fwp%2Fv2%2Fproduct_cat&post=7253"},{"taxonomy":"product_tag","embeddable":true,"href":"https:\/\/parisparis.movilizame.com.ar\/index.php?rest_route=%2Fwp%2Fv2%2Fproduct_tag&post=7253"}],"curies":[{"name":"wp","href":"https:\/\/api.w.org\/{rel}","templated":true}]}}