{"id":7247,"date":"2023-09-28T14:35:47","date_gmt":"2023-09-28T17:35:47","guid":{"rendered":"http:\/\/wp-paris-paris.test\/?product=set-amor-amor-edt-100ml-edt-30ml"},"modified":"2025-11-17T17:28:40","modified_gmt":"2025-11-17T20:28:40","slug":"set-amor-amor-edt-100ml-edt-30ml","status":"publish","type":"product","link":"https:\/\/parisparis.movilizame.com.ar\/?product=set-amor-amor-edt-100ml-edt-30ml","title":{"rendered":"CACHAREL &#8211; SET AMOR AMOR &#8211; EDT 100 ML + EDT 30 ML"},"content":{"rendered":"<p>Amor Amor EDT 100 ml + EDT 30 ml<\/p>\n<p>Amor Amor Eau de Toilette de Cacharel es una fragancia que encapsula la pasi\u00f3n y la intensidad del primer amor, dise\u00f1ada para la mujer joven y vibrante que vive cada momento con emoci\u00f3n y autenticidad.<br \/>\nAmor Amor es una invitaci\u00f3n a vivir el amor en su forma m\u00e1s pura y apasionada. Desde el primer acorde, la fragancia despierta los sentidos con una explosi\u00f3n de frescura y dulzura, evocando la emoci\u00f3n de un amor joven y vibrante.<\/p>\n<p><strong>Notas de salida:<\/strong>\u00a0Pomelo rosa, Mandarina, Grosella negra y Naranja sanguina<br \/>\n<strong>Notas de coraz\u00f3n:<\/strong>\u00a0Flor de melati, Rosa y Lirio del valle<br \/>\n<strong>Notas de fondo:<\/strong>\u00a0Vainilla, s\u00e1ndalo y Alzmicles blancos<\/p>\n<p>&nbsp;<\/p>\n","protected":false},"excerpt":{"rendered":"<p>Amor Amor EDT 100 ml + EDT 30 ml Amor Amor Eau de Toilette de Cacharel es una fragancia que&#8230;<\/p>\n","protected":false},"featured_media":8390,"comment_status":"open","ping_status":"closed","template":"","meta":[],"product_brand":[1472],"product_cat":[],"product_tag":[],"class_list":{"0":"post-7247","1":"product","2":"type-product","3":"status-publish","4":"has-post-thumbnail","6":"product_brand-cacharel","8":"first","9":"instock","10":"shipping-taxable","11":"purchasable","12":"product-type-simple"},"_links":{"self":[{"href":"https:\/\/parisparis.movilizame.com.ar\/index.php?rest_route=\/wp\/v2\/product\/7247","targetHints":{"allow":["GET"]}}],"collection":[{"href":"https:\/\/parisparis.movilizame.com.ar\/index.php?rest_route=\/wp\/v2\/product"}],"about":[{"href":"https:\/\/parisparis.movilizame.com.ar\/index.php?rest_route=\/wp\/v2\/types\/product"}],"replies":[{"embeddable":true,"href":"https:\/\/parisparis.movilizame.com.ar\/index.php?rest_route=%2Fwp%2Fv2%2Fcomments&post=7247"}],"wp:featuredmedia":[{"embeddable":true,"href":"https:\/\/parisparis.movilizame.com.ar\/index.php?rest_route=\/wp\/v2\/media\/8390"}],"wp:attachment":[{"href":"https:\/\/parisparis.movilizame.com.ar\/index.php?rest_route=%2Fwp%2Fv2%2Fmedia&parent=7247"}],"wp:term":[{"taxonomy":"product_brand","embeddable":true,"href":"https:\/\/parisparis.movilizame.com.ar\/index.php?rest_route=%2Fwp%2Fv2%2Fproduct_brand&post=7247"},{"taxonomy":"product_cat","embeddable":true,"href":"https:\/\/parisparis.movilizame.com.ar\/index.php?rest_route=%2Fwp%2Fv2%2Fproduct_cat&post=7247"},{"taxonomy":"product_tag","embeddable":true,"href":"https:\/\/parisparis.movilizame.com.ar\/index.php?rest_route=%2Fwp%2Fv2%2Fproduct_tag&post=7247"}],"curies":[{"name":"wp","href":"https:\/\/api.w.org\/{rel}","templated":true}]}}