{"id":7245,"date":"2023-09-28T13:45:57","date_gmt":"2023-09-28T16:45:57","guid":{"rendered":"http:\/\/wp-paris-paris.test\/?product=set-santal-y-violeta-x3"},"modified":"2025-10-23T12:23:50","modified_gmt":"2025-10-23T15:23:50","slug":"set-santal-y-violeta-x3","status":"publish","type":"product","link":"https:\/\/parisparis.movilizame.com.ar\/?product=set-santal-y-violeta-x3","title":{"rendered":"MARCHAND DE AROMES &#8211; SET SANTAL Y VIOLETA X3"},"content":{"rendered":"<p>Es&nbsp;una esencia que mezcla toques de s\u00e1ndalo, papiro de Egipto, cedro, cardamomo, violeta, iris y \u00e1mbar. Su blend pertenece a la familia oltativa&nbsp;amaderada, oriental, c\u00e1lida.<\/p>\n<p>Un estuche especial de regalo que vas a adorar, porque:<\/p>\n<p>la fragancia es \u00fanica y la podes llevar con vos a todos lados en una pr\u00e1ctica presentaci\u00f3n de Eau de Cologne.<\/p>\n<p>el shower gel viene en&nbsp;envase con bomba dosificadora para usar en donde quieras.&nbsp; Su textura liviana, no pegajosa es apta para todo tipo de pieles!<\/p>\n<p>la body lotion te deja la piel super suave, humectada&nbsp;y perfumada. Su envase con bomba dosificadora es c\u00f3moda&nbsp;para que su aplicaci\u00f3n sea pr\u00e1ctica y placentera!<\/p>\n<p>el estuche es ideal para regalar o regalarte<\/p>\n<p>no esta testeado en animales y no tiene parabenos agregados.<\/p>\n","protected":false},"excerpt":{"rendered":"<p>Es&nbsp;una esencia que mezcla toques de s\u00e1ndalo, papiro de Egipto, cedro, cardamomo, violeta, iris y \u00e1mbar. Su blend pertenece a&#8230;<\/p>\n","protected":false},"featured_media":7970,"comment_status":"open","ping_status":"closed","template":"","meta":[],"product_brand":[1451],"product_cat":[],"product_tag":[],"class_list":{"0":"post-7245","1":"product","2":"type-product","3":"status-publish","4":"has-post-thumbnail","6":"product_brand-marchand-de-aromes","8":"first","9":"instock","10":"shipping-taxable","11":"purchasable","12":"product-type-simple"},"_links":{"self":[{"href":"https:\/\/parisparis.movilizame.com.ar\/index.php?rest_route=\/wp\/v2\/product\/7245","targetHints":{"allow":["GET"]}}],"collection":[{"href":"https:\/\/parisparis.movilizame.com.ar\/index.php?rest_route=\/wp\/v2\/product"}],"about":[{"href":"https:\/\/parisparis.movilizame.com.ar\/index.php?rest_route=\/wp\/v2\/types\/product"}],"replies":[{"embeddable":true,"href":"https:\/\/parisparis.movilizame.com.ar\/index.php?rest_route=%2Fwp%2Fv2%2Fcomments&post=7245"}],"wp:featuredmedia":[{"embeddable":true,"href":"https:\/\/parisparis.movilizame.com.ar\/index.php?rest_route=\/wp\/v2\/media\/7970"}],"wp:attachment":[{"href":"https:\/\/parisparis.movilizame.com.ar\/index.php?rest_route=%2Fwp%2Fv2%2Fmedia&parent=7245"}],"wp:term":[{"taxonomy":"product_brand","embeddable":true,"href":"https:\/\/parisparis.movilizame.com.ar\/index.php?rest_route=%2Fwp%2Fv2%2Fproduct_brand&post=7245"},{"taxonomy":"product_cat","embeddable":true,"href":"https:\/\/parisparis.movilizame.com.ar\/index.php?rest_route=%2Fwp%2Fv2%2Fproduct_cat&post=7245"},{"taxonomy":"product_tag","embeddable":true,"href":"https:\/\/parisparis.movilizame.com.ar\/index.php?rest_route=%2Fwp%2Fv2%2Fproduct_tag&post=7245"}],"curies":[{"name":"wp","href":"https:\/\/api.w.org\/{rel}","templated":true}]}}