{"id":7236,"date":"2023-09-26T19:11:54","date_gmt":"2023-09-26T22:11:54","guid":{"rendered":"http:\/\/wp-paris-paris.test\/?product=jeanne-arthes-paris-night-club-edt-100-ml"},"modified":"2025-11-17T18:14:21","modified_gmt":"2025-11-17T21:14:21","slug":"jeanne-arthes-paris-night-club-edt-100-ml","status":"publish","type":"product","link":"https:\/\/parisparis.movilizame.com.ar\/?product=jeanne-arthes-paris-night-club-edt-100-ml","title":{"rendered":"JEANNE ARTHES &#8211; PARIS NIGHT CLUB EDT 100 ML"},"content":{"rendered":"<p>Night Club EDT<\/p>\n<p>Cuando cae la noche, se despiertan los instintos. Sucumba a la intensidad de Night Club, un Eau de Toilette de estela oscura y sensual que revela una sorprendente interacci\u00f3n entre la pimienta y la bergamota, realzada por la carism\u00e1tica madera de cedro y la audacia de un d\u00fao de vetiver y s\u00e1ndalo. Su inquietante fragancia, con su descarado encanto, nunca deja de seducir.<\/p>\n<p>Notas de salida: Bergamota, Manzana,Guindilla.<\/p>\n<p>Notas coraz\u00f3n: Almizcle, S\u00e1ndalo, Vetiver.<\/p>\n<p>Notas de fondo: Cedro, Jazm\u00edn, Notas verdes.<\/p>\n","protected":false},"excerpt":{"rendered":"<p>Night Club EDT Cuando cae la noche, se despiertan los instintos. Sucumba a la intensidad de Night Club, un Eau&#8230;<\/p>\n","protected":false},"featured_media":7962,"comment_status":"open","ping_status":"closed","template":"","meta":[],"product_brand":[1417],"product_cat":[],"product_tag":[],"class_list":{"0":"post-7236","1":"product","2":"type-product","3":"status-publish","4":"has-post-thumbnail","6":"product_brand-jeanne-arthes","8":"first","9":"instock","10":"shipping-taxable","11":"purchasable","12":"product-type-simple"},"_links":{"self":[{"href":"https:\/\/parisparis.movilizame.com.ar\/index.php?rest_route=\/wp\/v2\/product\/7236","targetHints":{"allow":["GET"]}}],"collection":[{"href":"https:\/\/parisparis.movilizame.com.ar\/index.php?rest_route=\/wp\/v2\/product"}],"about":[{"href":"https:\/\/parisparis.movilizame.com.ar\/index.php?rest_route=\/wp\/v2\/types\/product"}],"replies":[{"embeddable":true,"href":"https:\/\/parisparis.movilizame.com.ar\/index.php?rest_route=%2Fwp%2Fv2%2Fcomments&post=7236"}],"wp:featuredmedia":[{"embeddable":true,"href":"https:\/\/parisparis.movilizame.com.ar\/index.php?rest_route=\/wp\/v2\/media\/7962"}],"wp:attachment":[{"href":"https:\/\/parisparis.movilizame.com.ar\/index.php?rest_route=%2Fwp%2Fv2%2Fmedia&parent=7236"}],"wp:term":[{"taxonomy":"product_brand","embeddable":true,"href":"https:\/\/parisparis.movilizame.com.ar\/index.php?rest_route=%2Fwp%2Fv2%2Fproduct_brand&post=7236"},{"taxonomy":"product_cat","embeddable":true,"href":"https:\/\/parisparis.movilizame.com.ar\/index.php?rest_route=%2Fwp%2Fv2%2Fproduct_cat&post=7236"},{"taxonomy":"product_tag","embeddable":true,"href":"https:\/\/parisparis.movilizame.com.ar\/index.php?rest_route=%2Fwp%2Fv2%2Fproduct_tag&post=7236"}],"curies":[{"name":"wp","href":"https:\/\/api.w.org\/{rel}","templated":true}]}}