{"id":7235,"date":"2023-09-26T15:53:17","date_gmt":"2023-09-26T18:53:17","guid":{"rendered":"http:\/\/wp-paris-paris.test\/?product=jeanne-arthes-cassandra-dark-blossom-edp-x-100ml"},"modified":"2025-11-17T18:14:41","modified_gmt":"2025-11-17T21:14:41","slug":"jeanne-arthes-cassandra-dark-blossom-edp-x-100ml","status":"publish","type":"product","link":"https:\/\/parisparis.movilizame.com.ar\/?product=jeanne-arthes-cassandra-dark-blossom-edp-x-100ml","title":{"rendered":"JEANNE ARTHES &#8211; CASSANDRA DARK BLOSSOM EDP 100 ML"},"content":{"rendered":"<p><strong>Cassandra Dark Blossom<\/strong>&nbsp;de&nbsp;<strong>Jeanne Arthes<\/strong>&nbsp;es una fragancia de la familia olfativa Almizcle Floral Amaderado para Mujeres.&nbsp;<strong>Cassandra Dark Blossom<\/strong>&nbsp;se lanz\u00f3 en 2021<\/p>\n<p>Notas de Salida: Sorbete de pera, Gota del roc\u00edo y bergamota<\/p>\n<p>Notas de Coraz\u00f3n: pralin\u00e9, madera de cachemira y \u00e1mbar gris<\/p>\n<p>Notas de Fondo: s\u00e1ndalo blanco y almizcle.<\/p>\n","protected":false},"excerpt":{"rendered":"<p>Cassandra Dark Blossom&nbsp;de&nbsp;Jeanne Arthes&nbsp;es una fragancia de la familia olfativa Almizcle Floral Amaderado para Mujeres.&nbsp;Cassandra Dark Blossom&nbsp;se lanz\u00f3 en 2021&#8230;<\/p>\n","protected":false},"featured_media":7961,"comment_status":"open","ping_status":"closed","template":"","meta":[],"product_brand":[1417],"product_cat":[],"product_tag":[],"class_list":{"0":"post-7235","1":"product","2":"type-product","3":"status-publish","4":"has-post-thumbnail","6":"product_brand-jeanne-arthes","8":"first","9":"instock","10":"shipping-taxable","11":"purchasable","12":"product-type-simple"},"_links":{"self":[{"href":"https:\/\/parisparis.movilizame.com.ar\/index.php?rest_route=\/wp\/v2\/product\/7235","targetHints":{"allow":["GET"]}}],"collection":[{"href":"https:\/\/parisparis.movilizame.com.ar\/index.php?rest_route=\/wp\/v2\/product"}],"about":[{"href":"https:\/\/parisparis.movilizame.com.ar\/index.php?rest_route=\/wp\/v2\/types\/product"}],"replies":[{"embeddable":true,"href":"https:\/\/parisparis.movilizame.com.ar\/index.php?rest_route=%2Fwp%2Fv2%2Fcomments&post=7235"}],"wp:featuredmedia":[{"embeddable":true,"href":"https:\/\/parisparis.movilizame.com.ar\/index.php?rest_route=\/wp\/v2\/media\/7961"}],"wp:attachment":[{"href":"https:\/\/parisparis.movilizame.com.ar\/index.php?rest_route=%2Fwp%2Fv2%2Fmedia&parent=7235"}],"wp:term":[{"taxonomy":"product_brand","embeddable":true,"href":"https:\/\/parisparis.movilizame.com.ar\/index.php?rest_route=%2Fwp%2Fv2%2Fproduct_brand&post=7235"},{"taxonomy":"product_cat","embeddable":true,"href":"https:\/\/parisparis.movilizame.com.ar\/index.php?rest_route=%2Fwp%2Fv2%2Fproduct_cat&post=7235"},{"taxonomy":"product_tag","embeddable":true,"href":"https:\/\/parisparis.movilizame.com.ar\/index.php?rest_route=%2Fwp%2Fv2%2Fproduct_tag&post=7235"}],"curies":[{"name":"wp","href":"https:\/\/api.w.org\/{rel}","templated":true}]}}