{"id":7231,"date":"2023-09-26T15:02:54","date_gmt":"2023-09-26T18:02:54","guid":{"rendered":"http:\/\/wp-paris-paris.test\/?product=boum-candy-land-edt-x-100ml"},"modified":"2025-11-17T19:44:36","modified_gmt":"2025-11-17T22:44:36","slug":"boum-candy-land-edt-x-100ml","status":"publish","type":"product","link":"https:\/\/parisparis.movilizame.com.ar\/?product=boum-candy-land-edt-x-100ml","title":{"rendered":"JEANNE ARTHES &#8211; BOUM CANDY LAND EDT 100 ML"},"content":{"rendered":"<p>Es una fragancia de la familia olfativa Floral Frutal Gourmand para Mujeres.<\/p>\n<p>&nbsp;<\/p>\n<p>Las Notas de Salida son leche, grosellas negras y mandarina.<\/p>\n<p>Notas de Coraz\u00f3n son t\u00f3fe, mel\u00f3n y flor de azahar del naranjo.<\/p>\n<p>Notas de Fondo son algod\u00f3n de az\u00facar, vainilla, s\u00e1ndalo y almizcle.<\/p>\n","protected":false},"excerpt":{"rendered":"<p>Es una fragancia de la familia olfativa Floral Frutal Gourmand para Mujeres. &nbsp; Las Notas de Salida son leche, grosellas&#8230;<\/p>\n","protected":false},"featured_media":8413,"comment_status":"open","ping_status":"closed","template":"","meta":[],"product_brand":[1417],"product_cat":[],"product_tag":[],"class_list":{"0":"post-7231","1":"product","2":"type-product","3":"status-publish","4":"has-post-thumbnail","6":"product_brand-jeanne-arthes","8":"first","9":"instock","10":"shipping-taxable","11":"purchasable","12":"product-type-simple"},"_links":{"self":[{"href":"https:\/\/parisparis.movilizame.com.ar\/index.php?rest_route=\/wp\/v2\/product\/7231","targetHints":{"allow":["GET"]}}],"collection":[{"href":"https:\/\/parisparis.movilizame.com.ar\/index.php?rest_route=\/wp\/v2\/product"}],"about":[{"href":"https:\/\/parisparis.movilizame.com.ar\/index.php?rest_route=\/wp\/v2\/types\/product"}],"replies":[{"embeddable":true,"href":"https:\/\/parisparis.movilizame.com.ar\/index.php?rest_route=%2Fwp%2Fv2%2Fcomments&post=7231"}],"wp:featuredmedia":[{"embeddable":true,"href":"https:\/\/parisparis.movilizame.com.ar\/index.php?rest_route=\/wp\/v2\/media\/8413"}],"wp:attachment":[{"href":"https:\/\/parisparis.movilizame.com.ar\/index.php?rest_route=%2Fwp%2Fv2%2Fmedia&parent=7231"}],"wp:term":[{"taxonomy":"product_brand","embeddable":true,"href":"https:\/\/parisparis.movilizame.com.ar\/index.php?rest_route=%2Fwp%2Fv2%2Fproduct_brand&post=7231"},{"taxonomy":"product_cat","embeddable":true,"href":"https:\/\/parisparis.movilizame.com.ar\/index.php?rest_route=%2Fwp%2Fv2%2Fproduct_cat&post=7231"},{"taxonomy":"product_tag","embeddable":true,"href":"https:\/\/parisparis.movilizame.com.ar\/index.php?rest_route=%2Fwp%2Fv2%2Fproduct_tag&post=7231"}],"curies":[{"name":"wp","href":"https:\/\/api.w.org\/{rel}","templated":true}]}}