{"id":7227,"date":"2023-09-23T22:18:59","date_gmt":"2023-09-24T01:18:59","guid":{"rendered":"http:\/\/wp-paris-paris.test\/?product=police-to-be-green-edt-125-ml"},"modified":"2025-12-04T11:14:57","modified_gmt":"2025-12-04T14:14:57","slug":"police-to-be-green-edt-125-ml","status":"publish","type":"product","link":"https:\/\/parisparis.movilizame.com.ar\/?product=police-to-be-green-edt-125-ml","title":{"rendered":"POLICE &#8211; TO BE GREEN EDT 125 ML"},"content":{"rendered":"<p>TO BE GREEN es la nueva fragancia unisex de la colecci\u00f3n To Be. Con un car\u00e1cter fresco y juvenil, interpreta una renovada conciencia de uno mismo y del mundo.<\/p>\n<p>TO BE GREEN est\u00e1 dedicada a todos los ciudadanos del mundo, personas que reflejan con su comportamiento la sensibilidad hacia el entorno que les rodea, su \u00fanico y preciado hogar.<br \/>\nUna fragancia que huele a libertad para ser uno mismo y mira al futuro con energ\u00eda y positividad. No hay ning\u00fan plan B: TO BE GREEN<\/p>\n<p>Notas de Salida:cardamomo, mandarina y lim\u00f3n (lima \u00e1cida)<\/p>\n<p>Notas de Coraz\u00f3n: violeta, peon\u00eda y jazm\u00edn<\/p>\n<p>Notas de Fondo: vainilla, cedro y s\u00e1ndalo.<\/p>\n","protected":false},"excerpt":{"rendered":"<p>TO BE GREEN es la nueva fragancia unisex de la colecci\u00f3n To Be.<\/p>\n<p>Notas de Salida: cardamomo, mandarina y lim\u00f3n (lima \u00e1cida)<\/p>\n<p>Notas de Coraz\u00f3n: violeta, peon\u00eda y jazm\u00edn<\/p>\n<p>Notas de Fondo: vainilla, cedro y s\u00e1ndalo.<\/p>\n","protected":false},"featured_media":8582,"comment_status":"open","ping_status":"closed","template":"","meta":[],"product_brand":[1423],"product_cat":[],"product_tag":[],"class_list":{"0":"post-7227","1":"product","2":"type-product","3":"status-publish","4":"has-post-thumbnail","6":"product_brand-police","8":"first","9":"instock","10":"shipping-taxable","11":"purchasable","12":"product-type-simple"},"_links":{"self":[{"href":"https:\/\/parisparis.movilizame.com.ar\/index.php?rest_route=\/wp\/v2\/product\/7227","targetHints":{"allow":["GET"]}}],"collection":[{"href":"https:\/\/parisparis.movilizame.com.ar\/index.php?rest_route=\/wp\/v2\/product"}],"about":[{"href":"https:\/\/parisparis.movilizame.com.ar\/index.php?rest_route=\/wp\/v2\/types\/product"}],"replies":[{"embeddable":true,"href":"https:\/\/parisparis.movilizame.com.ar\/index.php?rest_route=%2Fwp%2Fv2%2Fcomments&post=7227"}],"wp:featuredmedia":[{"embeddable":true,"href":"https:\/\/parisparis.movilizame.com.ar\/index.php?rest_route=\/wp\/v2\/media\/8582"}],"wp:attachment":[{"href":"https:\/\/parisparis.movilizame.com.ar\/index.php?rest_route=%2Fwp%2Fv2%2Fmedia&parent=7227"}],"wp:term":[{"taxonomy":"product_brand","embeddable":true,"href":"https:\/\/parisparis.movilizame.com.ar\/index.php?rest_route=%2Fwp%2Fv2%2Fproduct_brand&post=7227"},{"taxonomy":"product_cat","embeddable":true,"href":"https:\/\/parisparis.movilizame.com.ar\/index.php?rest_route=%2Fwp%2Fv2%2Fproduct_cat&post=7227"},{"taxonomy":"product_tag","embeddable":true,"href":"https:\/\/parisparis.movilizame.com.ar\/index.php?rest_route=%2Fwp%2Fv2%2Fproduct_tag&post=7227"}],"curies":[{"name":"wp","href":"https:\/\/api.w.org\/{rel}","templated":true}]}}