{"id":7224,"date":"2023-09-23T14:06:01","date_gmt":"2023-09-23T17:06:01","guid":{"rendered":"http:\/\/wp-paris-paris.test\/?product=dorothy-gray-crema-suave-exfoliante-skin-secrets"},"modified":"2025-12-04T12:15:58","modified_gmt":"2025-12-04T15:15:58","slug":"dorothy-gray-crema-suave-exfoliante-skin-secrets","status":"publish","type":"product","link":"https:\/\/parisparis.movilizame.com.ar\/?product=dorothy-gray-crema-suave-exfoliante-skin-secrets","title":{"rendered":"DOROTHY GRAY &#8211; SKIN SECRETS CREMA SUAVE EXFOLIANTE 50 GR"},"content":{"rendered":"<p>Crema suave exfoliante hipoalerg\u00e9nica y libre de parabenos.\u00a0Produce un efecto peeling a la vez que suaviza e ilumina la piel.\u00a0Para pieles sensibles.<\/p>\n<p>COMPONENTES:<br \/>\n&#8211;MICROESFERAS PULIDORAS DE ORIGEN NATURAL: Act\u00faan sobre las c\u00e9lulas muertas, regenerando el tejido cut\u00e1neo y estimulando la din\u00e1mica celular para disminuir los signos de cansancio e incrementar las defensas naturales de la piel.<br \/>\n&#8211;MANZANILLA: humecta y descongestiona.<br \/>\n&#8211;COMPLEJO BIOFRUIT: El \u00e1cido l\u00e1ctico, \u00e1cido c\u00edtrico, \u00e1cido m\u00e1lico y t\u00e9 verde logran un efecto peeling suave y natural.<\/p>\n<p>TEXTURA: crema suave.<\/p>\n<p>MODO DE USO: Despu\u00e9s de realizar la correspondiente limpieza, aplicar una dosis moderada del producto sobre la yema de los dedos y colocar sobre el rostro y cuello con movimientos circulares ascendentes. Uso diario por la ma\u00f1ana.<\/p>\n<p>&nbsp;<\/p>\n","protected":false},"excerpt":{"rendered":"<p>Crema suave exfoliante hipoalerg\u00e9nica y libre de parabenos.\u00a0Produce un efecto peeling a la vez que suaviza e ilumina la piel.\u00a0Para&#8230;<\/p>\n","protected":false},"featured_media":8587,"comment_status":"open","ping_status":"closed","template":"","meta":[],"product_brand":[1433],"product_cat":[],"product_tag":[],"class_list":{"0":"post-7224","1":"product","2":"type-product","3":"status-publish","4":"has-post-thumbnail","6":"product_brand-dorothy-gray","8":"first","9":"instock","10":"shipping-taxable","11":"purchasable","12":"product-type-simple"},"_links":{"self":[{"href":"https:\/\/parisparis.movilizame.com.ar\/index.php?rest_route=\/wp\/v2\/product\/7224","targetHints":{"allow":["GET"]}}],"collection":[{"href":"https:\/\/parisparis.movilizame.com.ar\/index.php?rest_route=\/wp\/v2\/product"}],"about":[{"href":"https:\/\/parisparis.movilizame.com.ar\/index.php?rest_route=\/wp\/v2\/types\/product"}],"replies":[{"embeddable":true,"href":"https:\/\/parisparis.movilizame.com.ar\/index.php?rest_route=%2Fwp%2Fv2%2Fcomments&post=7224"}],"wp:featuredmedia":[{"embeddable":true,"href":"https:\/\/parisparis.movilizame.com.ar\/index.php?rest_route=\/wp\/v2\/media\/8587"}],"wp:attachment":[{"href":"https:\/\/parisparis.movilizame.com.ar\/index.php?rest_route=%2Fwp%2Fv2%2Fmedia&parent=7224"}],"wp:term":[{"taxonomy":"product_brand","embeddable":true,"href":"https:\/\/parisparis.movilizame.com.ar\/index.php?rest_route=%2Fwp%2Fv2%2Fproduct_brand&post=7224"},{"taxonomy":"product_cat","embeddable":true,"href":"https:\/\/parisparis.movilizame.com.ar\/index.php?rest_route=%2Fwp%2Fv2%2Fproduct_cat&post=7224"},{"taxonomy":"product_tag","embeddable":true,"href":"https:\/\/parisparis.movilizame.com.ar\/index.php?rest_route=%2Fwp%2Fv2%2Fproduct_tag&post=7224"}],"curies":[{"name":"wp","href":"https:\/\/api.w.org\/{rel}","templated":true}]}}