{"id":7223,"date":"2023-09-23T14:01:03","date_gmt":"2023-09-23T17:01:03","guid":{"rendered":"http:\/\/wp-paris-paris.test\/?product=dorothy-gray-crema-anti-age-skin-secrets"},"modified":"2025-12-04T12:15:28","modified_gmt":"2025-12-04T15:15:28","slug":"dorothy-gray-crema-anti-age-skin-secrets","status":"publish","type":"product","link":"https:\/\/parisparis.movilizame.com.ar\/?product=dorothy-gray-crema-anti-age-skin-secrets","title":{"rendered":"DOROTHY GRAY &#8211; SKIN SECRETS CREMA HIDRATANTE ANTI AGE 50 GR"},"content":{"rendered":"<p>Crema Anti-Age hipoalerg\u00e9nica y libre de parabenos. Hidrataci\u00f3n revitalizante para pieles con primeros signos de envejecimiento cronol\u00f3gico<\/p>\n<p>COMPONENTES:<br \/>\n&#8211;LIPOSOLAS DE \u00c1CIDO HIALUR\u00d3NICO: Act\u00faa en las capas m\u00e1s profundas de la piel para estimular la s\u00edntesis natural de Col\u00e1geno, restaurando el volumen de la piel y rellenando el tejido debilitado debajo de las arrugas.<\/p>\n<p>TEXTURA: Crema suave y liviana de mayor absorci\u00f3n.<\/p>\n<p>MODO DE USO: Despu\u00e9s de realizar la correspondiente limpieza y tonificaci\u00f3n, aplicar una dosis moderada del producto sobre la yema de los dedos y colocar sobre el rostro y cuello con movimientos circulares ascendentes. Uso diario.<\/p>\n","protected":false},"excerpt":{"rendered":"<p>Crema Anti-Age hipoalerg\u00e9nica y libre de parabenos. Hidrataci\u00f3n revitalizante para pieles con primeros signos de envejecimiento cronol\u00f3gico COMPONENTES: &#8211;LIPOSOLAS DE&#8230;<\/p>\n","protected":false},"featured_media":8589,"comment_status":"open","ping_status":"closed","template":"","meta":[],"product_brand":[1433],"product_cat":[],"product_tag":[],"class_list":{"0":"post-7223","1":"product","2":"type-product","3":"status-publish","4":"has-post-thumbnail","6":"product_brand-dorothy-gray","8":"first","9":"instock","10":"shipping-taxable","11":"purchasable","12":"product-type-simple"},"_links":{"self":[{"href":"https:\/\/parisparis.movilizame.com.ar\/index.php?rest_route=\/wp\/v2\/product\/7223","targetHints":{"allow":["GET"]}}],"collection":[{"href":"https:\/\/parisparis.movilizame.com.ar\/index.php?rest_route=\/wp\/v2\/product"}],"about":[{"href":"https:\/\/parisparis.movilizame.com.ar\/index.php?rest_route=\/wp\/v2\/types\/product"}],"replies":[{"embeddable":true,"href":"https:\/\/parisparis.movilizame.com.ar\/index.php?rest_route=%2Fwp%2Fv2%2Fcomments&post=7223"}],"wp:featuredmedia":[{"embeddable":true,"href":"https:\/\/parisparis.movilizame.com.ar\/index.php?rest_route=\/wp\/v2\/media\/8589"}],"wp:attachment":[{"href":"https:\/\/parisparis.movilizame.com.ar\/index.php?rest_route=%2Fwp%2Fv2%2Fmedia&parent=7223"}],"wp:term":[{"taxonomy":"product_brand","embeddable":true,"href":"https:\/\/parisparis.movilizame.com.ar\/index.php?rest_route=%2Fwp%2Fv2%2Fproduct_brand&post=7223"},{"taxonomy":"product_cat","embeddable":true,"href":"https:\/\/parisparis.movilizame.com.ar\/index.php?rest_route=%2Fwp%2Fv2%2Fproduct_cat&post=7223"},{"taxonomy":"product_tag","embeddable":true,"href":"https:\/\/parisparis.movilizame.com.ar\/index.php?rest_route=%2Fwp%2Fv2%2Fproduct_tag&post=7223"}],"curies":[{"name":"wp","href":"https:\/\/api.w.org\/{rel}","templated":true}]}}