{"id":7215,"date":"2023-09-22T21:22:19","date_gmt":"2023-09-23T00:22:19","guid":{"rendered":"http:\/\/wp-paris-paris.test\/?product=idraet-eye-primer"},"modified":"2025-10-23T12:47:02","modified_gmt":"2025-10-23T15:47:02","slug":"idraet-eye-primer","status":"publish","type":"product","link":"https:\/\/parisparis.movilizame.com.ar\/?product=idraet-eye-primer","title":{"rendered":"IDRAET &#8211; EYE PRIMER"},"content":{"rendered":"<p>&nbsp;Pre base para unos p\u00e1rpados suaves e uniformes listos para la aplicaci\u00f3n de sombras. Prolonga el maquillaje de ojos. Hace que&nbsp; los colores sean &nbsp;m\u00e1s intensos y&nbsp;vibrantes.&nbsp;Minimiza l\u00edneas finas e imperfecciones.<\/p>\n<p>MODO DE USO: Aplicar previo al maquillaje utilizando un pincel de fibra sint\u00e9tica.<\/p>\n","protected":false},"excerpt":{"rendered":"<p>&nbsp;Pre base para unos p\u00e1rpados suaves e uniformes listos para la aplicaci\u00f3n de sombras. Prolonga el maquillaje de ojos. Hace&#8230;<\/p>\n","protected":false},"featured_media":7948,"comment_status":"open","ping_status":"closed","template":"","meta":[],"product_brand":[1467],"product_cat":[],"product_tag":[],"class_list":{"0":"post-7215","1":"product","2":"type-product","3":"status-publish","4":"has-post-thumbnail","6":"product_brand-idraet","8":"first","9":"instock","10":"shipping-taxable","11":"purchasable","12":"product-type-simple"},"_links":{"self":[{"href":"https:\/\/parisparis.movilizame.com.ar\/index.php?rest_route=\/wp\/v2\/product\/7215","targetHints":{"allow":["GET"]}}],"collection":[{"href":"https:\/\/parisparis.movilizame.com.ar\/index.php?rest_route=\/wp\/v2\/product"}],"about":[{"href":"https:\/\/parisparis.movilizame.com.ar\/index.php?rest_route=\/wp\/v2\/types\/product"}],"replies":[{"embeddable":true,"href":"https:\/\/parisparis.movilizame.com.ar\/index.php?rest_route=%2Fwp%2Fv2%2Fcomments&post=7215"}],"wp:featuredmedia":[{"embeddable":true,"href":"https:\/\/parisparis.movilizame.com.ar\/index.php?rest_route=\/wp\/v2\/media\/7948"}],"wp:attachment":[{"href":"https:\/\/parisparis.movilizame.com.ar\/index.php?rest_route=%2Fwp%2Fv2%2Fmedia&parent=7215"}],"wp:term":[{"taxonomy":"product_brand","embeddable":true,"href":"https:\/\/parisparis.movilizame.com.ar\/index.php?rest_route=%2Fwp%2Fv2%2Fproduct_brand&post=7215"},{"taxonomy":"product_cat","embeddable":true,"href":"https:\/\/parisparis.movilizame.com.ar\/index.php?rest_route=%2Fwp%2Fv2%2Fproduct_cat&post=7215"},{"taxonomy":"product_tag","embeddable":true,"href":"https:\/\/parisparis.movilizame.com.ar\/index.php?rest_route=%2Fwp%2Fv2%2Fproduct_tag&post=7215"}],"curies":[{"name":"wp","href":"https:\/\/api.w.org\/{rel}","templated":true}]}}