{"id":7210,"date":"2023-09-21T19:25:12","date_gmt":"2023-09-21T22:25:12","guid":{"rendered":"http:\/\/wp-paris-paris.test\/?product=dorothy-gray-crema-de-limpieza-skin-secrets"},"modified":"2025-12-04T12:18:32","modified_gmt":"2025-12-04T15:18:32","slug":"dorothy-gray-crema-de-limpieza-skin-secrets","status":"publish","type":"product","link":"https:\/\/parisparis.movilizame.com.ar\/?product=dorothy-gray-crema-de-limpieza-skin-secrets","title":{"rendered":"DOROTHY GRAY-  SKIN SECRETS CREMA DE LIMPIEZA 200 GR"},"content":{"rendered":"<p>Crema de Limpieza libre de Parabenos:<\/p>\n<p>COMPONENTES:<br \/>\n&#8211;COL\u00c1GENO: Garantiza la flexibilidad y tonicidad de la piel al restaurar la producci\u00f3n de nuevo col\u00e1geno y regeneraci\u00f3n de las c\u00e9lulas.<br \/>\n&#8211;T\u00c9 VERDE: Posee propiedades antioxidantes, protegiendo a los tejidos del deterioro causado por los radicales libres, favoreciendo la firmeza de la piel.<\/p>\n<p>MODO DE USO: Colocar una dosis moderada del producto sobre la yema de los dedos y aplicar sobre el rostro y cuello con movimientos circulares ascendentes, retirar con discos de algod\u00f3n, esponja vegetal o papel tissue. Uso diario.<\/p>\n<p>TEXTURA: crema ligera.<\/p>\n","protected":false},"excerpt":{"rendered":"<p>Crema de Limpieza libre de Parabenos: COMPONENTES: &#8211;COL\u00c1GENO: Garantiza la flexibilidad y tonicidad de la piel al restaurar la producci\u00f3n&#8230;<\/p>\n","protected":false},"featured_media":7945,"comment_status":"open","ping_status":"closed","template":"","meta":[],"product_brand":[1433],"product_cat":[],"product_tag":[],"class_list":{"0":"post-7210","1":"product","2":"type-product","3":"status-publish","4":"has-post-thumbnail","6":"product_brand-dorothy-gray","8":"first","9":"instock","10":"shipping-taxable","11":"purchasable","12":"product-type-simple"},"_links":{"self":[{"href":"https:\/\/parisparis.movilizame.com.ar\/index.php?rest_route=\/wp\/v2\/product\/7210","targetHints":{"allow":["GET"]}}],"collection":[{"href":"https:\/\/parisparis.movilizame.com.ar\/index.php?rest_route=\/wp\/v2\/product"}],"about":[{"href":"https:\/\/parisparis.movilizame.com.ar\/index.php?rest_route=\/wp\/v2\/types\/product"}],"replies":[{"embeddable":true,"href":"https:\/\/parisparis.movilizame.com.ar\/index.php?rest_route=%2Fwp%2Fv2%2Fcomments&post=7210"}],"wp:featuredmedia":[{"embeddable":true,"href":"https:\/\/parisparis.movilizame.com.ar\/index.php?rest_route=\/wp\/v2\/media\/7945"}],"wp:attachment":[{"href":"https:\/\/parisparis.movilizame.com.ar\/index.php?rest_route=%2Fwp%2Fv2%2Fmedia&parent=7210"}],"wp:term":[{"taxonomy":"product_brand","embeddable":true,"href":"https:\/\/parisparis.movilizame.com.ar\/index.php?rest_route=%2Fwp%2Fv2%2Fproduct_brand&post=7210"},{"taxonomy":"product_cat","embeddable":true,"href":"https:\/\/parisparis.movilizame.com.ar\/index.php?rest_route=%2Fwp%2Fv2%2Fproduct_cat&post=7210"},{"taxonomy":"product_tag","embeddable":true,"href":"https:\/\/parisparis.movilizame.com.ar\/index.php?rest_route=%2Fwp%2Fv2%2Fproduct_tag&post=7210"}],"curies":[{"name":"wp","href":"https:\/\/api.w.org\/{rel}","templated":true}]}}