{"id":7209,"date":"2023-09-21T15:46:05","date_gmt":"2023-09-21T18:46:05","guid":{"rendered":"http:\/\/wp-paris-paris.test\/?product=dorothy-gray-gel-de-limpieza-hyaluronic"},"modified":"2025-12-04T12:21:03","modified_gmt":"2025-12-04T15:21:03","slug":"dorothy-gray-gel-de-limpieza-hyaluronic","status":"publish","type":"product","link":"https:\/\/parisparis.movilizame.com.ar\/?product=dorothy-gray-gel-de-limpieza-hyaluronic","title":{"rendered":"DOROTHY GRAY- HYALURONIC GEL DE LIMPIEZA 200 GR"},"content":{"rendered":"<p>Gel de limpieza con acido Hialuronico y agentes oleo reguladores , libre de parabenos.<\/p>\n<p>Recomendada para todo tipo de piel, especialmente para pieles sensibles y con primeros signos de la edad .<\/p>\n<p>Tratamiento Anti Age ideal para pieles +35 a\u00f1os.<br \/>\nHIPOALERGENICO.<br \/>\nSIN SULFATOS.<\/p>\n<p>COMPONENTES:<br \/>\n&#8211;\u00c1CIDO HIALUR\u00d3NICO: Act\u00faa en las capas m\u00e1s profundas de la piel para estimular la s\u00edntesis natural de Col\u00e1geno, restaurando el volumen de la piel y rellenando el tejido debilitado debajo de las arrugas. Su acci\u00f3n previene el envejecimiento prematuro cut\u00e1neo.<br \/>\n&#8211;AGENTES OLEO-REGULADORES: Purifican y limpian la piel profundamente, regulando los excedentes de oleosidad. Estimulan la circulaci\u00f3n reafirmando la piel mientras restablecen sus niveles naturales de humedad.<br \/>\nTEXTURA : Gel.<\/p>\n<p>Uso diario, utilizar por las ma\u00f1anas y por las noches.<\/p>\n<p>&nbsp;<\/p>\n","protected":false},"excerpt":{"rendered":"<p>Gel de limpieza con acido Hialuronico y agentes oleo reguladores , libre de parabenos. Recomendada para todo tipo de piel,&#8230;<\/p>\n","protected":false},"featured_media":7944,"comment_status":"open","ping_status":"closed","template":"","meta":[],"product_brand":[1433],"product_cat":[],"product_tag":[],"class_list":{"0":"post-7209","1":"product","2":"type-product","3":"status-publish","4":"has-post-thumbnail","6":"product_brand-dorothy-gray","8":"first","9":"instock","10":"shipping-taxable","11":"purchasable","12":"product-type-simple"},"_links":{"self":[{"href":"https:\/\/parisparis.movilizame.com.ar\/index.php?rest_route=\/wp\/v2\/product\/7209","targetHints":{"allow":["GET"]}}],"collection":[{"href":"https:\/\/parisparis.movilizame.com.ar\/index.php?rest_route=\/wp\/v2\/product"}],"about":[{"href":"https:\/\/parisparis.movilizame.com.ar\/index.php?rest_route=\/wp\/v2\/types\/product"}],"replies":[{"embeddable":true,"href":"https:\/\/parisparis.movilizame.com.ar\/index.php?rest_route=%2Fwp%2Fv2%2Fcomments&post=7209"}],"wp:featuredmedia":[{"embeddable":true,"href":"https:\/\/parisparis.movilizame.com.ar\/index.php?rest_route=\/wp\/v2\/media\/7944"}],"wp:attachment":[{"href":"https:\/\/parisparis.movilizame.com.ar\/index.php?rest_route=%2Fwp%2Fv2%2Fmedia&parent=7209"}],"wp:term":[{"taxonomy":"product_brand","embeddable":true,"href":"https:\/\/parisparis.movilizame.com.ar\/index.php?rest_route=%2Fwp%2Fv2%2Fproduct_brand&post=7209"},{"taxonomy":"product_cat","embeddable":true,"href":"https:\/\/parisparis.movilizame.com.ar\/index.php?rest_route=%2Fwp%2Fv2%2Fproduct_cat&post=7209"},{"taxonomy":"product_tag","embeddable":true,"href":"https:\/\/parisparis.movilizame.com.ar\/index.php?rest_route=%2Fwp%2Fv2%2Fproduct_tag&post=7209"}],"curies":[{"name":"wp","href":"https:\/\/api.w.org\/{rel}","templated":true}]}}